{"id":93,"date":"2018-05-08T01:31:03","date_gmt":"2018-05-08T01:31:03","guid":{"rendered":"https:\/\/partnersinrehab.ca\/?page_id=93"},"modified":"2019-02-14T20:06:02","modified_gmt":"2019-02-15T01:06:02","slug":"pre-school-and-school-aged-therapy","status":"publish","type":"page","link":"https:\/\/www.partnersinrehab.ca\/fr\/pre-school-and-school-aged-therapy\/","title":{"rendered":"Th\u00e9rapie Pour Les Enfants D'\u00e2ge Pr\u00e9scolaire Et Scolaire"},"content":{"rendered":"<p><img loading=\"lazy\" decoding=\"async\" class=\"alignright wp-image-368 size-medium\" src=\"https:\/\/partnersinrehab.ca\/wp-content\/uploads\/2018\/06\/schooltherapy-vert-78076861-200x300.jpg\" alt=\"Pre-School and School-Aged Therapy services in thunder bay and district\" width=\"200\" height=\"300\" srcset=\"https:\/\/www.partnersinrehab.ca\/wp-content\/uploads\/2018\/06\/schooltherapy-vert-78076861-200x300.jpg 200w, https:\/\/www.partnersinrehab.ca\/wp-content\/uploads\/2018\/06\/schooltherapy-vert-78076861-100x150.jpg 100w, https:\/\/www.partnersinrehab.ca\/wp-content\/uploads\/2018\/06\/schooltherapy-vert-78076861.jpg 400w\" sizes=\"auto, (max-width: 200px) 100vw, 200px\" \/>Le programme p\u00e9diatrique de Partners in Rehab permet d'\u00e9valuer et d'intervenir aupr\u00e8s des enfants jusqu'\u00e0 16 ans qui pr\u00e9sentent des probl\u00e8mes physiques, de d\u00e9veloppement, de comportement, sociaux ou \u00e9ducatifs.<\/p>\n<p>Notre \u00e9quipe de th\u00e9rapeutes comprend:<\/p>\n<ul>\n<li>Orthophonistes<\/li>\n<li>Ergoth\u00e9rapeutes<\/li>\n<li>Physioth\u00e9rapeutes<\/li>\n<li>Enseignants certifi\u00e9s<\/li>\n<\/ul>\n<p>TH\u00c9RAPIE PR\u00c9SCOLAIRE : Nous offrons une th\u00e9rapie directe 1:1 pour les enfants qui ont besoin d'une th\u00e9rapie pour le d\u00e9veloppement de la parole et du langage, le d\u00e9veloppement de la motricit\u00e9 fine, la coordination physique et les programmes d'aptitudes sociales.<\/p>\n<p>LES SERVICES DE SANT\u00c9 SCOLAIRE : Nous avons une grande exp\u00e9rience de la th\u00e9rapie au sein du syst\u00e8me scolaire afin de promouvoir le fonctionnement de la classe dans les domaines de la parole et du langage, de la motricit\u00e9 fine, de l'\u00e9criture, de la motricit\u00e9 globale, de la coordination et du d\u00e9veloppement sensoriel. Notre objectif est de promouvoir le d\u00e9veloppement des comp\u00e9tences en utilisant des programmes de th\u00e9rapie bas\u00e9s sur la force.<\/p>\n<p>TH\u00c9RAPIE DE L'AUTISME : Nous sommes qualifi\u00e9s pour fournir une th\u00e9rapie individuelle aux enfants autistes. En utilisant la th\u00e9rapie sensorielle, nous sommes en mesure de promouvoir le fonctionnement des aptitudes \u00e0 la vie quotidienne. Nous travaillerons avec votre enfant dans notre clinique, \u00e0 son domicile et \u00e0 l'\u00e9cole. Nous disposons d'une salle sensorielle dans notre clinique pour la th\u00e9rapie de traitement sensoriel.<\/p>\n<p>L'ENSEIGNEMENT \/ LE TUTORAT : Nous disposons d'enseignants professionnels qui proposent des cours de pr\u00e9paration \u00e0 l'\u00e9cole et d'acquisition de comp\u00e9tences fondamentales en lecture, en \u00e9criture et en math\u00e9matiques.<\/p>\n<p>DES PROGRAMMES PENDANT QUE VOUS ATTENDEZ : Les \u00e9l\u00e8ves peuvent attendre longtemps avant d'avoir acc\u00e8s \u00e0 une th\u00e9rapie. Nous proposons une intervention priv\u00e9e rentable ax\u00e9e sur les besoins de votre enfant afin de promouvoir le d\u00e9veloppement des comp\u00e9tences pendant qu'il attend les services financ\u00e9s par le gouvernement.<\/p>\n<blockquote><p>Partners In Rehab propose des programmes innovants et rentables pour r\u00e9pondre aux besoins de votre enfant. Nous travaillerons avec vous pour veiller \u00e0 ce que votre enfant re\u00e7oive des services que vous pouvez vous offrir. Nous travaillons avec des compagnies d'assurance tierces pour acc\u00e9der du financement pour les services.<\/p><\/blockquote>","protected":false},"excerpt":{"rendered":"<p>The Paediatric Program through Partners in Rehab provides assessment and intervention for children up to 16 years of age with physical, developmental, behavioural, social or educational issues. Our team of therapists include: Speech Language Pathologists Occupational Therapists Physiotherapists Certified Teachers PRESCHOOL THERAPY: We offer direct 1:1 therapy for children who require therapy for speech and language development, fine motor development, &#8230; <a href=\"https:\/\/www.partnersinrehab.ca\/fr\/pre-school-and-school-aged-therapy\/\" class=\"more-link\">Read More<\/a><\/p>","protected":false},"author":1,"featured_media":367,"parent":0,"menu_order":0,"comment_status":"closed","ping_status":"closed","template":"template-layout-full-width.php","meta":{"footnotes":""},"class_list":["post-93","page","type-page","status-publish","has-post-thumbnail","hentry"],"yoast_head":"<!-- This site is optimized with the Yoast SEO plugin v27.5 - https:\/\/yoast.com\/product\/yoast-seo-wordpress\/ -->\n<title>Pre-School and School-Aged Therapy - Partners In Rehab<\/title>\n<meta name=\"description\" content=\"Partners In Rehab offers innovative Pre-School and School-Aged Therapy for children up to 16 yrs old, using PT, OT, SLP and more; Thunder Bay and District.\" \/>\n<meta name=\"robots\" content=\"index, follow, max-snippet:-1, max-image-preview:large, max-video-preview:-1\" \/>\n<link rel=\"canonical\" href=\"https:\/\/www.partnersinrehab.ca\/fr\/pre-school-and-school-aged-therapy\/\" \/>\n<meta property=\"og:locale\" content=\"fr_CA\" \/>\n<meta property=\"og:type\" content=\"article\" \/>\n<meta property=\"og:title\" content=\"Pre-School and School-Aged Therapy - Partners In Rehab\" \/>\n<meta property=\"og:description\" content=\"Partners In Rehab offers innovative Pre-School and School-Aged Therapy for children up to 16 yrs old, using PT, OT, SLP and more; Thunder Bay and District.\" \/>\n<meta property=\"og:url\" content=\"https:\/\/www.partnersinrehab.ca\/fr\/pre-school-and-school-aged-therapy\/\" \/>\n<meta property=\"og:site_name\" content=\"Partners In Rehab\" \/>\n<meta property=\"article:publisher\" content=\"https:\/\/www.facebook.com\/partnersinrehab\/\" \/>\n<meta property=\"article:modified_time\" content=\"2019-02-15T01:06:02+00:00\" \/>\n<meta property=\"og:image\" content=\"https:\/\/www.partnersinrehab.ca\/wp-content\/uploads\/2018\/06\/paediatric-19612501.jpg\" \/>\n\t<meta property=\"og:image:width\" content=\"1800\" \/>\n\t<meta property=\"og:image:height\" content=\"800\" \/>\n\t<meta property=\"og:image:type\" content=\"image\/jpeg\" \/>\n<meta name=\"twitter:card\" content=\"summary_large_image\" \/>\n<meta name=\"twitter:label1\" content=\"Estimation du temps de lecture\" \/>\n\t<meta name=\"twitter:data1\" content=\"1 minute\" \/>\n<script type=\"application\/ld+json\" class=\"yoast-schema-graph\">{\"@context\":\"https:\\\/\\\/schema.org\",\"@graph\":[{\"@type\":\"WebPage\",\"@id\":\"https:\\\/\\\/www.partnersinrehab.ca\\\/pre-school-and-school-aged-therapy\\\/\",\"url\":\"https:\\\/\\\/www.partnersinrehab.ca\\\/pre-school-and-school-aged-therapy\\\/\",\"name\":\"Pre-School and School-Aged Therapy - Partners In Rehab\",\"isPartOf\":{\"@id\":\"https:\\\/\\\/www.partnersinrehab.ca\\\/#website\"},\"primaryImageOfPage\":{\"@id\":\"https:\\\/\\\/www.partnersinrehab.ca\\\/pre-school-and-school-aged-therapy\\\/#primaryimage\"},\"image\":{\"@id\":\"https:\\\/\\\/www.partnersinrehab.ca\\\/pre-school-and-school-aged-therapy\\\/#primaryimage\"},\"thumbnailUrl\":\"https:\\\/\\\/www.partnersinrehab.ca\\\/wp-content\\\/uploads\\\/2018\\\/06\\\/paediatric-19612501.jpg\",\"datePublished\":\"2018-05-08T01:31:03+00:00\",\"dateModified\":\"2019-02-15T01:06:02+00:00\",\"description\":\"Partners In Rehab offers innovative Pre-School and School-Aged Therapy for children up to 16 yrs old, using PT, OT, SLP and more; Thunder Bay and District.\",\"breadcrumb\":{\"@id\":\"https:\\\/\\\/www.partnersinrehab.ca\\\/pre-school-and-school-aged-therapy\\\/#breadcrumb\"},\"inLanguage\":\"fr-CA\",\"potentialAction\":[{\"@type\":\"ReadAction\",\"target\":[\"https:\\\/\\\/www.partnersinrehab.ca\\\/pre-school-and-school-aged-therapy\\\/\"]}]},{\"@type\":\"ImageObject\",\"inLanguage\":\"fr-CA\",\"@id\":\"https:\\\/\\\/www.partnersinrehab.ca\\\/pre-school-and-school-aged-therapy\\\/#primaryimage\",\"url\":\"https:\\\/\\\/www.partnersinrehab.ca\\\/wp-content\\\/uploads\\\/2018\\\/06\\\/paediatric-19612501.jpg\",\"contentUrl\":\"https:\\\/\\\/www.partnersinrehab.ca\\\/wp-content\\\/uploads\\\/2018\\\/06\\\/paediatric-19612501.jpg\",\"width\":1800,\"height\":800,\"caption\":\"paediatric therapy services in thunder bay and district\"},{\"@type\":\"BreadcrumbList\",\"@id\":\"https:\\\/\\\/www.partnersinrehab.ca\\\/pre-school-and-school-aged-therapy\\\/#breadcrumb\",\"itemListElement\":[{\"@type\":\"ListItem\",\"position\":1,\"name\":\"Home\",\"item\":\"https:\\\/\\\/www.partnersinrehab.ca\\\/\"},{\"@type\":\"ListItem\",\"position\":2,\"name\":\"Pre-School and School-Aged Therapy\"}]},{\"@type\":\"WebSite\",\"@id\":\"https:\\\/\\\/www.partnersinrehab.ca\\\/#website\",\"url\":\"https:\\\/\\\/www.partnersinrehab.ca\\\/\",\"name\":\"Partners In Rehab\",\"description\":\"Community Therapy Services\",\"potentialAction\":[{\"@type\":\"SearchAction\",\"target\":{\"@type\":\"EntryPoint\",\"urlTemplate\":\"https:\\\/\\\/www.partnersinrehab.ca\\\/?s={search_term_string}\"},\"query-input\":{\"@type\":\"PropertyValueSpecification\",\"valueRequired\":true,\"valueName\":\"search_term_string\"}}],\"inLanguage\":\"fr-CA\"}]}<\/script>\n<!-- \/ Yoast SEO plugin. -->","yoast_head_json":{"title":"Pre-School and School-Aged Therapy - Partners In Rehab","description":"Partners In Rehab offers innovative Pre-School and School-Aged Therapy for children up to 16 yrs old, using PT, OT, SLP and more; Thunder Bay and District.","robots":{"index":"index","follow":"follow","max-snippet":"max-snippet:-1","max-image-preview":"max-image-preview:large","max-video-preview":"max-video-preview:-1"},"canonical":"https:\/\/www.partnersinrehab.ca\/fr\/pre-school-and-school-aged-therapy\/","og_locale":"fr_CA","og_type":"article","og_title":"Pre-School and School-Aged Therapy - Partners In Rehab","og_description":"Partners In Rehab offers innovative Pre-School and School-Aged Therapy for children up to 16 yrs old, using PT, OT, SLP and more; Thunder Bay and District.","og_url":"https:\/\/www.partnersinrehab.ca\/fr\/pre-school-and-school-aged-therapy\/","og_site_name":"Partners In Rehab","article_publisher":"https:\/\/www.facebook.com\/partnersinrehab\/","article_modified_time":"2019-02-15T01:06:02+00:00","og_image":[{"width":1800,"height":800,"url":"https:\/\/www.partnersinrehab.ca\/wp-content\/uploads\/2018\/06\/paediatric-19612501.jpg","type":"image\/jpeg"}],"twitter_card":"summary_large_image","twitter_misc":{"Estimation du temps de lecture":"1 minute"},"schema":{"@context":"https:\/\/schema.org","@graph":[{"@type":"WebPage","@id":"https:\/\/www.partnersinrehab.ca\/pre-school-and-school-aged-therapy\/","url":"https:\/\/www.partnersinrehab.ca\/pre-school-and-school-aged-therapy\/","name":"Pre-School and School-Aged Therapy - Partners In Rehab","isPartOf":{"@id":"https:\/\/www.partnersinrehab.ca\/#website"},"primaryImageOfPage":{"@id":"https:\/\/www.partnersinrehab.ca\/pre-school-and-school-aged-therapy\/#primaryimage"},"image":{"@id":"https:\/\/www.partnersinrehab.ca\/pre-school-and-school-aged-therapy\/#primaryimage"},"thumbnailUrl":"https:\/\/www.partnersinrehab.ca\/wp-content\/uploads\/2018\/06\/paediatric-19612501.jpg","datePublished":"2018-05-08T01:31:03+00:00","dateModified":"2019-02-15T01:06:02+00:00","description":"Partners In Rehab offers innovative Pre-School and School-Aged Therapy for children up to 16 yrs old, using PT, OT, SLP and more; Thunder Bay and District.","breadcrumb":{"@id":"https:\/\/www.partnersinrehab.ca\/pre-school-and-school-aged-therapy\/#breadcrumb"},"inLanguage":"fr-CA","potentialAction":[{"@type":"ReadAction","target":["https:\/\/www.partnersinrehab.ca\/pre-school-and-school-aged-therapy\/"]}]},{"@type":"ImageObject","inLanguage":"fr-CA","@id":"https:\/\/www.partnersinrehab.ca\/pre-school-and-school-aged-therapy\/#primaryimage","url":"https:\/\/www.partnersinrehab.ca\/wp-content\/uploads\/2018\/06\/paediatric-19612501.jpg","contentUrl":"https:\/\/www.partnersinrehab.ca\/wp-content\/uploads\/2018\/06\/paediatric-19612501.jpg","width":1800,"height":800,"caption":"paediatric therapy services in thunder bay and district"},{"@type":"BreadcrumbList","@id":"https:\/\/www.partnersinrehab.ca\/pre-school-and-school-aged-therapy\/#breadcrumb","itemListElement":[{"@type":"ListItem","position":1,"name":"Home","item":"https:\/\/www.partnersinrehab.ca\/"},{"@type":"ListItem","position":2,"name":"Pre-School and School-Aged Therapy"}]},{"@type":"WebSite","@id":"https:\/\/www.partnersinrehab.ca\/#website","url":"https:\/\/www.partnersinrehab.ca\/","name":"Partners In Rehab","description":"Community Therapy Services","potentialAction":[{"@type":"SearchAction","target":{"@type":"EntryPoint","urlTemplate":"https:\/\/www.partnersinrehab.ca\/?s={search_term_string}"},"query-input":{"@type":"PropertyValueSpecification","valueRequired":true,"valueName":"search_term_string"}}],"inLanguage":"fr-CA"}]}},"_links":{"self":[{"href":"https:\/\/www.partnersinrehab.ca\/fr\/wp-json\/wp\/v2\/pages\/93","targetHints":{"allow":["GET"]}}],"collection":[{"href":"https:\/\/www.partnersinrehab.ca\/fr\/wp-json\/wp\/v2\/pages"}],"about":[{"href":"https:\/\/www.partnersinrehab.ca\/fr\/wp-json\/wp\/v2\/types\/page"}],"author":[{"embeddable":true,"href":"https:\/\/www.partnersinrehab.ca\/fr\/wp-json\/wp\/v2\/users\/1"}],"replies":[{"embeddable":true,"href":"https:\/\/www.partnersinrehab.ca\/fr\/wp-json\/wp\/v2\/comments?post=93"}],"version-history":[{"count":7,"href":"https:\/\/www.partnersinrehab.ca\/fr\/wp-json\/wp\/v2\/pages\/93\/revisions"}],"predecessor-version":[{"id":547,"href":"https:\/\/www.partnersinrehab.ca\/fr\/wp-json\/wp\/v2\/pages\/93\/revisions\/547"}],"wp:featuredmedia":[{"embeddable":true,"href":"https:\/\/www.partnersinrehab.ca\/fr\/wp-json\/wp\/v2\/media\/367"}],"wp:attachment":[{"href":"https:\/\/www.partnersinrehab.ca\/fr\/wp-json\/wp\/v2\/media?parent=93"}],"curies":[{"name":"wp","href":"https:\/\/api.w.org\/{rel}","templated":true}]}}