{"id":91,"date":"2018-05-08T01:28:04","date_gmt":"2018-05-08T01:28:04","guid":{"rendered":"https:\/\/partnersinrehab.ca\/?page_id=91"},"modified":"2019-02-14T22:14:47","modified_gmt":"2019-02-15T03:14:47","slug":"adult-home-care-program","status":"publish","type":"page","link":"https:\/\/www.partnersinrehab.ca\/fr\/adult-home-care-program\/","title":{"rendered":"Adult Home Care Program"},"content":{"rendered":"<p><img loading=\"lazy\" decoding=\"async\" class=\"alignright wp-image-384 size-medium\" src=\"https:\/\/partnersinrehab.ca\/wp-content\/uploads\/2018\/06\/homecare-vert-68693108-200x300.jpg\" alt=\"adult home care therapy services\" width=\"200\" height=\"300\" srcset=\"https:\/\/www.partnersinrehab.ca\/wp-content\/uploads\/2018\/06\/homecare-vert-68693108-200x300.jpg 200w, https:\/\/www.partnersinrehab.ca\/wp-content\/uploads\/2018\/06\/homecare-vert-68693108-100x150.jpg 100w, https:\/\/www.partnersinrehab.ca\/wp-content\/uploads\/2018\/06\/homecare-vert-68693108.jpg 400w\" sizes=\"auto, (max-width: 200px) 100vw, 200px\" \/>Les programmes de soins \u00e0 domicile de PARTNERS IN REHAB sont con\u00e7us pour r\u00e9pondre aux besoins des personnes qui ne peuvent pas quitter leur domicile pour acc\u00e9der \u00e0 des services de sant\u00e9, d'\u00e9valuation, de th\u00e9rapie ou de soutien dans la communaut\u00e9, que ce soit en raison d'une maladie ou d'un handicap temporaire ou de probl\u00e8mes de sant\u00e9 chroniques. Nous reconnaissons la n\u00e9cessit\u00e9 de services accessibles et nous nous effor\u00e7ons de r\u00e9pondre aux besoins des clients dans leur environnement de vie.<\/p>\n<p>NOUS OFFRONS DES SERVICES DE TH\u00c9RAPIE \u00c0 VOTRE DOMICILE :<\/p>\n<ul>\n<li><a href=\"https:\/\/www.partnersinrehab.ca\/fr\/occupational-therapy-services\/\">Services D'ergoth\u00e9rapie<\/a><\/li>\n<li><a href=\"https:\/\/www.partnersinrehab.ca\/fr\/physiotherapy-services\/\">Services De Physioth\u00e9rapie<\/a><\/li>\n<li><a href=\"https:\/\/www.partnersinrehab.ca\/fr\/speech-language-pathology\/\">Orthophonie<\/a><\/li>\n<\/ul>","protected":false},"excerpt":{"rendered":"<p>The Home Care Programs through PARTNERS IN REHAB are designed to meet the needs of individuals who are unable to leave their homes to access health \/ assessment \/ therapy \/ support services in the community, either due to temporary illness\/disability or chronic health issues.\u00a0 We recognize the need for accessible services, and work to ensure that the needs of &#8230; <a href=\"https:\/\/www.partnersinrehab.ca\/fr\/adult-home-care-program\/\" class=\"more-link\">Read More<\/a><\/p>","protected":false},"author":1,"featured_media":310,"parent":0,"menu_order":0,"comment_status":"closed","ping_status":"closed","template":"template-layout-full-width.php","meta":{"footnotes":""},"class_list":["post-91","page","type-page","status-publish","has-post-thumbnail","hentry"],"yoast_head":"<!-- This site is optimized with the Yoast SEO plugin v27.3 - https:\/\/yoast.com\/product\/yoast-seo-wordpress\/ -->\n<title>Adult Home Care Program - Partners In Rehab<\/title>\n<meta name=\"description\" content=\"The professional staff at Partners In Rehab offer customized Adult Home Care, in-home OT, PT, and Speech Therapy services in Thunder Bay and District.\" \/>\n<meta name=\"robots\" content=\"index, follow, max-snippet:-1, max-image-preview:large, max-video-preview:-1\" \/>\n<link rel=\"canonical\" href=\"https:\/\/www.partnersinrehab.ca\/fr\/adult-home-care-program\/\" \/>\n<meta property=\"og:locale\" content=\"fr_CA\" \/>\n<meta property=\"og:type\" content=\"article\" \/>\n<meta property=\"og:title\" content=\"Adult Home Care Program - Partners In Rehab\" \/>\n<meta property=\"og:description\" content=\"The professional staff at Partners In Rehab offer customized Adult Home Care, in-home OT, PT, and Speech Therapy services in Thunder Bay and District.\" \/>\n<meta property=\"og:url\" content=\"https:\/\/www.partnersinrehab.ca\/fr\/adult-home-care-program\/\" \/>\n<meta property=\"og:site_name\" content=\"Partners In Rehab\" \/>\n<meta property=\"article:publisher\" content=\"https:\/\/www.facebook.com\/partnersinrehab\/\" \/>\n<meta property=\"article:modified_time\" content=\"2019-02-15T03:14:47+00:00\" \/>\n<meta property=\"og:image\" content=\"https:\/\/www.partnersinrehab.ca\/wp-content\/uploads\/2018\/05\/HOMECARE-PHYSIOTHERAPY-dreamstime_m_35525357.jpg\" \/>\n\t<meta property=\"og:image:width\" content=\"1800\" \/>\n\t<meta property=\"og:image:height\" content=\"800\" \/>\n\t<meta property=\"og:image:type\" content=\"image\/jpeg\" \/>\n<meta name=\"twitter:card\" content=\"summary_large_image\" \/>\n<script type=\"application\/ld+json\" class=\"yoast-schema-graph\">{\"@context\":\"https:\\\/\\\/schema.org\",\"@graph\":[{\"@type\":\"WebPage\",\"@id\":\"https:\\\/\\\/www.partnersinrehab.ca\\\/adult-home-care-program\\\/\",\"url\":\"https:\\\/\\\/www.partnersinrehab.ca\\\/adult-home-care-program\\\/\",\"name\":\"Adult Home Care Program - Partners In Rehab\",\"isPartOf\":{\"@id\":\"https:\\\/\\\/www.partnersinrehab.ca\\\/#website\"},\"primaryImageOfPage\":{\"@id\":\"https:\\\/\\\/www.partnersinrehab.ca\\\/adult-home-care-program\\\/#primaryimage\"},\"image\":{\"@id\":\"https:\\\/\\\/www.partnersinrehab.ca\\\/adult-home-care-program\\\/#primaryimage\"},\"thumbnailUrl\":\"https:\\\/\\\/www.partnersinrehab.ca\\\/wp-content\\\/uploads\\\/2018\\\/05\\\/HOMECARE-PHYSIOTHERAPY-dreamstime_m_35525357.jpg\",\"datePublished\":\"2018-05-08T01:28:04+00:00\",\"dateModified\":\"2019-02-15T03:14:47+00:00\",\"description\":\"The professional staff at Partners In Rehab offer customized Adult Home Care, in-home OT, PT, and Speech Therapy services in Thunder Bay and District.\",\"breadcrumb\":{\"@id\":\"https:\\\/\\\/www.partnersinrehab.ca\\\/adult-home-care-program\\\/#breadcrumb\"},\"inLanguage\":\"fr-CA\",\"potentialAction\":[{\"@type\":\"ReadAction\",\"target\":[\"https:\\\/\\\/www.partnersinrehab.ca\\\/adult-home-care-program\\\/\"]}]},{\"@type\":\"ImageObject\",\"inLanguage\":\"fr-CA\",\"@id\":\"https:\\\/\\\/www.partnersinrehab.ca\\\/adult-home-care-program\\\/#primaryimage\",\"url\":\"https:\\\/\\\/www.partnersinrehab.ca\\\/wp-content\\\/uploads\\\/2018\\\/05\\\/HOMECARE-PHYSIOTHERAPY-dreamstime_m_35525357.jpg\",\"contentUrl\":\"https:\\\/\\\/www.partnersinrehab.ca\\\/wp-content\\\/uploads\\\/2018\\\/05\\\/HOMECARE-PHYSIOTHERAPY-dreamstime_m_35525357.jpg\",\"width\":1800,\"height\":800,\"caption\":\"adult HOME CARE PHYSIOTHERAPY services in thunder bay and district\"},{\"@type\":\"BreadcrumbList\",\"@id\":\"https:\\\/\\\/www.partnersinrehab.ca\\\/adult-home-care-program\\\/#breadcrumb\",\"itemListElement\":[{\"@type\":\"ListItem\",\"position\":1,\"name\":\"Home\",\"item\":\"https:\\\/\\\/www.partnersinrehab.ca\\\/\"},{\"@type\":\"ListItem\",\"position\":2,\"name\":\"Adult Home Care Program\"}]},{\"@type\":\"WebSite\",\"@id\":\"https:\\\/\\\/www.partnersinrehab.ca\\\/#website\",\"url\":\"https:\\\/\\\/www.partnersinrehab.ca\\\/\",\"name\":\"Partners In Rehab\",\"description\":\"Community Therapy Services\",\"potentialAction\":[{\"@type\":\"SearchAction\",\"target\":{\"@type\":\"EntryPoint\",\"urlTemplate\":\"https:\\\/\\\/www.partnersinrehab.ca\\\/?s={search_term_string}\"},\"query-input\":{\"@type\":\"PropertyValueSpecification\",\"valueRequired\":true,\"valueName\":\"search_term_string\"}}],\"inLanguage\":\"fr-CA\"}]}<\/script>\n<!-- \/ Yoast SEO plugin. -->","yoast_head_json":{"title":"Adult Home Care Program - Partners In Rehab","description":"The professional staff at Partners In Rehab offer customized Adult Home Care, in-home OT, PT, and Speech Therapy services in Thunder Bay and District.","robots":{"index":"index","follow":"follow","max-snippet":"max-snippet:-1","max-image-preview":"max-image-preview:large","max-video-preview":"max-video-preview:-1"},"canonical":"https:\/\/www.partnersinrehab.ca\/fr\/adult-home-care-program\/","og_locale":"fr_CA","og_type":"article","og_title":"Adult Home Care Program - Partners In Rehab","og_description":"The professional staff at Partners In Rehab offer customized Adult Home Care, in-home OT, PT, and Speech Therapy services in Thunder Bay and District.","og_url":"https:\/\/www.partnersinrehab.ca\/fr\/adult-home-care-program\/","og_site_name":"Partners In Rehab","article_publisher":"https:\/\/www.facebook.com\/partnersinrehab\/","article_modified_time":"2019-02-15T03:14:47+00:00","og_image":[{"width":1800,"height":800,"url":"https:\/\/www.partnersinrehab.ca\/wp-content\/uploads\/2018\/05\/HOMECARE-PHYSIOTHERAPY-dreamstime_m_35525357.jpg","type":"image\/jpeg"}],"twitter_card":"summary_large_image","schema":{"@context":"https:\/\/schema.org","@graph":[{"@type":"WebPage","@id":"https:\/\/www.partnersinrehab.ca\/adult-home-care-program\/","url":"https:\/\/www.partnersinrehab.ca\/adult-home-care-program\/","name":"Adult Home Care Program - Partners In Rehab","isPartOf":{"@id":"https:\/\/www.partnersinrehab.ca\/#website"},"primaryImageOfPage":{"@id":"https:\/\/www.partnersinrehab.ca\/adult-home-care-program\/#primaryimage"},"image":{"@id":"https:\/\/www.partnersinrehab.ca\/adult-home-care-program\/#primaryimage"},"thumbnailUrl":"https:\/\/www.partnersinrehab.ca\/wp-content\/uploads\/2018\/05\/HOMECARE-PHYSIOTHERAPY-dreamstime_m_35525357.jpg","datePublished":"2018-05-08T01:28:04+00:00","dateModified":"2019-02-15T03:14:47+00:00","description":"The professional staff at Partners In Rehab offer customized Adult Home Care, in-home OT, PT, and Speech Therapy services in Thunder Bay and District.","breadcrumb":{"@id":"https:\/\/www.partnersinrehab.ca\/adult-home-care-program\/#breadcrumb"},"inLanguage":"fr-CA","potentialAction":[{"@type":"ReadAction","target":["https:\/\/www.partnersinrehab.ca\/adult-home-care-program\/"]}]},{"@type":"ImageObject","inLanguage":"fr-CA","@id":"https:\/\/www.partnersinrehab.ca\/adult-home-care-program\/#primaryimage","url":"https:\/\/www.partnersinrehab.ca\/wp-content\/uploads\/2018\/05\/HOMECARE-PHYSIOTHERAPY-dreamstime_m_35525357.jpg","contentUrl":"https:\/\/www.partnersinrehab.ca\/wp-content\/uploads\/2018\/05\/HOMECARE-PHYSIOTHERAPY-dreamstime_m_35525357.jpg","width":1800,"height":800,"caption":"adult HOME CARE PHYSIOTHERAPY services in thunder bay and district"},{"@type":"BreadcrumbList","@id":"https:\/\/www.partnersinrehab.ca\/adult-home-care-program\/#breadcrumb","itemListElement":[{"@type":"ListItem","position":1,"name":"Home","item":"https:\/\/www.partnersinrehab.ca\/"},{"@type":"ListItem","position":2,"name":"Adult Home Care Program"}]},{"@type":"WebSite","@id":"https:\/\/www.partnersinrehab.ca\/#website","url":"https:\/\/www.partnersinrehab.ca\/","name":"Partners In Rehab","description":"Community Therapy Services","potentialAction":[{"@type":"SearchAction","target":{"@type":"EntryPoint","urlTemplate":"https:\/\/www.partnersinrehab.ca\/?s={search_term_string}"},"query-input":{"@type":"PropertyValueSpecification","valueRequired":true,"valueName":"search_term_string"}}],"inLanguage":"fr-CA"}]}},"_links":{"self":[{"href":"https:\/\/www.partnersinrehab.ca\/fr\/wp-json\/wp\/v2\/pages\/91","targetHints":{"allow":["GET"]}}],"collection":[{"href":"https:\/\/www.partnersinrehab.ca\/fr\/wp-json\/wp\/v2\/pages"}],"about":[{"href":"https:\/\/www.partnersinrehab.ca\/fr\/wp-json\/wp\/v2\/types\/page"}],"author":[{"embeddable":true,"href":"https:\/\/www.partnersinrehab.ca\/fr\/wp-json\/wp\/v2\/users\/1"}],"replies":[{"embeddable":true,"href":"https:\/\/www.partnersinrehab.ca\/fr\/wp-json\/wp\/v2\/comments?post=91"}],"version-history":[{"count":4,"href":"https:\/\/www.partnersinrehab.ca\/fr\/wp-json\/wp\/v2\/pages\/91\/revisions"}],"predecessor-version":[{"id":523,"href":"https:\/\/www.partnersinrehab.ca\/fr\/wp-json\/wp\/v2\/pages\/91\/revisions\/523"}],"wp:featuredmedia":[{"embeddable":true,"href":"https:\/\/www.partnersinrehab.ca\/fr\/wp-json\/wp\/v2\/media\/310"}],"wp:attachment":[{"href":"https:\/\/www.partnersinrehab.ca\/fr\/wp-json\/wp\/v2\/media?parent=91"}],"curies":[{"name":"wp","href":"https:\/\/api.w.org\/{rel}","templated":true}]}}