{"id":881,"date":"2024-01-17T22:44:23","date_gmt":"2024-01-18T03:44:23","guid":{"rendered":"https:\/\/www.partnersinrehab.ca\/?page_id=881"},"modified":"2024-01-21T14:58:13","modified_gmt":"2024-01-21T19:58:13","slug":"patient-bill-of-rights","status":"publish","type":"page","link":"https:\/\/www.partnersinrehab.ca\/fr\/patient-bill-of-rights\/","title":{"rendered":"Patient Bill of Rights"},"content":{"rendered":"<p>Nous, chez Partners In Rehab, nous engageons \u00e0 respecter les droits de nos patients. Notre charte des droits du patient est pr\u00e9sent\u00e9e ci-dessous :<\/p>\n<ul>\n<li>Nos patients et clients ont le droit d'\u00eatre trait\u00e9s par nos th\u00e9rapeutes et notre personnel de mani\u00e8re respectueuse et sans aucun type d'abus (physique, sexuel, mental, \u00e9motionnel, verbal et financier).<\/li>\n<li>Nos patients et clients ont le droit de recevoir une th\u00e9rapie dans le respect de leur dignit\u00e9 et de leur vie priv\u00e9e, ainsi que de leur autonomie et de leur participation \u00e0 la prise de d\u00e9cision concernant leurs soins.<\/li>\n<li>Nos patients et clients ont le droit de recevoir une th\u00e9rapie qui reconna\u00eet leur individualit\u00e9 et qui r\u00e9pond et tient compte de leurs besoins et pr\u00e9f\u00e9rences fond\u00e9s sur des facteurs ethniques, spirituels, linguistiques, familiaux et culturels.<\/li>\n<li>Nos patients et clients ont le droit de recevoir des services exempts de toute discrimination.<\/li>\n<li>Nos patients et clients ont le droit de recevoir des services dans des conditions culturelles s\u00e9curitaires.<\/li>\n<li>Nos patients et nos clients ont le droit de recevoir des informations claires et accessibles concernant les soins qui leur sont prodigu\u00e9s.<\/li>\n<li>Nos patients et clients ont le droit de participer \u00e0 l'\u00e9valuation de leurs besoins, \u00e0 l'\u00e9laboration de leurs plans de soins, \u00e0 la r\u00e9\u00e9valuation de leurs besoins et \u00e0 la r\u00e9vision de leurs plans de th\u00e9rapie.<\/li>\n<li>Nos patients et clients ont le droit de d\u00e9signer une personne qui sera pr\u00e9sente avec eux lors de leurs \u00e9valuations et qui les assistera dans le d\u00e9veloppement, l'\u00e9valuation et la r\u00e9vision de leur plan de th\u00e9rapie.<\/li>\n<li>Nos patients et clients qui re\u00e7oivent des soins de plus d'un th\u00e9rapeute ont le droit de recevoir une coordination des soins de la part de notre entreprise.<\/li>\n<li>Nos patients et clients ont le droit de donner ou de refuser le consentement \u00e0 la provision d'\u00e9valuations et de traitements th\u00e9rapeutiques. Ils ont \u00e9galement le droit de retirer leur consentement \u00e0 tout moment du processus de th\u00e9rapie.<\/li>\n<li>Nos patients et clients ont le droit de faire part de leurs pr\u00e9occupations ou de recommander des changements dans leur th\u00e9rapie sans crainte d'ing\u00e9rence, de coercition, de discrimination ou de repr\u00e9sailles.<\/li>\n<li>Nos patients et clients ont le droit d'\u00eatre inform\u00e9s des lois, r\u00e8gles et politiques qui affectent notre fonctionnement, y compris la Charte des droits du patient, et d'\u00eatre inform\u00e9s par \u00e9crit des proc\u00e9dures \u00e0 suivre pour d\u00e9poser une plainte contre le fournisseur.<\/li>\n<\/ul>","protected":false},"excerpt":{"rendered":"<p>We at Partners In Rehab are committed to respecting the rights of our patients. Our Patient Bill of Rights are outlined: Our patients and clients have the right to being treated by our therapists and staff in a respectful manner free from any type of abuse (physical, sexual, mental, emotional, verbal and financial). Our patients and clients have the right &#8230; <a href=\"https:\/\/www.partnersinrehab.ca\/fr\/patient-bill-of-rights\/\" class=\"more-link\">Read More<\/a><\/p>","protected":false},"author":3,"featured_media":0,"parent":0,"menu_order":0,"comment_status":"closed","ping_status":"closed","template":"","meta":{"footnotes":""},"class_list":["post-881","page","type-page","status-publish","hentry","no-post-thumbnail"],"yoast_head":"<!-- This site is optimized with the Yoast SEO plugin v27.3 - https:\/\/yoast.com\/product\/yoast-seo-wordpress\/ -->\n<title>Patient Bill of Rights - Partners In Rehab<\/title>\n<meta name=\"robots\" content=\"index, follow, max-snippet:-1, max-image-preview:large, max-video-preview:-1\" \/>\n<link rel=\"canonical\" href=\"https:\/\/www.partnersinrehab.ca\/fr\/patient-bill-of-rights\/\" \/>\n<meta property=\"og:locale\" content=\"fr_CA\" \/>\n<meta property=\"og:type\" content=\"article\" \/>\n<meta property=\"og:title\" content=\"Patient Bill of Rights - Partners In Rehab\" \/>\n<meta property=\"og:description\" content=\"We at Partners In Rehab are committed to respecting the rights of our patients. Our Patient Bill of Rights are outlined: Our patients and clients have the right to being treated by our therapists and staff in a respectful manner free from any type of abuse (physical, sexual, mental, emotional, verbal and financial). Our patients and clients have the right ... Read More\" \/>\n<meta property=\"og:url\" content=\"https:\/\/www.partnersinrehab.ca\/fr\/patient-bill-of-rights\/\" \/>\n<meta property=\"og:site_name\" content=\"Partners In Rehab\" \/>\n<meta property=\"article:publisher\" content=\"https:\/\/www.facebook.com\/partnersinrehab\/\" \/>\n<meta property=\"article:modified_time\" content=\"2024-01-21T19:58:13+00:00\" \/>\n<meta name=\"twitter:card\" content=\"summary_large_image\" \/>\n<meta name=\"twitter:label1\" content=\"Estimation du temps de lecture\" \/>\n\t<meta name=\"twitter:data1\" content=\"2 minutes\" \/>\n<script type=\"application\/ld+json\" class=\"yoast-schema-graph\">{\"@context\":\"https:\\\/\\\/schema.org\",\"@graph\":[{\"@type\":\"WebPage\",\"@id\":\"https:\\\/\\\/www.partnersinrehab.ca\\\/patient-bill-of-rights\\\/\",\"url\":\"https:\\\/\\\/www.partnersinrehab.ca\\\/patient-bill-of-rights\\\/\",\"name\":\"Patient Bill of Rights - Partners In Rehab\",\"isPartOf\":{\"@id\":\"https:\\\/\\\/www.partnersinrehab.ca\\\/#website\"},\"datePublished\":\"2024-01-18T03:44:23+00:00\",\"dateModified\":\"2024-01-21T19:58:13+00:00\",\"breadcrumb\":{\"@id\":\"https:\\\/\\\/www.partnersinrehab.ca\\\/patient-bill-of-rights\\\/#breadcrumb\"},\"inLanguage\":\"fr-CA\",\"potentialAction\":[{\"@type\":\"ReadAction\",\"target\":[\"https:\\\/\\\/www.partnersinrehab.ca\\\/patient-bill-of-rights\\\/\"]}]},{\"@type\":\"BreadcrumbList\",\"@id\":\"https:\\\/\\\/www.partnersinrehab.ca\\\/patient-bill-of-rights\\\/#breadcrumb\",\"itemListElement\":[{\"@type\":\"ListItem\",\"position\":1,\"name\":\"Home\",\"item\":\"https:\\\/\\\/www.partnersinrehab.ca\\\/\"},{\"@type\":\"ListItem\",\"position\":2,\"name\":\"Patient Bill of Rights\"}]},{\"@type\":\"WebSite\",\"@id\":\"https:\\\/\\\/www.partnersinrehab.ca\\\/#website\",\"url\":\"https:\\\/\\\/www.partnersinrehab.ca\\\/\",\"name\":\"Partners In Rehab\",\"description\":\"Community Therapy Services\",\"potentialAction\":[{\"@type\":\"SearchAction\",\"target\":{\"@type\":\"EntryPoint\",\"urlTemplate\":\"https:\\\/\\\/www.partnersinrehab.ca\\\/?s={search_term_string}\"},\"query-input\":{\"@type\":\"PropertyValueSpecification\",\"valueRequired\":true,\"valueName\":\"search_term_string\"}}],\"inLanguage\":\"fr-CA\"}]}<\/script>\n<!-- \/ Yoast SEO plugin. -->","yoast_head_json":{"title":"Patient Bill of Rights - Partners In Rehab","robots":{"index":"index","follow":"follow","max-snippet":"max-snippet:-1","max-image-preview":"max-image-preview:large","max-video-preview":"max-video-preview:-1"},"canonical":"https:\/\/www.partnersinrehab.ca\/fr\/patient-bill-of-rights\/","og_locale":"fr_CA","og_type":"article","og_title":"Patient Bill of Rights - Partners In Rehab","og_description":"We at Partners In Rehab are committed to respecting the rights of our patients. Our Patient Bill of Rights are outlined: Our patients and clients have the right to being treated by our therapists and staff in a respectful manner free from any type of abuse (physical, sexual, mental, emotional, verbal and financial). Our patients and clients have the right ... Read More","og_url":"https:\/\/www.partnersinrehab.ca\/fr\/patient-bill-of-rights\/","og_site_name":"Partners In Rehab","article_publisher":"https:\/\/www.facebook.com\/partnersinrehab\/","article_modified_time":"2024-01-21T19:58:13+00:00","twitter_card":"summary_large_image","twitter_misc":{"Estimation du temps de lecture":"2 minutes"},"schema":{"@context":"https:\/\/schema.org","@graph":[{"@type":"WebPage","@id":"https:\/\/www.partnersinrehab.ca\/patient-bill-of-rights\/","url":"https:\/\/www.partnersinrehab.ca\/patient-bill-of-rights\/","name":"Patient Bill of Rights - Partners In Rehab","isPartOf":{"@id":"https:\/\/www.partnersinrehab.ca\/#website"},"datePublished":"2024-01-18T03:44:23+00:00","dateModified":"2024-01-21T19:58:13+00:00","breadcrumb":{"@id":"https:\/\/www.partnersinrehab.ca\/patient-bill-of-rights\/#breadcrumb"},"inLanguage":"fr-CA","potentialAction":[{"@type":"ReadAction","target":["https:\/\/www.partnersinrehab.ca\/patient-bill-of-rights\/"]}]},{"@type":"BreadcrumbList","@id":"https:\/\/www.partnersinrehab.ca\/patient-bill-of-rights\/#breadcrumb","itemListElement":[{"@type":"ListItem","position":1,"name":"Home","item":"https:\/\/www.partnersinrehab.ca\/"},{"@type":"ListItem","position":2,"name":"Patient Bill of Rights"}]},{"@type":"WebSite","@id":"https:\/\/www.partnersinrehab.ca\/#website","url":"https:\/\/www.partnersinrehab.ca\/","name":"Partners In Rehab","description":"Community Therapy Services","potentialAction":[{"@type":"SearchAction","target":{"@type":"EntryPoint","urlTemplate":"https:\/\/www.partnersinrehab.ca\/?s={search_term_string}"},"query-input":{"@type":"PropertyValueSpecification","valueRequired":true,"valueName":"search_term_string"}}],"inLanguage":"fr-CA"}]}},"_links":{"self":[{"href":"https:\/\/www.partnersinrehab.ca\/fr\/wp-json\/wp\/v2\/pages\/881","targetHints":{"allow":["GET"]}}],"collection":[{"href":"https:\/\/www.partnersinrehab.ca\/fr\/wp-json\/wp\/v2\/pages"}],"about":[{"href":"https:\/\/www.partnersinrehab.ca\/fr\/wp-json\/wp\/v2\/types\/page"}],"author":[{"embeddable":true,"href":"https:\/\/www.partnersinrehab.ca\/fr\/wp-json\/wp\/v2\/users\/3"}],"replies":[{"embeddable":true,"href":"https:\/\/www.partnersinrehab.ca\/fr\/wp-json\/wp\/v2\/comments?post=881"}],"version-history":[{"count":4,"href":"https:\/\/www.partnersinrehab.ca\/fr\/wp-json\/wp\/v2\/pages\/881\/revisions"}],"predecessor-version":[{"id":885,"href":"https:\/\/www.partnersinrehab.ca\/fr\/wp-json\/wp\/v2\/pages\/881\/revisions\/885"}],"wp:attachment":[{"href":"https:\/\/www.partnersinrehab.ca\/fr\/wp-json\/wp\/v2\/media?parent=881"}],"curies":[{"name":"wp","href":"https:\/\/api.w.org\/{rel}","templated":true}]}}