{"id":756,"date":"2021-03-25T15:51:47","date_gmt":"2021-03-25T19:51:47","guid":{"rendered":"https:\/\/www.partnersinrehab.ca\/?page_id=756"},"modified":"2023-09-07T17:22:56","modified_gmt":"2023-09-07T21:22:56","slug":"careers","status":"publish","type":"page","link":"https:\/\/www.partnersinrehab.ca\/fr\/careers\/","title":{"rendered":"Carri\u00e8res"},"content":{"rendered":"<p>Partners In Rehab est une soci\u00e9t\u00e9 de th\u00e9rapie multidisciplinaire qui fournit des \u00e9valuations et services d'ergoth\u00e9rapie, de physioth\u00e9rapie et d'orthophonie aux clients de la r\u00e9gion et du district de Thunder Bay depuis 1992. En r\u00e9ponse aux besoins croissants, nous avons progressivement \u00e9largi nos services pour inclure un programme d'\u00e9quilibre et \u00e9tourdissements, des services de r\u00e9adaptation professionnelle, des services de gestion de cas, du travail social, de la psychoth\u00e9rapie, de la kin\u00e9siologie et de la planification des soins de vie.<\/p>\n<p>Notre personnel est compos\u00e9 d'individus d\u00e9vou\u00e9s, comp\u00e9tents et cr\u00e9atifs qui apportent avec eux les qualifications \nprofessionnelles et \u00e9ducatives n\u00e9cessaires, ainsi qu'une exp\u00e9rience professionnelle vari\u00e9e qui leur permet de fournir des services de th\u00e9rapie selon les normes les plus \u00e9lev\u00e9es. Gr\u00e2ce \u00e0 son engagement en faveur de la formation constante, Partners In Rehab soutient pleinement son personnel dans l'am\u00e9lioration et l'\u00e9largissement de ses comp\u00e9tences et de sa base de connaissances afin d'assurer la prestation de services efficaces, compr\u00e9hensifs, \u00e9thiques et professionnels.<\/p>\n<p>Notre engagement \u00e0 fournir des services professionnels et compr\u00e9hensifs a \u00e9t\u00e9 reconnu par des contrats en cours avec diverses agences gouvernementales, ainsi qu'avec des compagnies d'assurance priv\u00e9es, et nous avons re\u00e7u l'accr\u00e9ditation d'Agr\u00e9ment Canada pour avoir respect\u00e9 les normes nationales d'excellence en mati\u00e8re de qualit\u00e9 des soins et des services.<\/p>\n<h2>NOUS EMBAUCHONS !<\/h2>\n<p>Rejoignez notre \u00e9quipe dynamique d'ergoth\u00e9rapeutes, de physioth\u00e9rapeutes, d'orthophonistes et \nd'assistants sociaux impliqu\u00e9s dans la th\u00e9rapie communautaire et les soins interdisciplinaires. \nDes postes sont disponibles dans les domaines cliniques suivants :<\/p>\n<p><strong>\u2981 PHYSIOTH\u00c9RAPEUTE - SOINS \u00c0 DOMICILE POUR ADULTES :<\/strong><br \/>\nFourniture d'\u00e9valuations et de traitements de physioth\u00e9rapie \u00e0 domicile.<br \/>\nLes clients incluent la population adulte (18 ans et plus) qui vivent chez eux et qui ont besoin d'une intervention pour promouvoir la s\u00e9curit\u00e9, la fonction et l'ind\u00e9pendance en mati\u00e8re de mobilit\u00e9. Les domaines vis\u00e9s comprennent les sorties d'h\u00f4pital r\u00e9centes, les d\u00e9ficiences neurologiques aigu\u00ebs, les d\u00e9ficiences orthop\u00e9diques aigu\u00ebs, la promotion \ndu vieillissement sur place, l'\u00e9quilibre, les probl\u00e8mes de vertige et les probl\u00e8mes de mobilit\u00e9.<\/p>\n<p><strong>\u2981 PHYSIOTH\u00c9RAPEUTE - CLINIQUE EXTERNE :<\/strong><br \/>\nFournir des services de physioth\u00e9rapie aux clients souffrant de diverses conditions orthop\u00e9diques, y \ncompris les fractures, les blessures des tissus mous, les blessures sportives, les polytraumatismes, les \nconditions pr\u00e9 et postop\u00e9ratoires, l'endurcissement au travail, la gestion de la douleur chronique.<\/p>\n<p>Fournir des services de physioth\u00e9rapie aux clients souffrant de l\u00e9sions de la moelle \u00e9pini\u00e8re, de l\u00e9sions c\u00e9r\u00e9brales, de commotions c\u00e9r\u00e9brales, d'accidents vasculaires c\u00e9r\u00e9braux, de scl\u00e9rose en plaques et d'autres conditions neurologiques.<\/p>\n<p><strong>\u2981 ORTHOPHONISTE - ADULTES ET ENFANTS :<br \/>\n<\/strong>Fournir des services d'\u00e9valuation, d'intervention et de consultation en orthophonie pour les adultes \nayant des difficult\u00e9s neurologiques et pour les enfants d'\u00e2ge pr\u00e9scolaire et scolaire pr\u00e9sentant divers troubles de la communication. Les clients seront vus \u00e0 la clinique PIR et dans la communaut\u00e9 selon les besoins.<\/p>\n<p><strong>Qualifications:<\/strong><\/p>\n<ul>\n<li>Dipl\u00f4m\u00e9 d'un coll\u00e8ge professionnel.<\/li>\n<li>L'autodirection est essentielle.<\/li>\n<li>D'excellentes aptitudes \u00e0 la communication sont requises.<\/li>\n<li>Des comp\u00e9tences en mati\u00e8re de gestion du temps et d'organisation sont essentielles.<\/li>\n<\/ul>\n<p><strong>Partners In Rehab offre :<\/strong><\/p>\n<ul>\n<li>Formation au travail et mentorat<\/li>\n<li>Un environnement de travail flexible (employeur favorable \u00e0 la famille)<\/li>\n<li>Des salaires comp\u00e9titifs (37,00 $ \u00e0 48,00 $ de l'heure selon l'exp\u00e9rience)<\/li>\n<li>Bonus \u00e0 la signature<\/li>\n<li>Participation aux b\u00e9n\u00e9fices<\/li>\n<li>Fonds de d\u00e9veloppement professionnel (1000 $ par an)<\/li>\n<li>Vacances comp\u00e9titives (4 semaines)<\/li>\n<li>Prestations dentaires et de sant\u00e9<\/li>\n<li>Prestations d'invalidit\u00e9 de longue dur\u00e9e<\/li>\n<li>Soutien organisationnel et mentorat professionnel<\/li>\n<\/ul>\n<p><strong>Envoyez votre curriculum vitae en toute confidentialit\u00e9 \u00e0<\/strong><\/p>\n<p>Karen Pontello, PhD, OT Reg. (Ont.)<br \/>\nAssoci\u00e9e directrice, Partners In Rehab<br \/>\n79 N. Court Street, Suite 101<br \/>\nThunder Bay, ON P7A 4T7<br \/>\nT\u00e9l\u00e9phone : (807) 683-9500 ou sans frais : 1-888-855-0772<br \/>\nT\u00e9l\u00e9copieur : (807) 683-9503<br \/>\nCourriel : Karen.Pontello@partnersinrehab.ca<\/p>","protected":false},"excerpt":{"rendered":"<p>Partners In Rehab is a multidiscipline therapy company that has been providing occupational therapy, physiotherapy and speech language pathology assessments and services to clients in the Thunder Bay area and district since 1992. In response to growing need, we have progressively expanded our services to include balance and dizziness program, vocational rehabilitation services, case management services, social work, psychotherapy, kinesiology &#8230; <a href=\"https:\/\/www.partnersinrehab.ca\/fr\/careers\/\" class=\"more-link\">Read More<\/a><\/p>","protected":false},"author":3,"featured_media":0,"parent":0,"menu_order":0,"comment_status":"closed","ping_status":"closed","template":"","meta":{"footnotes":""},"class_list":["post-756","page","type-page","status-publish","hentry","no-post-thumbnail"],"yoast_head":"<!-- This site is optimized with the Yoast SEO plugin v27.3 - https:\/\/yoast.com\/product\/yoast-seo-wordpress\/ -->\n<title>Careers - Partners In Rehab<\/title>\n<meta name=\"robots\" content=\"index, follow, max-snippet:-1, max-image-preview:large, max-video-preview:-1\" \/>\n<link rel=\"canonical\" href=\"https:\/\/www.partnersinrehab.ca\/fr\/careers\/\" \/>\n<meta property=\"og:locale\" content=\"fr_CA\" \/>\n<meta property=\"og:type\" content=\"article\" \/>\n<meta property=\"og:title\" content=\"Careers - Partners In Rehab\" \/>\n<meta property=\"og:description\" content=\"Partners In Rehab is a multidiscipline therapy company that has been providing occupational therapy, physiotherapy and speech language pathology assessments and services to clients in the Thunder Bay area and district since 1992. In response to growing need, we have progressively expanded our services to include balance and dizziness program, vocational rehabilitation services, case management services, social work, psychotherapy, kinesiology ... Read More\" \/>\n<meta property=\"og:url\" content=\"https:\/\/www.partnersinrehab.ca\/fr\/careers\/\" \/>\n<meta property=\"og:site_name\" content=\"Partners In Rehab\" \/>\n<meta property=\"article:publisher\" content=\"https:\/\/www.facebook.com\/partnersinrehab\/\" \/>\n<meta property=\"article:modified_time\" content=\"2023-09-07T21:22:56+00:00\" \/>\n<meta name=\"twitter:card\" content=\"summary_large_image\" \/>\n<meta name=\"twitter:label1\" content=\"Estimation du temps de lecture\" \/>\n\t<meta name=\"twitter:data1\" content=\"3 minutes\" \/>\n<script type=\"application\/ld+json\" class=\"yoast-schema-graph\">{\"@context\":\"https:\\\/\\\/schema.org\",\"@graph\":[{\"@type\":\"WebPage\",\"@id\":\"https:\\\/\\\/www.partnersinrehab.ca\\\/careers\\\/\",\"url\":\"https:\\\/\\\/www.partnersinrehab.ca\\\/careers\\\/\",\"name\":\"Careers - Partners In Rehab\",\"isPartOf\":{\"@id\":\"https:\\\/\\\/www.partnersinrehab.ca\\\/#website\"},\"datePublished\":\"2021-03-25T19:51:47+00:00\",\"dateModified\":\"2023-09-07T21:22:56+00:00\",\"breadcrumb\":{\"@id\":\"https:\\\/\\\/www.partnersinrehab.ca\\\/careers\\\/#breadcrumb\"},\"inLanguage\":\"fr-CA\",\"potentialAction\":[{\"@type\":\"ReadAction\",\"target\":[\"https:\\\/\\\/www.partnersinrehab.ca\\\/careers\\\/\"]}]},{\"@type\":\"BreadcrumbList\",\"@id\":\"https:\\\/\\\/www.partnersinrehab.ca\\\/careers\\\/#breadcrumb\",\"itemListElement\":[{\"@type\":\"ListItem\",\"position\":1,\"name\":\"Home\",\"item\":\"https:\\\/\\\/www.partnersinrehab.ca\\\/\"},{\"@type\":\"ListItem\",\"position\":2,\"name\":\"Careers\"}]},{\"@type\":\"WebSite\",\"@id\":\"https:\\\/\\\/www.partnersinrehab.ca\\\/#website\",\"url\":\"https:\\\/\\\/www.partnersinrehab.ca\\\/\",\"name\":\"Partners In Rehab\",\"description\":\"Community Therapy Services\",\"potentialAction\":[{\"@type\":\"SearchAction\",\"target\":{\"@type\":\"EntryPoint\",\"urlTemplate\":\"https:\\\/\\\/www.partnersinrehab.ca\\\/?s={search_term_string}\"},\"query-input\":{\"@type\":\"PropertyValueSpecification\",\"valueRequired\":true,\"valueName\":\"search_term_string\"}}],\"inLanguage\":\"fr-CA\"}]}<\/script>\n<!-- \/ Yoast SEO plugin. -->","yoast_head_json":{"title":"Careers - Partners In Rehab","robots":{"index":"index","follow":"follow","max-snippet":"max-snippet:-1","max-image-preview":"max-image-preview:large","max-video-preview":"max-video-preview:-1"},"canonical":"https:\/\/www.partnersinrehab.ca\/fr\/careers\/","og_locale":"fr_CA","og_type":"article","og_title":"Careers - Partners In Rehab","og_description":"Partners In Rehab is a multidiscipline therapy company that has been providing occupational therapy, physiotherapy and speech language pathology assessments and services to clients in the Thunder Bay area and district since 1992. In response to growing need, we have progressively expanded our services to include balance and dizziness program, vocational rehabilitation services, case management services, social work, psychotherapy, kinesiology ... Read More","og_url":"https:\/\/www.partnersinrehab.ca\/fr\/careers\/","og_site_name":"Partners In Rehab","article_publisher":"https:\/\/www.facebook.com\/partnersinrehab\/","article_modified_time":"2023-09-07T21:22:56+00:00","twitter_card":"summary_large_image","twitter_misc":{"Estimation du temps de lecture":"3 minutes"},"schema":{"@context":"https:\/\/schema.org","@graph":[{"@type":"WebPage","@id":"https:\/\/www.partnersinrehab.ca\/careers\/","url":"https:\/\/www.partnersinrehab.ca\/careers\/","name":"Careers - Partners In Rehab","isPartOf":{"@id":"https:\/\/www.partnersinrehab.ca\/#website"},"datePublished":"2021-03-25T19:51:47+00:00","dateModified":"2023-09-07T21:22:56+00:00","breadcrumb":{"@id":"https:\/\/www.partnersinrehab.ca\/careers\/#breadcrumb"},"inLanguage":"fr-CA","potentialAction":[{"@type":"ReadAction","target":["https:\/\/www.partnersinrehab.ca\/careers\/"]}]},{"@type":"BreadcrumbList","@id":"https:\/\/www.partnersinrehab.ca\/careers\/#breadcrumb","itemListElement":[{"@type":"ListItem","position":1,"name":"Home","item":"https:\/\/www.partnersinrehab.ca\/"},{"@type":"ListItem","position":2,"name":"Careers"}]},{"@type":"WebSite","@id":"https:\/\/www.partnersinrehab.ca\/#website","url":"https:\/\/www.partnersinrehab.ca\/","name":"Partners In Rehab","description":"Community Therapy Services","potentialAction":[{"@type":"SearchAction","target":{"@type":"EntryPoint","urlTemplate":"https:\/\/www.partnersinrehab.ca\/?s={search_term_string}"},"query-input":{"@type":"PropertyValueSpecification","valueRequired":true,"valueName":"search_term_string"}}],"inLanguage":"fr-CA"}]}},"_links":{"self":[{"href":"https:\/\/www.partnersinrehab.ca\/fr\/wp-json\/wp\/v2\/pages\/756","targetHints":{"allow":["GET"]}}],"collection":[{"href":"https:\/\/www.partnersinrehab.ca\/fr\/wp-json\/wp\/v2\/pages"}],"about":[{"href":"https:\/\/www.partnersinrehab.ca\/fr\/wp-json\/wp\/v2\/types\/page"}],"author":[{"embeddable":true,"href":"https:\/\/www.partnersinrehab.ca\/fr\/wp-json\/wp\/v2\/users\/3"}],"replies":[{"embeddable":true,"href":"https:\/\/www.partnersinrehab.ca\/fr\/wp-json\/wp\/v2\/comments?post=756"}],"version-history":[{"count":5,"href":"https:\/\/www.partnersinrehab.ca\/fr\/wp-json\/wp\/v2\/pages\/756\/revisions"}],"predecessor-version":[{"id":864,"href":"https:\/\/www.partnersinrehab.ca\/fr\/wp-json\/wp\/v2\/pages\/756\/revisions\/864"}],"wp:attachment":[{"href":"https:\/\/www.partnersinrehab.ca\/fr\/wp-json\/wp\/v2\/media?parent=756"}],"curies":[{"name":"wp","href":"https:\/\/api.w.org\/{rel}","templated":true}]}}