{"id":65,"date":"2018-05-08T01:12:13","date_gmt":"2018-05-08T01:12:13","guid":{"rendered":"https:\/\/partnersinrehab.ca\/?page_id=65"},"modified":"2019-02-14T17:52:06","modified_gmt":"2019-02-14T22:52:06","slug":"case-management-life-care-planning","status":"publish","type":"page","link":"https:\/\/www.partnersinrehab.ca\/fr\/case-management-life-care-planning\/","title":{"rendered":"Services De Gestion De Cas Et De Planification Des Soins De Vie"},"content":{"rendered":"<p>La gestion de cas est d\u00e9finie par la Case Management Society of America comme un processus collaboratif d'\u00e9valuation, de planification, de facilitation, de coordination des soins, d'\u00e9valuation et de d\u00e9fense des options et des services pour r\u00e9pondre \u00e0 l'ensemble des besoins de sant\u00e9 d'un individu et de sa famille par le biais de la communication et des ressources disponibles afin de promouvoir des r\u00e9sultats de qualit\u00e9 et rentables.<\/p>\n<p>Les services de gestion de cas incluent:<\/p>\n<ul>\n<li>Gestion des cas de soins catastrophiques et complexes<\/li>\n<li>Approche centr\u00e9e sur le client<\/li>\n<li>Liaison avec les prestataires de soins, les experts en assurances, les avocats et les membres de l'\u00e9quipe de r\u00e9adaptation afin de garantir un service de qualit\u00e9 en temps voulu.<\/li>\n<li>Connaissance de la l\u00e9gislation pertinente (indemnit\u00e9s d'accident\/LTD)<\/li>\n<li>R\u00e9daction des rapports de gestion de cas ou d'\u00e9quipe appropri\u00e9s<\/li>\n<\/ul>\n<p>Les services d'\u00e9valuation et d'intervention en mati\u00e8re de planification des soins de vie incluent:<\/p>\n<ul>\n<li>Planification des soins de vie et rapports \u00e0 des fins m\u00e9dicales\/juridiques compl\u00e9t\u00e9s par un planificateur de soins de vie agr\u00e9\u00e9 au Canada.<\/li>\n<li>\u00c9valuations des co\u00fbts futurs des soins li\u00e9s aux besoins permanents en mati\u00e8re de soins m\u00e9dicaux, de r\u00e9adaptation et de soins personnels r\u00e9sultant de d\u00e9ficiences persistantes et r\u00e9siduelles.<\/li>\n<li>Planification de la vie (du pr\u00e9sent \u00e0 l'avenir) pour les clients dont les d\u00e9ficiences et les incapacit\u00e9s changent la vie.<\/li>\n<li>Soutien d'une \u00e9quipe professionnelle (ergoth\u00e9rapeute, physioth\u00e9rapeute, gestionnaire de cas, orthophoniste et conseiller en r\u00e9adaptation professionnelle) pour reconstruire les objectifs et les plans de vie \u00e0 la suite de d\u00e9ficiences complexes et catastrophiques.<\/li>\n<li>R\u00e9alisation de diverses \u00e9valuations m\u00e9dico-l\u00e9gales pour identifier les niveaux de fonction et d'invalidit\u00e9.<\/li>\n<\/ul>","protected":false},"excerpt":{"rendered":"<p>Case Management is defined by the Case Management Society of America as a collaborative process of assessment, planning, facilitation, care coordination, evaluation, and advocacy for options and services to meet an individual&#8217;s and family&#8217;s comprehensive health needs through communication and available resources to promote quality, cost-effective outcomes. Case Management services include: Case management for catastrophic and complex care cases Client &#8230; <a href=\"https:\/\/www.partnersinrehab.ca\/fr\/case-management-life-care-planning\/\" class=\"more-link\">Read More<\/a><\/p>","protected":false},"author":1,"featured_media":434,"parent":0,"menu_order":0,"comment_status":"closed","ping_status":"closed","template":"template-layout-full-width.php","meta":{"footnotes":""},"class_list":["post-65","page","type-page","status-publish","has-post-thumbnail","hentry"],"yoast_head":"<!-- This site is optimized with the Yoast SEO plugin v27.3 - https:\/\/yoast.com\/product\/yoast-seo-wordpress\/ -->\n<title>Case Management &amp; Life Care Planning Services - Partners In Rehab<\/title>\n<meta name=\"description\" content=\"Partners In Rehab&#039;s trusted Case Management &amp; Life Care Planning services help assess, coordinate, communicate, and more, serving Thunder Bay and District.\" \/>\n<meta name=\"robots\" content=\"index, follow, max-snippet:-1, max-image-preview:large, max-video-preview:-1\" \/>\n<link rel=\"canonical\" href=\"https:\/\/www.partnersinrehab.ca\/fr\/case-management-life-care-planning\/\" \/>\n<meta property=\"og:locale\" content=\"fr_CA\" \/>\n<meta property=\"og:type\" content=\"article\" \/>\n<meta property=\"og:title\" content=\"Case Management &amp; Life Care Planning Services - Partners In Rehab\" \/>\n<meta property=\"og:description\" content=\"Partners In Rehab&#039;s trusted Case Management &amp; Life Care Planning services help assess, coordinate, communicate, and more, serving Thunder Bay and District.\" \/>\n<meta property=\"og:url\" content=\"https:\/\/www.partnersinrehab.ca\/fr\/case-management-life-care-planning\/\" \/>\n<meta property=\"og:site_name\" content=\"Partners In Rehab\" \/>\n<meta property=\"article:publisher\" content=\"https:\/\/www.facebook.com\/partnersinrehab\/\" \/>\n<meta property=\"article:modified_time\" content=\"2019-02-14T22:52:06+00:00\" \/>\n<meta property=\"og:image\" content=\"https:\/\/www.partnersinrehab.ca\/wp-content\/uploads\/2018\/06\/caseman-39111392.jpg\" \/>\n\t<meta property=\"og:image:width\" content=\"1800\" \/>\n\t<meta property=\"og:image:height\" content=\"800\" \/>\n\t<meta property=\"og:image:type\" content=\"image\/jpeg\" \/>\n<meta name=\"twitter:card\" content=\"summary_large_image\" \/>\n<meta name=\"twitter:label1\" content=\"Estimation du temps de lecture\" \/>\n\t<meta name=\"twitter:data1\" content=\"1 minute\" \/>\n<script type=\"application\/ld+json\" class=\"yoast-schema-graph\">{\"@context\":\"https:\\\/\\\/schema.org\",\"@graph\":[{\"@type\":\"WebPage\",\"@id\":\"https:\\\/\\\/www.partnersinrehab.ca\\\/case-management-life-care-planning\\\/\",\"url\":\"https:\\\/\\\/www.partnersinrehab.ca\\\/case-management-life-care-planning\\\/\",\"name\":\"Case Management & Life Care Planning Services - Partners In Rehab\",\"isPartOf\":{\"@id\":\"https:\\\/\\\/www.partnersinrehab.ca\\\/#website\"},\"primaryImageOfPage\":{\"@id\":\"https:\\\/\\\/www.partnersinrehab.ca\\\/case-management-life-care-planning\\\/#primaryimage\"},\"image\":{\"@id\":\"https:\\\/\\\/www.partnersinrehab.ca\\\/case-management-life-care-planning\\\/#primaryimage\"},\"thumbnailUrl\":\"https:\\\/\\\/www.partnersinrehab.ca\\\/wp-content\\\/uploads\\\/2018\\\/06\\\/caseman-39111392.jpg\",\"datePublished\":\"2018-05-08T01:12:13+00:00\",\"dateModified\":\"2019-02-14T22:52:06+00:00\",\"description\":\"Partners In Rehab's trusted Case Management & Life Care Planning services help assess, coordinate, communicate, and more, serving Thunder Bay and District.\",\"breadcrumb\":{\"@id\":\"https:\\\/\\\/www.partnersinrehab.ca\\\/case-management-life-care-planning\\\/#breadcrumb\"},\"inLanguage\":\"fr-CA\",\"potentialAction\":[{\"@type\":\"ReadAction\",\"target\":[\"https:\\\/\\\/www.partnersinrehab.ca\\\/case-management-life-care-planning\\\/\"]}]},{\"@type\":\"ImageObject\",\"inLanguage\":\"fr-CA\",\"@id\":\"https:\\\/\\\/www.partnersinrehab.ca\\\/case-management-life-care-planning\\\/#primaryimage\",\"url\":\"https:\\\/\\\/www.partnersinrehab.ca\\\/wp-content\\\/uploads\\\/2018\\\/06\\\/caseman-39111392.jpg\",\"contentUrl\":\"https:\\\/\\\/www.partnersinrehab.ca\\\/wp-content\\\/uploads\\\/2018\\\/06\\\/caseman-39111392.jpg\",\"width\":1800,\"height\":800,\"caption\":\"case management & life care planning thunder bay\"},{\"@type\":\"BreadcrumbList\",\"@id\":\"https:\\\/\\\/www.partnersinrehab.ca\\\/case-management-life-care-planning\\\/#breadcrumb\",\"itemListElement\":[{\"@type\":\"ListItem\",\"position\":1,\"name\":\"Home\",\"item\":\"https:\\\/\\\/www.partnersinrehab.ca\\\/\"},{\"@type\":\"ListItem\",\"position\":2,\"name\":\"Case Management &#038; Life Care Planning Services\"}]},{\"@type\":\"WebSite\",\"@id\":\"https:\\\/\\\/www.partnersinrehab.ca\\\/#website\",\"url\":\"https:\\\/\\\/www.partnersinrehab.ca\\\/\",\"name\":\"Partners In Rehab\",\"description\":\"Community Therapy Services\",\"potentialAction\":[{\"@type\":\"SearchAction\",\"target\":{\"@type\":\"EntryPoint\",\"urlTemplate\":\"https:\\\/\\\/www.partnersinrehab.ca\\\/?s={search_term_string}\"},\"query-input\":{\"@type\":\"PropertyValueSpecification\",\"valueRequired\":true,\"valueName\":\"search_term_string\"}}],\"inLanguage\":\"fr-CA\"}]}<\/script>\n<!-- \/ Yoast SEO plugin. -->","yoast_head_json":{"title":"Case Management & Life Care Planning Services - Partners In Rehab","description":"Partners In Rehab's trusted Case Management & Life Care Planning services help assess, coordinate, communicate, and more, serving Thunder Bay and District.","robots":{"index":"index","follow":"follow","max-snippet":"max-snippet:-1","max-image-preview":"max-image-preview:large","max-video-preview":"max-video-preview:-1"},"canonical":"https:\/\/www.partnersinrehab.ca\/fr\/case-management-life-care-planning\/","og_locale":"fr_CA","og_type":"article","og_title":"Case Management & Life Care Planning Services - Partners In Rehab","og_description":"Partners In Rehab's trusted Case Management & Life Care Planning services help assess, coordinate, communicate, and more, serving Thunder Bay and District.","og_url":"https:\/\/www.partnersinrehab.ca\/fr\/case-management-life-care-planning\/","og_site_name":"Partners In Rehab","article_publisher":"https:\/\/www.facebook.com\/partnersinrehab\/","article_modified_time":"2019-02-14T22:52:06+00:00","og_image":[{"width":1800,"height":800,"url":"https:\/\/www.partnersinrehab.ca\/wp-content\/uploads\/2018\/06\/caseman-39111392.jpg","type":"image\/jpeg"}],"twitter_card":"summary_large_image","twitter_misc":{"Estimation du temps de lecture":"1 minute"},"schema":{"@context":"https:\/\/schema.org","@graph":[{"@type":"WebPage","@id":"https:\/\/www.partnersinrehab.ca\/case-management-life-care-planning\/","url":"https:\/\/www.partnersinrehab.ca\/case-management-life-care-planning\/","name":"Case Management & Life Care Planning Services - Partners In Rehab","isPartOf":{"@id":"https:\/\/www.partnersinrehab.ca\/#website"},"primaryImageOfPage":{"@id":"https:\/\/www.partnersinrehab.ca\/case-management-life-care-planning\/#primaryimage"},"image":{"@id":"https:\/\/www.partnersinrehab.ca\/case-management-life-care-planning\/#primaryimage"},"thumbnailUrl":"https:\/\/www.partnersinrehab.ca\/wp-content\/uploads\/2018\/06\/caseman-39111392.jpg","datePublished":"2018-05-08T01:12:13+00:00","dateModified":"2019-02-14T22:52:06+00:00","description":"Partners In Rehab's trusted Case Management & Life Care Planning services help assess, coordinate, communicate, and more, serving Thunder Bay and District.","breadcrumb":{"@id":"https:\/\/www.partnersinrehab.ca\/case-management-life-care-planning\/#breadcrumb"},"inLanguage":"fr-CA","potentialAction":[{"@type":"ReadAction","target":["https:\/\/www.partnersinrehab.ca\/case-management-life-care-planning\/"]}]},{"@type":"ImageObject","inLanguage":"fr-CA","@id":"https:\/\/www.partnersinrehab.ca\/case-management-life-care-planning\/#primaryimage","url":"https:\/\/www.partnersinrehab.ca\/wp-content\/uploads\/2018\/06\/caseman-39111392.jpg","contentUrl":"https:\/\/www.partnersinrehab.ca\/wp-content\/uploads\/2018\/06\/caseman-39111392.jpg","width":1800,"height":800,"caption":"case management & life care planning thunder bay"},{"@type":"BreadcrumbList","@id":"https:\/\/www.partnersinrehab.ca\/case-management-life-care-planning\/#breadcrumb","itemListElement":[{"@type":"ListItem","position":1,"name":"Home","item":"https:\/\/www.partnersinrehab.ca\/"},{"@type":"ListItem","position":2,"name":"Case Management &#038; Life Care Planning Services"}]},{"@type":"WebSite","@id":"https:\/\/www.partnersinrehab.ca\/#website","url":"https:\/\/www.partnersinrehab.ca\/","name":"Partners In Rehab","description":"Community Therapy Services","potentialAction":[{"@type":"SearchAction","target":{"@type":"EntryPoint","urlTemplate":"https:\/\/www.partnersinrehab.ca\/?s={search_term_string}"},"query-input":{"@type":"PropertyValueSpecification","valueRequired":true,"valueName":"search_term_string"}}],"inLanguage":"fr-CA"}]}},"_links":{"self":[{"href":"https:\/\/www.partnersinrehab.ca\/fr\/wp-json\/wp\/v2\/pages\/65","targetHints":{"allow":["GET"]}}],"collection":[{"href":"https:\/\/www.partnersinrehab.ca\/fr\/wp-json\/wp\/v2\/pages"}],"about":[{"href":"https:\/\/www.partnersinrehab.ca\/fr\/wp-json\/wp\/v2\/types\/page"}],"author":[{"embeddable":true,"href":"https:\/\/www.partnersinrehab.ca\/fr\/wp-json\/wp\/v2\/users\/1"}],"replies":[{"embeddable":true,"href":"https:\/\/www.partnersinrehab.ca\/fr\/wp-json\/wp\/v2\/comments?post=65"}],"version-history":[{"count":3,"href":"https:\/\/www.partnersinrehab.ca\/fr\/wp-json\/wp\/v2\/pages\/65\/revisions"}],"predecessor-version":[{"id":473,"href":"https:\/\/www.partnersinrehab.ca\/fr\/wp-json\/wp\/v2\/pages\/65\/revisions\/473"}],"wp:featuredmedia":[{"embeddable":true,"href":"https:\/\/www.partnersinrehab.ca\/fr\/wp-json\/wp\/v2\/media\/434"}],"wp:attachment":[{"href":"https:\/\/www.partnersinrehab.ca\/fr\/wp-json\/wp\/v2\/media?parent=65"}],"curies":[{"name":"wp","href":"https:\/\/api.w.org\/{rel}","templated":true}]}}