{"id":61,"date":"2018-05-08T01:10:12","date_gmt":"2018-05-08T01:10:12","guid":{"rendered":"https:\/\/partnersinrehab.ca\/?page_id=61"},"modified":"2019-02-14T20:28:16","modified_gmt":"2019-02-15T01:28:16","slug":"therapeutic-recreation-services","status":"publish","type":"page","link":"https:\/\/www.partnersinrehab.ca\/fr\/therapeutic-recreation-services\/","title":{"rendered":"Services De Loisirs Th\u00e9rapeutiques"},"content":{"rendered":"<p>Les services de loisirs th\u00e9rapeutiques sont des services de traitement con\u00e7us pour restaurer, rem\u00e9dier et r\u00e9habiliter le niveau de fonctionnement et d'ind\u00e9pendance d'une personne dans les activit\u00e9s de la vie, pour promouvoir la sant\u00e9 et le bien-\u00eatre ainsi que pour r\u00e9duire ou \u00e9liminer les limitations et restrictions d'activit\u00e9 caus\u00e9es par une maladie ou un \u00e9tat invalidant. Les loisirs th\u00e9rapeutiques utilisent le traitement, l'\u00e9ducation et les loisirs utiles pour aider les individus \u00e0 acqu\u00e9rir, maintenir, restaurer et\/ou am\u00e9liorer les attitudes, les comp\u00e9tences, les connaissances et les comportements n\u00e9cessaires \u00e0 un fonctionnement optimal dans le domaine des loisirs.<\/p>","protected":false},"excerpt":{"rendered":"<p>Therapeutic Recreation Services are treatment services designed to restore, remediate and rehabilitate a person\u2019s level of functioning and independence in life activities, to promote health and wellness as well as reduce or eliminate activity limitations and restrictions caused by an illness or disabling condition. Therapeutic Recreation utilizes treatment, education, and purposeful recreation to assist individuals to acquire, maintain, restore, and\/or\u00a0 &#8230; <a href=\"https:\/\/www.partnersinrehab.ca\/fr\/therapeutic-recreation-services\/\" class=\"more-link\">Read More<\/a><\/p>","protected":false},"author":1,"featured_media":361,"parent":0,"menu_order":0,"comment_status":"closed","ping_status":"closed","template":"template-layout-full-width.php","meta":{"footnotes":""},"class_list":["post-61","page","type-page","status-publish","has-post-thumbnail","hentry"],"yoast_head":"<!-- This site is optimized with the Yoast SEO plugin v27.3 - https:\/\/yoast.com\/product\/yoast-seo-wordpress\/ -->\n<title>Therapeutic Recreation Services - Partners In Rehab<\/title>\n<meta name=\"description\" content=\"Partners In Rehab&#039;s Therapeutic Recreation Services treat and educate to restore optimal function and independence, serving Thunder Bay and District.\" \/>\n<meta name=\"robots\" content=\"index, follow, max-snippet:-1, max-image-preview:large, max-video-preview:-1\" \/>\n<link rel=\"canonical\" href=\"https:\/\/www.partnersinrehab.ca\/fr\/therapeutic-recreation-services\/\" \/>\n<meta property=\"og:locale\" content=\"fr_CA\" \/>\n<meta property=\"og:type\" content=\"article\" \/>\n<meta property=\"og:title\" content=\"Therapeutic Recreation Services - Partners In Rehab\" \/>\n<meta property=\"og:description\" content=\"Partners In Rehab&#039;s Therapeutic Recreation Services treat and educate to restore optimal function and independence, serving Thunder Bay and District.\" \/>\n<meta property=\"og:url\" content=\"https:\/\/www.partnersinrehab.ca\/fr\/therapeutic-recreation-services\/\" \/>\n<meta property=\"og:site_name\" content=\"Partners In Rehab\" \/>\n<meta property=\"article:publisher\" content=\"https:\/\/www.facebook.com\/partnersinrehab\/\" \/>\n<meta property=\"article:modified_time\" content=\"2019-02-15T01:28:16+00:00\" \/>\n<meta property=\"og:image\" content=\"https:\/\/www.partnersinrehab.ca\/wp-content\/uploads\/2018\/06\/recreation-29473192.jpg\" \/>\n\t<meta property=\"og:image:width\" content=\"1800\" \/>\n\t<meta property=\"og:image:height\" content=\"800\" \/>\n\t<meta property=\"og:image:type\" content=\"image\/jpeg\" \/>\n<meta name=\"twitter:card\" content=\"summary_large_image\" \/>\n<script type=\"application\/ld+json\" class=\"yoast-schema-graph\">{\"@context\":\"https:\\\/\\\/schema.org\",\"@graph\":[{\"@type\":\"WebPage\",\"@id\":\"https:\\\/\\\/www.partnersinrehab.ca\\\/therapeutic-recreation-services\\\/\",\"url\":\"https:\\\/\\\/www.partnersinrehab.ca\\\/therapeutic-recreation-services\\\/\",\"name\":\"Therapeutic Recreation Services - Partners In Rehab\",\"isPartOf\":{\"@id\":\"https:\\\/\\\/www.partnersinrehab.ca\\\/#website\"},\"primaryImageOfPage\":{\"@id\":\"https:\\\/\\\/www.partnersinrehab.ca\\\/therapeutic-recreation-services\\\/#primaryimage\"},\"image\":{\"@id\":\"https:\\\/\\\/www.partnersinrehab.ca\\\/therapeutic-recreation-services\\\/#primaryimage\"},\"thumbnailUrl\":\"https:\\\/\\\/www.partnersinrehab.ca\\\/wp-content\\\/uploads\\\/2018\\\/06\\\/recreation-29473192.jpg\",\"datePublished\":\"2018-05-08T01:10:12+00:00\",\"dateModified\":\"2019-02-15T01:28:16+00:00\",\"description\":\"Partners In Rehab's Therapeutic Recreation Services treat and educate to restore optimal function and independence, serving Thunder Bay and District.\",\"breadcrumb\":{\"@id\":\"https:\\\/\\\/www.partnersinrehab.ca\\\/therapeutic-recreation-services\\\/#breadcrumb\"},\"inLanguage\":\"fr-CA\",\"potentialAction\":[{\"@type\":\"ReadAction\",\"target\":[\"https:\\\/\\\/www.partnersinrehab.ca\\\/therapeutic-recreation-services\\\/\"]}]},{\"@type\":\"ImageObject\",\"inLanguage\":\"fr-CA\",\"@id\":\"https:\\\/\\\/www.partnersinrehab.ca\\\/therapeutic-recreation-services\\\/#primaryimage\",\"url\":\"https:\\\/\\\/www.partnersinrehab.ca\\\/wp-content\\\/uploads\\\/2018\\\/06\\\/recreation-29473192.jpg\",\"contentUrl\":\"https:\\\/\\\/www.partnersinrehab.ca\\\/wp-content\\\/uploads\\\/2018\\\/06\\\/recreation-29473192.jpg\",\"width\":1800,\"height\":800,\"caption\":\"Therapeutic Recreation Services in thunder bay and district\"},{\"@type\":\"BreadcrumbList\",\"@id\":\"https:\\\/\\\/www.partnersinrehab.ca\\\/therapeutic-recreation-services\\\/#breadcrumb\",\"itemListElement\":[{\"@type\":\"ListItem\",\"position\":1,\"name\":\"Home\",\"item\":\"https:\\\/\\\/www.partnersinrehab.ca\\\/\"},{\"@type\":\"ListItem\",\"position\":2,\"name\":\"Therapeutic Recreation Services\"}]},{\"@type\":\"WebSite\",\"@id\":\"https:\\\/\\\/www.partnersinrehab.ca\\\/#website\",\"url\":\"https:\\\/\\\/www.partnersinrehab.ca\\\/\",\"name\":\"Partners In Rehab\",\"description\":\"Community Therapy Services\",\"potentialAction\":[{\"@type\":\"SearchAction\",\"target\":{\"@type\":\"EntryPoint\",\"urlTemplate\":\"https:\\\/\\\/www.partnersinrehab.ca\\\/?s={search_term_string}\"},\"query-input\":{\"@type\":\"PropertyValueSpecification\",\"valueRequired\":true,\"valueName\":\"search_term_string\"}}],\"inLanguage\":\"fr-CA\"}]}<\/script>\n<!-- \/ Yoast SEO plugin. -->","yoast_head_json":{"title":"Therapeutic Recreation Services - Partners In Rehab","description":"Partners In Rehab's Therapeutic Recreation Services treat and educate to restore optimal function and independence, serving Thunder Bay and District.","robots":{"index":"index","follow":"follow","max-snippet":"max-snippet:-1","max-image-preview":"max-image-preview:large","max-video-preview":"max-video-preview:-1"},"canonical":"https:\/\/www.partnersinrehab.ca\/fr\/therapeutic-recreation-services\/","og_locale":"fr_CA","og_type":"article","og_title":"Therapeutic Recreation Services - Partners In Rehab","og_description":"Partners In Rehab's Therapeutic Recreation Services treat and educate to restore optimal function and independence, serving Thunder Bay and District.","og_url":"https:\/\/www.partnersinrehab.ca\/fr\/therapeutic-recreation-services\/","og_site_name":"Partners In Rehab","article_publisher":"https:\/\/www.facebook.com\/partnersinrehab\/","article_modified_time":"2019-02-15T01:28:16+00:00","og_image":[{"width":1800,"height":800,"url":"https:\/\/www.partnersinrehab.ca\/wp-content\/uploads\/2018\/06\/recreation-29473192.jpg","type":"image\/jpeg"}],"twitter_card":"summary_large_image","schema":{"@context":"https:\/\/schema.org","@graph":[{"@type":"WebPage","@id":"https:\/\/www.partnersinrehab.ca\/therapeutic-recreation-services\/","url":"https:\/\/www.partnersinrehab.ca\/therapeutic-recreation-services\/","name":"Therapeutic Recreation Services - Partners In Rehab","isPartOf":{"@id":"https:\/\/www.partnersinrehab.ca\/#website"},"primaryImageOfPage":{"@id":"https:\/\/www.partnersinrehab.ca\/therapeutic-recreation-services\/#primaryimage"},"image":{"@id":"https:\/\/www.partnersinrehab.ca\/therapeutic-recreation-services\/#primaryimage"},"thumbnailUrl":"https:\/\/www.partnersinrehab.ca\/wp-content\/uploads\/2018\/06\/recreation-29473192.jpg","datePublished":"2018-05-08T01:10:12+00:00","dateModified":"2019-02-15T01:28:16+00:00","description":"Partners In Rehab's Therapeutic Recreation Services treat and educate to restore optimal function and independence, serving Thunder Bay and District.","breadcrumb":{"@id":"https:\/\/www.partnersinrehab.ca\/therapeutic-recreation-services\/#breadcrumb"},"inLanguage":"fr-CA","potentialAction":[{"@type":"ReadAction","target":["https:\/\/www.partnersinrehab.ca\/therapeutic-recreation-services\/"]}]},{"@type":"ImageObject","inLanguage":"fr-CA","@id":"https:\/\/www.partnersinrehab.ca\/therapeutic-recreation-services\/#primaryimage","url":"https:\/\/www.partnersinrehab.ca\/wp-content\/uploads\/2018\/06\/recreation-29473192.jpg","contentUrl":"https:\/\/www.partnersinrehab.ca\/wp-content\/uploads\/2018\/06\/recreation-29473192.jpg","width":1800,"height":800,"caption":"Therapeutic Recreation Services in thunder bay and district"},{"@type":"BreadcrumbList","@id":"https:\/\/www.partnersinrehab.ca\/therapeutic-recreation-services\/#breadcrumb","itemListElement":[{"@type":"ListItem","position":1,"name":"Home","item":"https:\/\/www.partnersinrehab.ca\/"},{"@type":"ListItem","position":2,"name":"Therapeutic Recreation Services"}]},{"@type":"WebSite","@id":"https:\/\/www.partnersinrehab.ca\/#website","url":"https:\/\/www.partnersinrehab.ca\/","name":"Partners In Rehab","description":"Community Therapy Services","potentialAction":[{"@type":"SearchAction","target":{"@type":"EntryPoint","urlTemplate":"https:\/\/www.partnersinrehab.ca\/?s={search_term_string}"},"query-input":{"@type":"PropertyValueSpecification","valueRequired":true,"valueName":"search_term_string"}}],"inLanguage":"fr-CA"}]}},"_links":{"self":[{"href":"https:\/\/www.partnersinrehab.ca\/fr\/wp-json\/wp\/v2\/pages\/61","targetHints":{"allow":["GET"]}}],"collection":[{"href":"https:\/\/www.partnersinrehab.ca\/fr\/wp-json\/wp\/v2\/pages"}],"about":[{"href":"https:\/\/www.partnersinrehab.ca\/fr\/wp-json\/wp\/v2\/types\/page"}],"author":[{"embeddable":true,"href":"https:\/\/www.partnersinrehab.ca\/fr\/wp-json\/wp\/v2\/users\/1"}],"replies":[{"embeddable":true,"href":"https:\/\/www.partnersinrehab.ca\/fr\/wp-json\/wp\/v2\/comments?post=61"}],"version-history":[{"count":3,"href":"https:\/\/www.partnersinrehab.ca\/fr\/wp-json\/wp\/v2\/pages\/61\/revisions"}],"predecessor-version":[{"id":553,"href":"https:\/\/www.partnersinrehab.ca\/fr\/wp-json\/wp\/v2\/pages\/61\/revisions\/553"}],"wp:featuredmedia":[{"embeddable":true,"href":"https:\/\/www.partnersinrehab.ca\/fr\/wp-json\/wp\/v2\/media\/361"}],"wp:attachment":[{"href":"https:\/\/www.partnersinrehab.ca\/fr\/wp-json\/wp\/v2\/media?parent=61"}],"curies":[{"name":"wp","href":"https:\/\/api.w.org\/{rel}","templated":true}]}}