{"id":47,"date":"2018-05-08T00:48:50","date_gmt":"2018-05-08T00:48:50","guid":{"rendered":"https:\/\/partnersinrehab.ca\/?page_id=47"},"modified":"2019-02-14T20:19:19","modified_gmt":"2019-02-15T01:19:19","slug":"speech-language-pathology","status":"publish","type":"page","link":"https:\/\/www.partnersinrehab.ca\/fr\/speech-language-pathology\/","title":{"rendered":"Services D'orthophonie"},"content":{"rendered":"<p>Les orthophonistes de Partners In Rehab sont sp\u00e9cialis\u00e9s dans le d\u00e9veloppement typique et les troubles de la parole, du langage, de la communication et de la d\u00e9glutition, ainsi que dans l'\u00e9valuation et l'intervention.<\/p>\n<h3>Les Services D'orthophonie Comprennent :<\/h3>\n<ul>\n<li>\u00c9valuations et interventions orthophoniques utilisant les meilleures pratiques<\/li>\n<li>\u00c9valuations de la communication cognitive<\/li>\n<li>\u00c9valuation et th\u00e9rapie p\u00e9diatrique<\/li>\n<li>\u00c9valuations m\u00e9dico-l\u00e9gales<\/li>\n<\/ul>\n<p>Nous sommes en mesure de fournir une th\u00e9rapie de la parole et du langage dans notre <a href=\"https:\/\/www.partnersinrehab.ca\/fr\/pre-school-and-school-aged-therapy\/\">clinique p\u00e9diatrique<\/a>, \u00e0 votre domicile ou \u00e0 l'\u00e9cole. Nous sommes en mesure d'adapter les \u00e9valuations et les services \u00e0 vos besoins.  Nous travaillons avec les clients et les membres de la famille pour promouvoir le d\u00e9veloppement de la parole et du langage et les aptitudes \u00e0 la communication.<\/p>","protected":false},"excerpt":{"rendered":"<p>Partners In Rehab&#8217;s Speech Language Pathology professionals have expertise in typical development and disorders of speech, language, communication and swallowing, as well as skills in assessment and intervention. Speech Language Pathology (SLP) services include: SLP Assessments and Intervention using best practices Cognitive Communication assessments Paediatric Assessment and Therapy Medico\/Legal Assessments We are able to provide speech and language therapy in &#8230; <a href=\"https:\/\/www.partnersinrehab.ca\/fr\/speech-language-pathology\/\" class=\"more-link\">Read More<\/a><\/p>","protected":false},"author":1,"featured_media":311,"parent":0,"menu_order":0,"comment_status":"closed","ping_status":"closed","template":"template-layout-full-width.php","meta":{"footnotes":""},"class_list":["post-47","page","type-page","status-publish","has-post-thumbnail","hentry"],"yoast_head":"<!-- This site is optimized with the Yoast SEO plugin v27.3 - https:\/\/yoast.com\/product\/yoast-seo-wordpress\/ -->\n<title>Speech Language Pathology Services - Partners In Rehab<\/title>\n<meta name=\"description\" content=\"Partners In Rehab offers excellent Speech Language Pathology services to assess &amp; intervene, on-site, at home, in school, serving Thunder Bay and District.\" \/>\n<meta name=\"robots\" content=\"index, follow, max-snippet:-1, max-image-preview:large, max-video-preview:-1\" \/>\n<link rel=\"canonical\" href=\"https:\/\/www.partnersinrehab.ca\/fr\/speech-language-pathology\/\" \/>\n<meta property=\"og:locale\" content=\"fr_CA\" \/>\n<meta property=\"og:type\" content=\"article\" \/>\n<meta property=\"og:title\" content=\"Speech Language Pathology Services - Partners In Rehab\" \/>\n<meta property=\"og:description\" content=\"Partners In Rehab offers excellent Speech Language Pathology services to assess &amp; intervene, on-site, at home, in school, serving Thunder Bay and District.\" \/>\n<meta property=\"og:url\" content=\"https:\/\/www.partnersinrehab.ca\/fr\/speech-language-pathology\/\" \/>\n<meta property=\"og:site_name\" content=\"Partners In Rehab\" \/>\n<meta property=\"article:publisher\" content=\"https:\/\/www.facebook.com\/partnersinrehab\/\" \/>\n<meta property=\"article:modified_time\" content=\"2019-02-15T01:19:19+00:00\" \/>\n<meta property=\"og:image\" content=\"https:\/\/www.partnersinrehab.ca\/wp-content\/uploads\/2018\/05\/speech-language-dreamstime_m_47488194.jpg\" \/>\n\t<meta property=\"og:image:width\" content=\"1800\" \/>\n\t<meta property=\"og:image:height\" content=\"800\" \/>\n\t<meta property=\"og:image:type\" content=\"image\/jpeg\" \/>\n<meta name=\"twitter:card\" content=\"summary_large_image\" \/>\n<script type=\"application\/ld+json\" class=\"yoast-schema-graph\">{\"@context\":\"https:\\\/\\\/schema.org\",\"@graph\":[{\"@type\":\"WebPage\",\"@id\":\"https:\\\/\\\/www.partnersinrehab.ca\\\/speech-language-pathology\\\/\",\"url\":\"https:\\\/\\\/www.partnersinrehab.ca\\\/speech-language-pathology\\\/\",\"name\":\"Speech Language Pathology Services - Partners In Rehab\",\"isPartOf\":{\"@id\":\"https:\\\/\\\/www.partnersinrehab.ca\\\/#website\"},\"primaryImageOfPage\":{\"@id\":\"https:\\\/\\\/www.partnersinrehab.ca\\\/speech-language-pathology\\\/#primaryimage\"},\"image\":{\"@id\":\"https:\\\/\\\/www.partnersinrehab.ca\\\/speech-language-pathology\\\/#primaryimage\"},\"thumbnailUrl\":\"https:\\\/\\\/www.partnersinrehab.ca\\\/wp-content\\\/uploads\\\/2018\\\/05\\\/speech-language-dreamstime_m_47488194.jpg\",\"datePublished\":\"2018-05-08T00:48:50+00:00\",\"dateModified\":\"2019-02-15T01:19:19+00:00\",\"description\":\"Partners In Rehab offers excellent Speech Language Pathology services to assess & intervene, on-site, at home, in school, serving Thunder Bay and District.\",\"breadcrumb\":{\"@id\":\"https:\\\/\\\/www.partnersinrehab.ca\\\/speech-language-pathology\\\/#breadcrumb\"},\"inLanguage\":\"fr-CA\",\"potentialAction\":[{\"@type\":\"ReadAction\",\"target\":[\"https:\\\/\\\/www.partnersinrehab.ca\\\/speech-language-pathology\\\/\"]}]},{\"@type\":\"ImageObject\",\"inLanguage\":\"fr-CA\",\"@id\":\"https:\\\/\\\/www.partnersinrehab.ca\\\/speech-language-pathology\\\/#primaryimage\",\"url\":\"https:\\\/\\\/www.partnersinrehab.ca\\\/wp-content\\\/uploads\\\/2018\\\/05\\\/speech-language-dreamstime_m_47488194.jpg\",\"contentUrl\":\"https:\\\/\\\/www.partnersinrehab.ca\\\/wp-content\\\/uploads\\\/2018\\\/05\\\/speech-language-dreamstime_m_47488194.jpg\",\"width\":1800,\"height\":800,\"caption\":\"Children build speech language skills through play in thunder bay and district\"},{\"@type\":\"BreadcrumbList\",\"@id\":\"https:\\\/\\\/www.partnersinrehab.ca\\\/speech-language-pathology\\\/#breadcrumb\",\"itemListElement\":[{\"@type\":\"ListItem\",\"position\":1,\"name\":\"Home\",\"item\":\"https:\\\/\\\/www.partnersinrehab.ca\\\/\"},{\"@type\":\"ListItem\",\"position\":2,\"name\":\"Speech Language Pathology Services\"}]},{\"@type\":\"WebSite\",\"@id\":\"https:\\\/\\\/www.partnersinrehab.ca\\\/#website\",\"url\":\"https:\\\/\\\/www.partnersinrehab.ca\\\/\",\"name\":\"Partners In Rehab\",\"description\":\"Community Therapy Services\",\"potentialAction\":[{\"@type\":\"SearchAction\",\"target\":{\"@type\":\"EntryPoint\",\"urlTemplate\":\"https:\\\/\\\/www.partnersinrehab.ca\\\/?s={search_term_string}\"},\"query-input\":{\"@type\":\"PropertyValueSpecification\",\"valueRequired\":true,\"valueName\":\"search_term_string\"}}],\"inLanguage\":\"fr-CA\"}]}<\/script>\n<!-- \/ Yoast SEO plugin. -->","yoast_head_json":{"title":"Speech Language Pathology Services - Partners In Rehab","description":"Partners In Rehab offers excellent Speech Language Pathology services to assess & intervene, on-site, at home, in school, serving Thunder Bay and District.","robots":{"index":"index","follow":"follow","max-snippet":"max-snippet:-1","max-image-preview":"max-image-preview:large","max-video-preview":"max-video-preview:-1"},"canonical":"https:\/\/www.partnersinrehab.ca\/fr\/speech-language-pathology\/","og_locale":"fr_CA","og_type":"article","og_title":"Speech Language Pathology Services - Partners In Rehab","og_description":"Partners In Rehab offers excellent Speech Language Pathology services to assess & intervene, on-site, at home, in school, serving Thunder Bay and District.","og_url":"https:\/\/www.partnersinrehab.ca\/fr\/speech-language-pathology\/","og_site_name":"Partners In Rehab","article_publisher":"https:\/\/www.facebook.com\/partnersinrehab\/","article_modified_time":"2019-02-15T01:19:19+00:00","og_image":[{"width":1800,"height":800,"url":"https:\/\/www.partnersinrehab.ca\/wp-content\/uploads\/2018\/05\/speech-language-dreamstime_m_47488194.jpg","type":"image\/jpeg"}],"twitter_card":"summary_large_image","schema":{"@context":"https:\/\/schema.org","@graph":[{"@type":"WebPage","@id":"https:\/\/www.partnersinrehab.ca\/speech-language-pathology\/","url":"https:\/\/www.partnersinrehab.ca\/speech-language-pathology\/","name":"Speech Language Pathology Services - Partners In Rehab","isPartOf":{"@id":"https:\/\/www.partnersinrehab.ca\/#website"},"primaryImageOfPage":{"@id":"https:\/\/www.partnersinrehab.ca\/speech-language-pathology\/#primaryimage"},"image":{"@id":"https:\/\/www.partnersinrehab.ca\/speech-language-pathology\/#primaryimage"},"thumbnailUrl":"https:\/\/www.partnersinrehab.ca\/wp-content\/uploads\/2018\/05\/speech-language-dreamstime_m_47488194.jpg","datePublished":"2018-05-08T00:48:50+00:00","dateModified":"2019-02-15T01:19:19+00:00","description":"Partners In Rehab offers excellent Speech Language Pathology services to assess & intervene, on-site, at home, in school, serving Thunder Bay and District.","breadcrumb":{"@id":"https:\/\/www.partnersinrehab.ca\/speech-language-pathology\/#breadcrumb"},"inLanguage":"fr-CA","potentialAction":[{"@type":"ReadAction","target":["https:\/\/www.partnersinrehab.ca\/speech-language-pathology\/"]}]},{"@type":"ImageObject","inLanguage":"fr-CA","@id":"https:\/\/www.partnersinrehab.ca\/speech-language-pathology\/#primaryimage","url":"https:\/\/www.partnersinrehab.ca\/wp-content\/uploads\/2018\/05\/speech-language-dreamstime_m_47488194.jpg","contentUrl":"https:\/\/www.partnersinrehab.ca\/wp-content\/uploads\/2018\/05\/speech-language-dreamstime_m_47488194.jpg","width":1800,"height":800,"caption":"Children build speech language skills through play in thunder bay and district"},{"@type":"BreadcrumbList","@id":"https:\/\/www.partnersinrehab.ca\/speech-language-pathology\/#breadcrumb","itemListElement":[{"@type":"ListItem","position":1,"name":"Home","item":"https:\/\/www.partnersinrehab.ca\/"},{"@type":"ListItem","position":2,"name":"Speech Language Pathology Services"}]},{"@type":"WebSite","@id":"https:\/\/www.partnersinrehab.ca\/#website","url":"https:\/\/www.partnersinrehab.ca\/","name":"Partners In Rehab","description":"Community Therapy Services","potentialAction":[{"@type":"SearchAction","target":{"@type":"EntryPoint","urlTemplate":"https:\/\/www.partnersinrehab.ca\/?s={search_term_string}"},"query-input":{"@type":"PropertyValueSpecification","valueRequired":true,"valueName":"search_term_string"}}],"inLanguage":"fr-CA"}]}},"_links":{"self":[{"href":"https:\/\/www.partnersinrehab.ca\/fr\/wp-json\/wp\/v2\/pages\/47","targetHints":{"allow":["GET"]}}],"collection":[{"href":"https:\/\/www.partnersinrehab.ca\/fr\/wp-json\/wp\/v2\/pages"}],"about":[{"href":"https:\/\/www.partnersinrehab.ca\/fr\/wp-json\/wp\/v2\/types\/page"}],"author":[{"embeddable":true,"href":"https:\/\/www.partnersinrehab.ca\/fr\/wp-json\/wp\/v2\/users\/1"}],"replies":[{"embeddable":true,"href":"https:\/\/www.partnersinrehab.ca\/fr\/wp-json\/wp\/v2\/comments?post=47"}],"version-history":[{"count":3,"href":"https:\/\/www.partnersinrehab.ca\/fr\/wp-json\/wp\/v2\/pages\/47\/revisions"}],"predecessor-version":[{"id":550,"href":"https:\/\/www.partnersinrehab.ca\/fr\/wp-json\/wp\/v2\/pages\/47\/revisions\/550"}],"wp:featuredmedia":[{"embeddable":true,"href":"https:\/\/www.partnersinrehab.ca\/fr\/wp-json\/wp\/v2\/media\/311"}],"wp:attachment":[{"href":"https:\/\/www.partnersinrehab.ca\/fr\/wp-json\/wp\/v2\/media?parent=47"}],"curies":[{"name":"wp","href":"https:\/\/api.w.org\/{rel}","templated":true}]}}