{"id":45,"date":"2018-05-08T00:47:52","date_gmt":"2018-05-08T00:47:52","guid":{"rendered":"https:\/\/partnersinrehab.ca\/?page_id=45"},"modified":"2019-05-23T13:42:33","modified_gmt":"2019-05-23T17:42:33","slug":"physiotherapy-services","status":"publish","type":"page","link":"https:\/\/www.partnersinrehab.ca\/fr\/physiotherapy-services\/","title":{"rendered":"Services De Physioth\u00e9rapie"},"content":{"rendered":"<p>La physioth\u00e9rapie est une profession de sant\u00e9 qui s'occupe de l'\u00e9valuation, du maintien et de la restauration de la fonction physique et des \nperformances du corps. Les physioth\u00e9rapeutes ne s'int\u00e9ressent pas seulement aux probl\u00e8mes distincts li\u00e9s aux performances du corps, mais aussi aux facteurs qui contribuent au probl\u00e8me (mauvaise posture, techniques inappropri\u00e9es, d\u00e9s\u00e9quilibres musculaires, mauvaises pratiques de travail, etc.) et les interventions qui peuvent corriger ces probl\u00e8mes.<\/p>\n<p><img loading=\"lazy\" decoding=\"async\" class=\"alignright wp-image-374 size-medium\" src=\"https:\/\/partnersinrehab.ca\/wp-content\/uploads\/2018\/06\/physio-vert-66208154-200x300.jpg\" alt=\"\" width=\"200\" height=\"300\" srcset=\"https:\/\/www.partnersinrehab.ca\/wp-content\/uploads\/2018\/06\/physio-vert-66208154-200x300.jpg 200w, https:\/\/www.partnersinrehab.ca\/wp-content\/uploads\/2018\/06\/physio-vert-66208154-100x150.jpg 100w, https:\/\/www.partnersinrehab.ca\/wp-content\/uploads\/2018\/06\/physio-vert-66208154.jpg 400w\" sizes=\"auto, (max-width: 200px) 100vw, 200px\" \/>Les services de physioth\u00e9rapie comprennent:<\/p>\n<ul>\n<li>\u00c9valuation en physioth\u00e9rapie<\/li>\n<li><a href=\"https:\/\/www.partnersinrehab.ca\/fr\/out-patient-physiotherapy-clinic\/\">Clinique de physioth\u00e9rapie \u00e0 service complet<\/a><\/li>\n<li>Soins \u00e0 domicile (services de physioth\u00e9rapie \u00e0 domicile pour les clients qui ne peuvent pas acc\u00e9der \u00e0 la communaut\u00e9)<\/li>\n<li>\u00c9valuation de la d\u00e9marche et entra\u00eenement<\/li>\n<li>Clinique de l'\u00e9quilibre et des vertiges<\/li>\n<li>Acupuncture<\/li>\n<li>Traitement personnalis\u00e9 en fonction des besoins et des objectifs<\/li>\n<li>Programmes de pr\u00e9paration au retour au travail<\/li>\n<li>Programmes de retour aux activit\u00e9s de la vie normale<\/li>\n<li>Assistants en physioth\u00e9rapie qualifi\u00e9s<\/li>\n<\/ul>","protected":false},"excerpt":{"rendered":"<p>Physiotherapy is a health profession concerned with the assessment, maintenance, and restoration of the physical function and performance of the body.\u00a0 Physiotherapists are not only interested in distinct problems related to performance of the body, but also in factors which contribute to the problem (ie. poor posture, improper techniques, muscle imbalances, poor work practices, etc.) and interventions which can correct &#8230; <a href=\"https:\/\/www.partnersinrehab.ca\/fr\/physiotherapy-services\/\" class=\"more-link\">Read More<\/a><\/p>","protected":false},"author":1,"featured_media":415,"parent":0,"menu_order":0,"comment_status":"closed","ping_status":"closed","template":"template-layout-full-width.php","meta":{"footnotes":""},"class_list":["post-45","page","type-page","status-publish","has-post-thumbnail","hentry"],"yoast_head":"<!-- This site is optimized with the Yoast SEO plugin v27.3 - https:\/\/yoast.com\/product\/yoast-seo-wordpress\/ -->\n<title>Physiotherapy Services - Partners In Rehab<\/title>\n<meta name=\"description\" content=\"The excellent Physiotherapy Services at Partners In Rehab work to assess, maintain, and restore optimal performance, serving Thunder Bay and District.\" \/>\n<meta name=\"robots\" content=\"index, follow, max-snippet:-1, max-image-preview:large, max-video-preview:-1\" \/>\n<link rel=\"canonical\" href=\"https:\/\/www.partnersinrehab.ca\/fr\/physiotherapy-services\/\" \/>\n<meta property=\"og:locale\" content=\"fr_CA\" \/>\n<meta property=\"og:type\" content=\"article\" \/>\n<meta property=\"og:title\" content=\"Physiotherapy Services - Partners In Rehab\" \/>\n<meta property=\"og:description\" content=\"The excellent Physiotherapy Services at Partners In Rehab work to assess, maintain, and restore optimal performance, serving Thunder Bay and District.\" \/>\n<meta property=\"og:url\" content=\"https:\/\/www.partnersinrehab.ca\/fr\/physiotherapy-services\/\" \/>\n<meta property=\"og:site_name\" content=\"Partners In Rehab\" \/>\n<meta property=\"article:publisher\" content=\"https:\/\/www.facebook.com\/partnersinrehab\/\" \/>\n<meta property=\"article:modified_time\" content=\"2019-05-23T17:42:33+00:00\" \/>\n<meta property=\"og:image\" content=\"https:\/\/www.partnersinrehab.ca\/wp-content\/uploads\/2018\/06\/physio-97390028.jpg\" \/>\n\t<meta property=\"og:image:width\" content=\"1800\" \/>\n\t<meta property=\"og:image:height\" content=\"800\" \/>\n\t<meta property=\"og:image:type\" content=\"image\/jpeg\" \/>\n<meta name=\"twitter:card\" content=\"summary_large_image\" \/>\n<meta name=\"twitter:label1\" content=\"Estimation du temps de lecture\" \/>\n\t<meta name=\"twitter:data1\" content=\"1 minute\" \/>\n<script type=\"application\/ld+json\" class=\"yoast-schema-graph\">{\"@context\":\"https:\\\/\\\/schema.org\",\"@graph\":[{\"@type\":\"WebPage\",\"@id\":\"https:\\\/\\\/www.partnersinrehab.ca\\\/physiotherapy-services\\\/\",\"url\":\"https:\\\/\\\/www.partnersinrehab.ca\\\/physiotherapy-services\\\/\",\"name\":\"Physiotherapy Services - Partners In Rehab\",\"isPartOf\":{\"@id\":\"https:\\\/\\\/www.partnersinrehab.ca\\\/#website\"},\"primaryImageOfPage\":{\"@id\":\"https:\\\/\\\/www.partnersinrehab.ca\\\/physiotherapy-services\\\/#primaryimage\"},\"image\":{\"@id\":\"https:\\\/\\\/www.partnersinrehab.ca\\\/physiotherapy-services\\\/#primaryimage\"},\"thumbnailUrl\":\"https:\\\/\\\/www.partnersinrehab.ca\\\/wp-content\\\/uploads\\\/2018\\\/06\\\/physio-97390028.jpg\",\"datePublished\":\"2018-05-08T00:47:52+00:00\",\"dateModified\":\"2019-05-23T17:42:33+00:00\",\"description\":\"The excellent Physiotherapy Services at Partners In Rehab work to assess, maintain, and restore optimal performance, serving Thunder Bay and District.\",\"breadcrumb\":{\"@id\":\"https:\\\/\\\/www.partnersinrehab.ca\\\/physiotherapy-services\\\/#breadcrumb\"},\"inLanguage\":\"fr-CA\",\"potentialAction\":[{\"@type\":\"ReadAction\",\"target\":[\"https:\\\/\\\/www.partnersinrehab.ca\\\/physiotherapy-services\\\/\"]}]},{\"@type\":\"ImageObject\",\"inLanguage\":\"fr-CA\",\"@id\":\"https:\\\/\\\/www.partnersinrehab.ca\\\/physiotherapy-services\\\/#primaryimage\",\"url\":\"https:\\\/\\\/www.partnersinrehab.ca\\\/wp-content\\\/uploads\\\/2018\\\/06\\\/physio-97390028.jpg\",\"contentUrl\":\"https:\\\/\\\/www.partnersinrehab.ca\\\/wp-content\\\/uploads\\\/2018\\\/06\\\/physio-97390028.jpg\",\"width\":1800,\"height\":800,\"caption\":\"physiotherapy services in thunder bay and district\"},{\"@type\":\"BreadcrumbList\",\"@id\":\"https:\\\/\\\/www.partnersinrehab.ca\\\/physiotherapy-services\\\/#breadcrumb\",\"itemListElement\":[{\"@type\":\"ListItem\",\"position\":1,\"name\":\"Home\",\"item\":\"https:\\\/\\\/www.partnersinrehab.ca\\\/\"},{\"@type\":\"ListItem\",\"position\":2,\"name\":\"Physiotherapy Services\"}]},{\"@type\":\"WebSite\",\"@id\":\"https:\\\/\\\/www.partnersinrehab.ca\\\/#website\",\"url\":\"https:\\\/\\\/www.partnersinrehab.ca\\\/\",\"name\":\"Partners In Rehab\",\"description\":\"Community Therapy Services\",\"potentialAction\":[{\"@type\":\"SearchAction\",\"target\":{\"@type\":\"EntryPoint\",\"urlTemplate\":\"https:\\\/\\\/www.partnersinrehab.ca\\\/?s={search_term_string}\"},\"query-input\":{\"@type\":\"PropertyValueSpecification\",\"valueRequired\":true,\"valueName\":\"search_term_string\"}}],\"inLanguage\":\"fr-CA\"}]}<\/script>\n<!-- \/ Yoast SEO plugin. -->","yoast_head_json":{"title":"Physiotherapy Services - Partners In Rehab","description":"The excellent Physiotherapy Services at Partners In Rehab work to assess, maintain, and restore optimal performance, serving Thunder Bay and District.","robots":{"index":"index","follow":"follow","max-snippet":"max-snippet:-1","max-image-preview":"max-image-preview:large","max-video-preview":"max-video-preview:-1"},"canonical":"https:\/\/www.partnersinrehab.ca\/fr\/physiotherapy-services\/","og_locale":"fr_CA","og_type":"article","og_title":"Physiotherapy Services - Partners In Rehab","og_description":"The excellent Physiotherapy Services at Partners In Rehab work to assess, maintain, and restore optimal performance, serving Thunder Bay and District.","og_url":"https:\/\/www.partnersinrehab.ca\/fr\/physiotherapy-services\/","og_site_name":"Partners In Rehab","article_publisher":"https:\/\/www.facebook.com\/partnersinrehab\/","article_modified_time":"2019-05-23T17:42:33+00:00","og_image":[{"width":1800,"height":800,"url":"https:\/\/www.partnersinrehab.ca\/wp-content\/uploads\/2018\/06\/physio-97390028.jpg","type":"image\/jpeg"}],"twitter_card":"summary_large_image","twitter_misc":{"Estimation du temps de lecture":"1 minute"},"schema":{"@context":"https:\/\/schema.org","@graph":[{"@type":"WebPage","@id":"https:\/\/www.partnersinrehab.ca\/physiotherapy-services\/","url":"https:\/\/www.partnersinrehab.ca\/physiotherapy-services\/","name":"Physiotherapy Services - Partners In Rehab","isPartOf":{"@id":"https:\/\/www.partnersinrehab.ca\/#website"},"primaryImageOfPage":{"@id":"https:\/\/www.partnersinrehab.ca\/physiotherapy-services\/#primaryimage"},"image":{"@id":"https:\/\/www.partnersinrehab.ca\/physiotherapy-services\/#primaryimage"},"thumbnailUrl":"https:\/\/www.partnersinrehab.ca\/wp-content\/uploads\/2018\/06\/physio-97390028.jpg","datePublished":"2018-05-08T00:47:52+00:00","dateModified":"2019-05-23T17:42:33+00:00","description":"The excellent Physiotherapy Services at Partners In Rehab work to assess, maintain, and restore optimal performance, serving Thunder Bay and District.","breadcrumb":{"@id":"https:\/\/www.partnersinrehab.ca\/physiotherapy-services\/#breadcrumb"},"inLanguage":"fr-CA","potentialAction":[{"@type":"ReadAction","target":["https:\/\/www.partnersinrehab.ca\/physiotherapy-services\/"]}]},{"@type":"ImageObject","inLanguage":"fr-CA","@id":"https:\/\/www.partnersinrehab.ca\/physiotherapy-services\/#primaryimage","url":"https:\/\/www.partnersinrehab.ca\/wp-content\/uploads\/2018\/06\/physio-97390028.jpg","contentUrl":"https:\/\/www.partnersinrehab.ca\/wp-content\/uploads\/2018\/06\/physio-97390028.jpg","width":1800,"height":800,"caption":"physiotherapy services in thunder bay and district"},{"@type":"BreadcrumbList","@id":"https:\/\/www.partnersinrehab.ca\/physiotherapy-services\/#breadcrumb","itemListElement":[{"@type":"ListItem","position":1,"name":"Home","item":"https:\/\/www.partnersinrehab.ca\/"},{"@type":"ListItem","position":2,"name":"Physiotherapy Services"}]},{"@type":"WebSite","@id":"https:\/\/www.partnersinrehab.ca\/#website","url":"https:\/\/www.partnersinrehab.ca\/","name":"Partners In Rehab","description":"Community Therapy Services","potentialAction":[{"@type":"SearchAction","target":{"@type":"EntryPoint","urlTemplate":"https:\/\/www.partnersinrehab.ca\/?s={search_term_string}"},"query-input":{"@type":"PropertyValueSpecification","valueRequired":true,"valueName":"search_term_string"}}],"inLanguage":"fr-CA"}]}},"_links":{"self":[{"href":"https:\/\/www.partnersinrehab.ca\/fr\/wp-json\/wp\/v2\/pages\/45","targetHints":{"allow":["GET"]}}],"collection":[{"href":"https:\/\/www.partnersinrehab.ca\/fr\/wp-json\/wp\/v2\/pages"}],"about":[{"href":"https:\/\/www.partnersinrehab.ca\/fr\/wp-json\/wp\/v2\/types\/page"}],"author":[{"embeddable":true,"href":"https:\/\/www.partnersinrehab.ca\/fr\/wp-json\/wp\/v2\/users\/1"}],"replies":[{"embeddable":true,"href":"https:\/\/www.partnersinrehab.ca\/fr\/wp-json\/wp\/v2\/comments?post=45"}],"version-history":[{"count":10,"href":"https:\/\/www.partnersinrehab.ca\/fr\/wp-json\/wp\/v2\/pages\/45\/revisions"}],"predecessor-version":[{"id":586,"href":"https:\/\/www.partnersinrehab.ca\/fr\/wp-json\/wp\/v2\/pages\/45\/revisions\/586"}],"wp:featuredmedia":[{"embeddable":true,"href":"https:\/\/www.partnersinrehab.ca\/fr\/wp-json\/wp\/v2\/media\/415"}],"wp:attachment":[{"href":"https:\/\/www.partnersinrehab.ca\/fr\/wp-json\/wp\/v2\/media?parent=45"}],"curies":[{"name":"wp","href":"https:\/\/api.w.org\/{rel}","templated":true}]}}