{"id":405,"date":"2018-06-05T11:58:07","date_gmt":"2018-06-05T11:58:07","guid":{"rendered":"https:\/\/partnersinrehab.ca\/?page_id=405"},"modified":"2019-02-14T20:32:54","modified_gmt":"2019-02-15T01:32:54","slug":"vocational-assessment-counselling-services","status":"publish","type":"page","link":"https:\/\/www.partnersinrehab.ca\/fr\/vocational-assessment-counselling-services\/","title":{"rendered":"Services D'\u00e9valuation Et \nD'orientation Professionnelles"},"content":{"rendered":"<p><img loading=\"lazy\" decoding=\"async\" class=\"alignright wp-image-426 size-medium\" src=\"https:\/\/partnersinrehab.ca\/wp-content\/uploads\/2018\/06\/vocassess-vert-12829944-200x300.jpg\" alt=\"\" width=\"200\" height=\"300\" srcset=\"https:\/\/www.partnersinrehab.ca\/wp-content\/uploads\/2018\/06\/vocassess-vert-12829944-200x300.jpg 200w, https:\/\/www.partnersinrehab.ca\/wp-content\/uploads\/2018\/06\/vocassess-vert-12829944-100x150.jpg 100w, https:\/\/www.partnersinrehab.ca\/wp-content\/uploads\/2018\/06\/vocassess-vert-12829944.jpg 400w\" sizes=\"auto, (max-width: 200px) 100vw, 200px\" \/>Notre \u00e9quipe d'\u00e9valuation de la r\u00e9adaptation professionnelle et de services de conseil poss\u00e8de une vaste exp\u00e9rience dans les domaines suivants :<\/p>\n<ul>\n<li>Analyse compl\u00e8te des comp\u00e9tences transf\u00e9rables et \u00e9valuations professionnelles<\/li>\n<li>Perspective globale de la personne en ce qui concerne la r\u00e9adaptation professionnelle<\/li>\n<li>Utilisation d'\u00e9valuations professionnelles standardis\u00e9es (GATB, WRAT 4, CWPI)<\/li>\n<li>Enqu\u00eates compl\u00e8tes sur le march\u00e9 du travail<\/li>\n<li>\u00c9laboration et suivi d'essais de travail et de plans de retour progressif \u00e0 l'emploi<\/li>\n<li>Collaboration avec divers syst\u00e8mes, notamment l'invalidit\u00e9 de longue dur\u00e9e, la WSIB, les assureurs \nautomobiles et les repr\u00e9sentants syndicaux.<\/li>\n<li>\u00c9valuations m\u00e9dico-l\u00e9gales, professionnelles et de r\u00e9adaptation<\/li>\n<li>\u00c9valuations de la capacit\u00e9 fonctionnelle \u00e0 l'aide du BTE<\/li>\n<li>Simulation de travail<\/li>\n<li>Analyse des exigences cognitives et \u00e9valuation des capacit\u00e9s cognitives<\/li>\n<li>Analyse des exigences physiques<\/li>\n<li>\u00c9valuations ergonomiques<\/li>\n<li>\u00c9valuation du lieu de travail<\/li>\n<li>Coaching professionnel<\/li>\n<li><a href=\"https:\/\/www.partnersinrehab.ca\/fr\/vocational-rehabilitation-program\/\">Soutien au retour au travail<\/a><\/li>\n<li>Renforcement des comp\u00e9tences professionnelles<\/li>\n<\/ul>","protected":false},"excerpt":{"rendered":"<p>Our Vocational Rehabilitation Assessment and Counselling Services Treatment Team has extensive experience in: Comprehensive Transferrable Skills Analysis and Vocational Assessments Whole Person Perspective related to Vocational Rehabilitation Use of Standardized Vocational Assessments (GATB, WRAT 4, CWPI) Comprehensive Labour Market Surveys Development and monitoring of work trials and graduated return to work plans Working with various systems including long term disability, &#8230; <a href=\"https:\/\/www.partnersinrehab.ca\/fr\/vocational-assessment-counselling-services\/\" class=\"more-link\">Read More<\/a><\/p>","protected":false},"author":1,"featured_media":435,"parent":0,"menu_order":0,"comment_status":"closed","ping_status":"closed","template":"template-layout-full-width.php","meta":{"footnotes":""},"class_list":["post-405","page","type-page","status-publish","has-post-thumbnail","hentry"],"yoast_head":"<!-- This site is optimized with the Yoast SEO plugin v27.3 - https:\/\/yoast.com\/product\/yoast-seo-wordpress\/ -->\n<title>Vocational Assessment &amp; Counselling Services - Partners In Rehab<\/title>\n<meta name=\"description\" content=\"Partners In Rehab&#039;s trusted Vocational Assessment &amp; Counselling Services utilize OT, PT, SLP, and more, serving Thunder Bay and District, open M-F.\" \/>\n<meta name=\"robots\" content=\"index, follow, max-snippet:-1, max-image-preview:large, max-video-preview:-1\" \/>\n<link rel=\"canonical\" href=\"https:\/\/www.partnersinrehab.ca\/fr\/vocational-assessment-counselling-services\/\" \/>\n<meta property=\"og:locale\" content=\"fr_CA\" \/>\n<meta property=\"og:type\" content=\"article\" \/>\n<meta property=\"og:title\" content=\"Vocational Assessment &amp; Counselling Services - Partners In Rehab\" \/>\n<meta property=\"og:description\" content=\"Partners In Rehab&#039;s trusted Vocational Assessment &amp; Counselling Services utilize OT, PT, SLP, and more, serving Thunder Bay and District, open M-F.\" \/>\n<meta property=\"og:url\" content=\"https:\/\/www.partnersinrehab.ca\/fr\/vocational-assessment-counselling-services\/\" \/>\n<meta property=\"og:site_name\" content=\"Partners In Rehab\" \/>\n<meta property=\"article:publisher\" content=\"https:\/\/www.facebook.com\/partnersinrehab\/\" \/>\n<meta property=\"article:modified_time\" content=\"2019-02-15T01:32:54+00:00\" \/>\n<meta property=\"og:image\" content=\"https:\/\/www.partnersinrehab.ca\/wp-content\/uploads\/2018\/06\/vocationalassess-60567634.jpg\" \/>\n\t<meta property=\"og:image:width\" content=\"1800\" \/>\n\t<meta property=\"og:image:height\" content=\"799\" \/>\n\t<meta property=\"og:image:type\" content=\"image\/jpeg\" \/>\n<meta name=\"twitter:card\" content=\"summary_large_image\" \/>\n<meta name=\"twitter:label1\" content=\"Estimation du temps de lecture\" \/>\n\t<meta name=\"twitter:data1\" content=\"1 minute\" \/>\n<script type=\"application\/ld+json\" class=\"yoast-schema-graph\">{\"@context\":\"https:\\\/\\\/schema.org\",\"@graph\":[{\"@type\":\"WebPage\",\"@id\":\"https:\\\/\\\/www.partnersinrehab.ca\\\/vocational-assessment-counselling-services\\\/\",\"url\":\"https:\\\/\\\/www.partnersinrehab.ca\\\/vocational-assessment-counselling-services\\\/\",\"name\":\"Vocational Assessment & Counselling Services - Partners In Rehab\",\"isPartOf\":{\"@id\":\"https:\\\/\\\/www.partnersinrehab.ca\\\/#website\"},\"primaryImageOfPage\":{\"@id\":\"https:\\\/\\\/www.partnersinrehab.ca\\\/vocational-assessment-counselling-services\\\/#primaryimage\"},\"image\":{\"@id\":\"https:\\\/\\\/www.partnersinrehab.ca\\\/vocational-assessment-counselling-services\\\/#primaryimage\"},\"thumbnailUrl\":\"https:\\\/\\\/www.partnersinrehab.ca\\\/wp-content\\\/uploads\\\/2018\\\/06\\\/vocationalassess-60567634.jpg\",\"datePublished\":\"2018-06-05T11:58:07+00:00\",\"dateModified\":\"2019-02-15T01:32:54+00:00\",\"description\":\"Partners In Rehab's trusted Vocational Assessment & Counselling Services utilize OT, PT, SLP, and more, serving Thunder Bay and District, open M-F.\",\"breadcrumb\":{\"@id\":\"https:\\\/\\\/www.partnersinrehab.ca\\\/vocational-assessment-counselling-services\\\/#breadcrumb\"},\"inLanguage\":\"fr-CA\",\"potentialAction\":[{\"@type\":\"ReadAction\",\"target\":[\"https:\\\/\\\/www.partnersinrehab.ca\\\/vocational-assessment-counselling-services\\\/\"]}]},{\"@type\":\"ImageObject\",\"inLanguage\":\"fr-CA\",\"@id\":\"https:\\\/\\\/www.partnersinrehab.ca\\\/vocational-assessment-counselling-services\\\/#primaryimage\",\"url\":\"https:\\\/\\\/www.partnersinrehab.ca\\\/wp-content\\\/uploads\\\/2018\\\/06\\\/vocationalassess-60567634.jpg\",\"contentUrl\":\"https:\\\/\\\/www.partnersinrehab.ca\\\/wp-content\\\/uploads\\\/2018\\\/06\\\/vocationalassess-60567634.jpg\",\"width\":1800,\"height\":799,\"caption\":\"vocational assessment & counselling thunder bay\"},{\"@type\":\"BreadcrumbList\",\"@id\":\"https:\\\/\\\/www.partnersinrehab.ca\\\/vocational-assessment-counselling-services\\\/#breadcrumb\",\"itemListElement\":[{\"@type\":\"ListItem\",\"position\":1,\"name\":\"Home\",\"item\":\"https:\\\/\\\/www.partnersinrehab.ca\\\/\"},{\"@type\":\"ListItem\",\"position\":2,\"name\":\"Vocational Assessment &#038; Counselling Services\"}]},{\"@type\":\"WebSite\",\"@id\":\"https:\\\/\\\/www.partnersinrehab.ca\\\/#website\",\"url\":\"https:\\\/\\\/www.partnersinrehab.ca\\\/\",\"name\":\"Partners In Rehab\",\"description\":\"Community Therapy Services\",\"potentialAction\":[{\"@type\":\"SearchAction\",\"target\":{\"@type\":\"EntryPoint\",\"urlTemplate\":\"https:\\\/\\\/www.partnersinrehab.ca\\\/?s={search_term_string}\"},\"query-input\":{\"@type\":\"PropertyValueSpecification\",\"valueRequired\":true,\"valueName\":\"search_term_string\"}}],\"inLanguage\":\"fr-CA\"}]}<\/script>\n<!-- \/ Yoast SEO plugin. -->","yoast_head_json":{"title":"Vocational Assessment & Counselling Services - Partners In Rehab","description":"Partners In Rehab's trusted Vocational Assessment & Counselling Services utilize OT, PT, SLP, and more, serving Thunder Bay and District, open M-F.","robots":{"index":"index","follow":"follow","max-snippet":"max-snippet:-1","max-image-preview":"max-image-preview:large","max-video-preview":"max-video-preview:-1"},"canonical":"https:\/\/www.partnersinrehab.ca\/fr\/vocational-assessment-counselling-services\/","og_locale":"fr_CA","og_type":"article","og_title":"Vocational Assessment & Counselling Services - Partners In Rehab","og_description":"Partners In Rehab's trusted Vocational Assessment & Counselling Services utilize OT, PT, SLP, and more, serving Thunder Bay and District, open M-F.","og_url":"https:\/\/www.partnersinrehab.ca\/fr\/vocational-assessment-counselling-services\/","og_site_name":"Partners In Rehab","article_publisher":"https:\/\/www.facebook.com\/partnersinrehab\/","article_modified_time":"2019-02-15T01:32:54+00:00","og_image":[{"width":1800,"height":799,"url":"https:\/\/www.partnersinrehab.ca\/wp-content\/uploads\/2018\/06\/vocationalassess-60567634.jpg","type":"image\/jpeg"}],"twitter_card":"summary_large_image","twitter_misc":{"Estimation du temps de lecture":"1 minute"},"schema":{"@context":"https:\/\/schema.org","@graph":[{"@type":"WebPage","@id":"https:\/\/www.partnersinrehab.ca\/vocational-assessment-counselling-services\/","url":"https:\/\/www.partnersinrehab.ca\/vocational-assessment-counselling-services\/","name":"Vocational Assessment & Counselling Services - Partners In Rehab","isPartOf":{"@id":"https:\/\/www.partnersinrehab.ca\/#website"},"primaryImageOfPage":{"@id":"https:\/\/www.partnersinrehab.ca\/vocational-assessment-counselling-services\/#primaryimage"},"image":{"@id":"https:\/\/www.partnersinrehab.ca\/vocational-assessment-counselling-services\/#primaryimage"},"thumbnailUrl":"https:\/\/www.partnersinrehab.ca\/wp-content\/uploads\/2018\/06\/vocationalassess-60567634.jpg","datePublished":"2018-06-05T11:58:07+00:00","dateModified":"2019-02-15T01:32:54+00:00","description":"Partners In Rehab's trusted Vocational Assessment & Counselling Services utilize OT, PT, SLP, and more, serving Thunder Bay and District, open M-F.","breadcrumb":{"@id":"https:\/\/www.partnersinrehab.ca\/vocational-assessment-counselling-services\/#breadcrumb"},"inLanguage":"fr-CA","potentialAction":[{"@type":"ReadAction","target":["https:\/\/www.partnersinrehab.ca\/vocational-assessment-counselling-services\/"]}]},{"@type":"ImageObject","inLanguage":"fr-CA","@id":"https:\/\/www.partnersinrehab.ca\/vocational-assessment-counselling-services\/#primaryimage","url":"https:\/\/www.partnersinrehab.ca\/wp-content\/uploads\/2018\/06\/vocationalassess-60567634.jpg","contentUrl":"https:\/\/www.partnersinrehab.ca\/wp-content\/uploads\/2018\/06\/vocationalassess-60567634.jpg","width":1800,"height":799,"caption":"vocational assessment & counselling thunder bay"},{"@type":"BreadcrumbList","@id":"https:\/\/www.partnersinrehab.ca\/vocational-assessment-counselling-services\/#breadcrumb","itemListElement":[{"@type":"ListItem","position":1,"name":"Home","item":"https:\/\/www.partnersinrehab.ca\/"},{"@type":"ListItem","position":2,"name":"Vocational Assessment &#038; Counselling Services"}]},{"@type":"WebSite","@id":"https:\/\/www.partnersinrehab.ca\/#website","url":"https:\/\/www.partnersinrehab.ca\/","name":"Partners In Rehab","description":"Community Therapy Services","potentialAction":[{"@type":"SearchAction","target":{"@type":"EntryPoint","urlTemplate":"https:\/\/www.partnersinrehab.ca\/?s={search_term_string}"},"query-input":{"@type":"PropertyValueSpecification","valueRequired":true,"valueName":"search_term_string"}}],"inLanguage":"fr-CA"}]}},"_links":{"self":[{"href":"https:\/\/www.partnersinrehab.ca\/fr\/wp-json\/wp\/v2\/pages\/405","targetHints":{"allow":["GET"]}}],"collection":[{"href":"https:\/\/www.partnersinrehab.ca\/fr\/wp-json\/wp\/v2\/pages"}],"about":[{"href":"https:\/\/www.partnersinrehab.ca\/fr\/wp-json\/wp\/v2\/types\/page"}],"author":[{"embeddable":true,"href":"https:\/\/www.partnersinrehab.ca\/fr\/wp-json\/wp\/v2\/users\/1"}],"replies":[{"embeddable":true,"href":"https:\/\/www.partnersinrehab.ca\/fr\/wp-json\/wp\/v2\/comments?post=405"}],"version-history":[{"count":6,"href":"https:\/\/www.partnersinrehab.ca\/fr\/wp-json\/wp\/v2\/pages\/405\/revisions"}],"predecessor-version":[{"id":554,"href":"https:\/\/www.partnersinrehab.ca\/fr\/wp-json\/wp\/v2\/pages\/405\/revisions\/554"}],"wp:featuredmedia":[{"embeddable":true,"href":"https:\/\/www.partnersinrehab.ca\/fr\/wp-json\/wp\/v2\/media\/435"}],"wp:attachment":[{"href":"https:\/\/www.partnersinrehab.ca\/fr\/wp-json\/wp\/v2\/media?parent=405"}],"curies":[{"name":"wp","href":"https:\/\/api.w.org\/{rel}","templated":true}]}}