{"id":402,"date":"2018-06-05T11:56:36","date_gmt":"2018-06-05T11:56:36","guid":{"rendered":"https:\/\/partnersinrehab.ca\/?page_id=402"},"modified":"2019-02-14T19:37:19","modified_gmt":"2019-02-15T00:37:19","slug":"motor-vehicle-accident-rehab-program","status":"publish","type":"page","link":"https:\/\/www.partnersinrehab.ca\/fr\/motor-vehicle-accident-rehab-program\/","title":{"rendered":"Programme De R\u00e9adaptation Apr\u00e8s \nUn Accident De La Route"},"content":{"rendered":"<p><img loading=\"lazy\" decoding=\"async\" class=\"alignright size-medium wp-image-429\" src=\"https:\/\/partnersinrehab.ca\/wp-content\/uploads\/2018\/06\/vehicleaccident-vert-38302618-200x300.jpg\" alt=\"\" width=\"200\" height=\"300\" srcset=\"https:\/\/www.partnersinrehab.ca\/wp-content\/uploads\/2018\/06\/vehicleaccident-vert-38302618-200x300.jpg 200w, https:\/\/www.partnersinrehab.ca\/wp-content\/uploads\/2018\/06\/vehicleaccident-vert-38302618-100x150.jpg 100w, https:\/\/www.partnersinrehab.ca\/wp-content\/uploads\/2018\/06\/vehicleaccident-vert-38302618.jpg 400w\" sizes=\"auto, (max-width: 200px) 100vw, 200px\" \/><\/p>\n<p>Notre \u00e9quipe juridique sp\u00e9cialis\u00e9e dans l'assurance automobile et les soins m\u00e9dicaux poss\u00e8de une vaste exp\u00e9rience dans les domaines suivants:<\/p>\n<ul>\n<li>Les demandes d'indemnisation en cas de collision de v\u00e9hicules \u00e0 moteur et les formulaires connexes<\/li>\n<li>Politiques et proc\u00e9dures HCAI<\/li>\n<li>Travail d'\u00e9quipe multidisciplinaire pour les blessures complexes<\/li>\n<li>Compr\u00e9hension de l'Annexe sur les indemnit\u00e9s d'accident l\u00e9gales (AIAL)<\/li>\n<li>Travail avec les experts en assurance et les avocats<\/li>\n<li>Gestion des cas de blessures catastrophiques<\/li>\n<li>Planification des soins de sant\u00e9<\/li>\n<li>R\u00e9alisation d'\u00e9valuations du formulaire 1<\/li>\n<li>\u00c9tablissement des certificats d'invalidit\u00e9<\/li>\n<li>Navigation dans le syst\u00e8me<\/li>\n<\/ul>","protected":false},"excerpt":{"rendered":"<p>Our Auto Insurance and Medical Legal Team has extensive experience in: Motor Vehicle Collision Claims and related forms HCAI Policies and Procedures Multi-Discipline Team Work for complex injuries Understanding of Statutory Accident Benefits Schedule (SABS) Working with Insurance Adjusters and Lawyers Catastrophic Injury Case Management Life Care Planning Completion of Form 1 Assessments Completion of Disability Certificates System Navigation<\/p>","protected":false},"author":1,"featured_media":437,"parent":0,"menu_order":0,"comment_status":"closed","ping_status":"closed","template":"template-layout-full-width.php","meta":{"footnotes":""},"class_list":["post-402","page","type-page","status-publish","has-post-thumbnail","hentry"],"yoast_head":"<!-- This site is optimized with the Yoast SEO plugin v27.3 - https:\/\/yoast.com\/product\/yoast-seo-wordpress\/ -->\n<title>Motor Vehicle Accident Rehab Program - Partners In Rehab<\/title>\n<meta name=\"description\" content=\"Partners In Rehab&#039;s experienced Insurance and Medical Legal Team design individualized Motor Vehicle Accident Rehab Programs, serving Thunder Bay &amp; District\" \/>\n<meta name=\"robots\" content=\"index, follow, max-snippet:-1, max-image-preview:large, max-video-preview:-1\" \/>\n<link rel=\"canonical\" href=\"https:\/\/www.partnersinrehab.ca\/fr\/motor-vehicle-accident-rehab-program\/\" \/>\n<meta property=\"og:locale\" content=\"fr_CA\" \/>\n<meta property=\"og:type\" content=\"article\" \/>\n<meta property=\"og:title\" content=\"Motor Vehicle Accident Rehab Program - Partners In Rehab\" \/>\n<meta property=\"og:description\" content=\"Partners In Rehab&#039;s experienced Insurance and Medical Legal Team design individualized Motor Vehicle Accident Rehab Programs, serving Thunder Bay &amp; District\" \/>\n<meta property=\"og:url\" content=\"https:\/\/www.partnersinrehab.ca\/fr\/motor-vehicle-accident-rehab-program\/\" \/>\n<meta property=\"og:site_name\" content=\"Partners In Rehab\" \/>\n<meta property=\"article:publisher\" content=\"https:\/\/www.facebook.com\/partnersinrehab\/\" \/>\n<meta property=\"article:modified_time\" content=\"2019-02-15T00:37:19+00:00\" \/>\n<meta property=\"og:image\" content=\"https:\/\/www.partnersinrehab.ca\/wp-content\/uploads\/2018\/06\/driverrehab-75191258.jpg\" \/>\n\t<meta property=\"og:image:width\" content=\"1800\" \/>\n\t<meta property=\"og:image:height\" content=\"800\" \/>\n\t<meta property=\"og:image:type\" content=\"image\/jpeg\" \/>\n<meta name=\"twitter:card\" content=\"summary_large_image\" \/>\n<script type=\"application\/ld+json\" class=\"yoast-schema-graph\">{\"@context\":\"https:\\\/\\\/schema.org\",\"@graph\":[{\"@type\":\"WebPage\",\"@id\":\"https:\\\/\\\/www.partnersinrehab.ca\\\/motor-vehicle-accident-rehab-program\\\/\",\"url\":\"https:\\\/\\\/www.partnersinrehab.ca\\\/motor-vehicle-accident-rehab-program\\\/\",\"name\":\"Motor Vehicle Accident Rehab Program - Partners In Rehab\",\"isPartOf\":{\"@id\":\"https:\\\/\\\/www.partnersinrehab.ca\\\/#website\"},\"primaryImageOfPage\":{\"@id\":\"https:\\\/\\\/www.partnersinrehab.ca\\\/motor-vehicle-accident-rehab-program\\\/#primaryimage\"},\"image\":{\"@id\":\"https:\\\/\\\/www.partnersinrehab.ca\\\/motor-vehicle-accident-rehab-program\\\/#primaryimage\"},\"thumbnailUrl\":\"https:\\\/\\\/www.partnersinrehab.ca\\\/wp-content\\\/uploads\\\/2018\\\/06\\\/driverrehab-75191258.jpg\",\"datePublished\":\"2018-06-05T11:56:36+00:00\",\"dateModified\":\"2019-02-15T00:37:19+00:00\",\"description\":\"Partners In Rehab's experienced Insurance and Medical Legal Team design individualized Motor Vehicle Accident Rehab Programs, serving Thunder Bay & District\",\"breadcrumb\":{\"@id\":\"https:\\\/\\\/www.partnersinrehab.ca\\\/motor-vehicle-accident-rehab-program\\\/#breadcrumb\"},\"inLanguage\":\"fr-CA\",\"potentialAction\":[{\"@type\":\"ReadAction\",\"target\":[\"https:\\\/\\\/www.partnersinrehab.ca\\\/motor-vehicle-accident-rehab-program\\\/\"]}]},{\"@type\":\"ImageObject\",\"inLanguage\":\"fr-CA\",\"@id\":\"https:\\\/\\\/www.partnersinrehab.ca\\\/motor-vehicle-accident-rehab-program\\\/#primaryimage\",\"url\":\"https:\\\/\\\/www.partnersinrehab.ca\\\/wp-content\\\/uploads\\\/2018\\\/06\\\/driverrehab-75191258.jpg\",\"contentUrl\":\"https:\\\/\\\/www.partnersinrehab.ca\\\/wp-content\\\/uploads\\\/2018\\\/06\\\/driverrehab-75191258.jpg\",\"width\":1800,\"height\":800,\"caption\":\"motor vehicle accident rehabilitation thunder bay\"},{\"@type\":\"BreadcrumbList\",\"@id\":\"https:\\\/\\\/www.partnersinrehab.ca\\\/motor-vehicle-accident-rehab-program\\\/#breadcrumb\",\"itemListElement\":[{\"@type\":\"ListItem\",\"position\":1,\"name\":\"Home\",\"item\":\"https:\\\/\\\/www.partnersinrehab.ca\\\/\"},{\"@type\":\"ListItem\",\"position\":2,\"name\":\"Motor Vehicle Accident Rehab Program\"}]},{\"@type\":\"WebSite\",\"@id\":\"https:\\\/\\\/www.partnersinrehab.ca\\\/#website\",\"url\":\"https:\\\/\\\/www.partnersinrehab.ca\\\/\",\"name\":\"Partners In Rehab\",\"description\":\"Community Therapy Services\",\"potentialAction\":[{\"@type\":\"SearchAction\",\"target\":{\"@type\":\"EntryPoint\",\"urlTemplate\":\"https:\\\/\\\/www.partnersinrehab.ca\\\/?s={search_term_string}\"},\"query-input\":{\"@type\":\"PropertyValueSpecification\",\"valueRequired\":true,\"valueName\":\"search_term_string\"}}],\"inLanguage\":\"fr-CA\"}]}<\/script>\n<!-- \/ Yoast SEO plugin. -->","yoast_head_json":{"title":"Motor Vehicle Accident Rehab Program - Partners In Rehab","description":"Partners In Rehab's experienced Insurance and Medical Legal Team design individualized Motor Vehicle Accident Rehab Programs, serving Thunder Bay & District","robots":{"index":"index","follow":"follow","max-snippet":"max-snippet:-1","max-image-preview":"max-image-preview:large","max-video-preview":"max-video-preview:-1"},"canonical":"https:\/\/www.partnersinrehab.ca\/fr\/motor-vehicle-accident-rehab-program\/","og_locale":"fr_CA","og_type":"article","og_title":"Motor Vehicle Accident Rehab Program - Partners In Rehab","og_description":"Partners In Rehab's experienced Insurance and Medical Legal Team design individualized Motor Vehicle Accident Rehab Programs, serving Thunder Bay & District","og_url":"https:\/\/www.partnersinrehab.ca\/fr\/motor-vehicle-accident-rehab-program\/","og_site_name":"Partners In Rehab","article_publisher":"https:\/\/www.facebook.com\/partnersinrehab\/","article_modified_time":"2019-02-15T00:37:19+00:00","og_image":[{"width":1800,"height":800,"url":"https:\/\/www.partnersinrehab.ca\/wp-content\/uploads\/2018\/06\/driverrehab-75191258.jpg","type":"image\/jpeg"}],"twitter_card":"summary_large_image","schema":{"@context":"https:\/\/schema.org","@graph":[{"@type":"WebPage","@id":"https:\/\/www.partnersinrehab.ca\/motor-vehicle-accident-rehab-program\/","url":"https:\/\/www.partnersinrehab.ca\/motor-vehicle-accident-rehab-program\/","name":"Motor Vehicle Accident Rehab Program - Partners In Rehab","isPartOf":{"@id":"https:\/\/www.partnersinrehab.ca\/#website"},"primaryImageOfPage":{"@id":"https:\/\/www.partnersinrehab.ca\/motor-vehicle-accident-rehab-program\/#primaryimage"},"image":{"@id":"https:\/\/www.partnersinrehab.ca\/motor-vehicle-accident-rehab-program\/#primaryimage"},"thumbnailUrl":"https:\/\/www.partnersinrehab.ca\/wp-content\/uploads\/2018\/06\/driverrehab-75191258.jpg","datePublished":"2018-06-05T11:56:36+00:00","dateModified":"2019-02-15T00:37:19+00:00","description":"Partners In Rehab's experienced Insurance and Medical Legal Team design individualized Motor Vehicle Accident Rehab Programs, serving Thunder Bay & District","breadcrumb":{"@id":"https:\/\/www.partnersinrehab.ca\/motor-vehicle-accident-rehab-program\/#breadcrumb"},"inLanguage":"fr-CA","potentialAction":[{"@type":"ReadAction","target":["https:\/\/www.partnersinrehab.ca\/motor-vehicle-accident-rehab-program\/"]}]},{"@type":"ImageObject","inLanguage":"fr-CA","@id":"https:\/\/www.partnersinrehab.ca\/motor-vehicle-accident-rehab-program\/#primaryimage","url":"https:\/\/www.partnersinrehab.ca\/wp-content\/uploads\/2018\/06\/driverrehab-75191258.jpg","contentUrl":"https:\/\/www.partnersinrehab.ca\/wp-content\/uploads\/2018\/06\/driverrehab-75191258.jpg","width":1800,"height":800,"caption":"motor vehicle accident rehabilitation thunder bay"},{"@type":"BreadcrumbList","@id":"https:\/\/www.partnersinrehab.ca\/motor-vehicle-accident-rehab-program\/#breadcrumb","itemListElement":[{"@type":"ListItem","position":1,"name":"Home","item":"https:\/\/www.partnersinrehab.ca\/"},{"@type":"ListItem","position":2,"name":"Motor Vehicle Accident Rehab Program"}]},{"@type":"WebSite","@id":"https:\/\/www.partnersinrehab.ca\/#website","url":"https:\/\/www.partnersinrehab.ca\/","name":"Partners In Rehab","description":"Community Therapy Services","potentialAction":[{"@type":"SearchAction","target":{"@type":"EntryPoint","urlTemplate":"https:\/\/www.partnersinrehab.ca\/?s={search_term_string}"},"query-input":{"@type":"PropertyValueSpecification","valueRequired":true,"valueName":"search_term_string"}}],"inLanguage":"fr-CA"}]}},"_links":{"self":[{"href":"https:\/\/www.partnersinrehab.ca\/fr\/wp-json\/wp\/v2\/pages\/402","targetHints":{"allow":["GET"]}}],"collection":[{"href":"https:\/\/www.partnersinrehab.ca\/fr\/wp-json\/wp\/v2\/pages"}],"about":[{"href":"https:\/\/www.partnersinrehab.ca\/fr\/wp-json\/wp\/v2\/types\/page"}],"author":[{"embeddable":true,"href":"https:\/\/www.partnersinrehab.ca\/fr\/wp-json\/wp\/v2\/users\/1"}],"replies":[{"embeddable":true,"href":"https:\/\/www.partnersinrehab.ca\/fr\/wp-json\/wp\/v2\/comments?post=402"}],"version-history":[{"count":4,"href":"https:\/\/www.partnersinrehab.ca\/fr\/wp-json\/wp\/v2\/pages\/402\/revisions"}],"predecessor-version":[{"id":455,"href":"https:\/\/www.partnersinrehab.ca\/fr\/wp-json\/wp\/v2\/pages\/402\/revisions\/455"}],"wp:featuredmedia":[{"embeddable":true,"href":"https:\/\/www.partnersinrehab.ca\/fr\/wp-json\/wp\/v2\/media\/437"}],"wp:attachment":[{"href":"https:\/\/www.partnersinrehab.ca\/fr\/wp-json\/wp\/v2\/media?parent=402"}],"curies":[{"name":"wp","href":"https:\/\/api.w.org\/{rel}","templated":true}]}}