{"id":188,"date":"2018-05-09T20:46:31","date_gmt":"2018-05-09T20:46:31","guid":{"rendered":"https:\/\/partnersinrehab.ca\/demo-home\/"},"modified":"2025-04-23T19:57:47","modified_gmt":"2025-04-23T23:57:47","slug":"thunder-bay-district-therapy-services","status":"publish","type":"page","link":"https:\/\/www.partnersinrehab.ca\/fr\/","title":{"rendered":"Therapy Services in Thunder Bay &#038; District"},"content":{"rendered":"<div id=\"cs-content\" class=\"cs-content\"><div id=\"x-section-1\" class=\"x-section cs-ta-center\" style=\"margin: 0px;padding: 45px 0px; background-color: #ffffff;\" ><div id=\"\" class=\"x-container max width\" style=\"margin: 0px auto;padding: 0px;\" ><div  class=\"x-column x-sm x-1-1\" style=\"padding: 0px;\" ><h2  class=\"h-custom-headline h3\" style=\"margin: 0 0 10px;\"><span>Vous \u00eates au centre de notre \u00e9quipe !<\/span><\/h2><h2  class=\"h-custom-headline h3\" style=\"margin: 0 0 10px;\"><span>LAISSEZ-NOUS VOUS AIDER \u00c0 ATTEINDRE VOS OBJECTIFS DE TH\u00c9RAPIE<\/span><\/h2><span class=\"x-image e188-e6 m58-0\"><img decoding=\"async\" src=\"https:\/\/partnersinrehab.ca\/wp-content\/uploads\/2018\/06\/partners-in-rehab-2.jpg\" width=\"1800\" height=\"900\" alt=\"Partners In Rehab: You are at the centre of our team!\" loading=\"lazy\"><\/span><\/div><\/div><div id=\"\" class=\"x-container max width\" style=\"margin: 0px auto;padding: 0px;\" ><div  class=\"x-column x-sm x-1-1\" style=\"padding: 35px 0px 0px;\" ><h2  class=\"h-custom-headline h3\" style=\"margin: 0 0 10px;\"><span>NOS SERVICES<\/span><\/h2><\/div><\/div><div id=\"\" class=\"x-container max width\" style=\"margin: 0px auto;padding: 0px;\" ><div  class=\"x-column x-sm x-1-4\" style=\"padding: 0px;\" ><a  class=\"x-img man x-img-link x-img-thumbnail\"  href=\"https:\/\/www.partnersinrehab.ca\/fr\/physiotherapy-services\/\"     data-options=\"thumbnail: 'https:\/\/partnersinrehab.ca\/wp-content\/uploads\/2018\/06\/physio-tnail-64120507.jpg'\"><img decoding=\"async\" src=\"https:\/\/partnersinrehab.ca\/wp-content\/uploads\/2018\/06\/physio-tnail-64120507.jpg\" alt=\"Physiotherapy\"><\/a><div class=\"x-text x-text-headline e188-e13 m58-1 m58-2\"><div class=\"x-text-content\"><div class=\"x-text-content-text\"><h1 class=\"x-text-content-text-primary\"><b>PHYSIOTH\u00c9RAPIE<\/b><\/h1>\n<\/div><\/div><\/div><hr  class=\"x-gap x-hide-xl x-hide-lg x-hide-md\" style=\"margin: 25px 0 0 0;\"><\/div><div  class=\"x-column x-sm x-1-4\" style=\"padding: 0px;\" ><a  class=\"x-img man x-img-link x-img-thumbnail\"  href=\"https:\/\/www.partnersinrehab.ca\/fr\/occupational-therapy-services\/\"     data-options=\"thumbnail: 'https:\/\/partnersinrehab.ca\/wp-content\/uploads\/2018\/06\/ot-tnail-103589193.jpg'\"><img decoding=\"async\" src=\"https:\/\/partnersinrehab.ca\/wp-content\/uploads\/2018\/06\/ot-tnail-103589193.jpg\" alt=\"Occupational Therapy\"><\/a><div class=\"x-text x-text-headline e188-e17 m58-1 m58-2\"><div class=\"x-text-content\"><div class=\"x-text-content-text\"><h1 class=\"x-text-content-text-primary\"><b>ERGOTH\u00c9RAPIE<\/b><\/h1>\n<\/div><\/div><\/div><hr  class=\"x-gap x-hide-xl x-hide-lg x-hide-md\" style=\"margin: 25px 0 0 0;\"><\/div><div  class=\"x-column x-sm x-1-4\" style=\"padding: 0px;\" ><a  class=\"x-img man x-img-link x-img-thumbnail\"  href=\"https:\/\/www.partnersinrehab.ca\/fr\/speech-language-pathology\/\"     data-options=\"thumbnail: 'https:\/\/partnersinrehab.ca\/wp-content\/uploads\/2018\/06\/speech-tnail-80097526.jpg'\"><img decoding=\"async\" src=\"https:\/\/partnersinrehab.ca\/wp-content\/uploads\/2018\/06\/speech-tnail-80097526.jpg\" alt=\"Speech Language Pathology\"><\/a><div class=\"x-text x-text-headline e188-e21 m58-1 m58-2\"><div class=\"x-text-content\"><div class=\"x-text-content-text\"><h1 class=\"x-text-content-text-primary\"><b>ORTHOPHONIE<\/b><\/h1>\n<\/div><\/div><\/div><hr  class=\"x-gap x-hide-xl x-hide-lg x-hide-md\" style=\"margin: 25px 0 0 0;\"><\/div><div  class=\"x-column x-sm x-1-4\" style=\"padding: 0px;\" ><a  class=\"x-img man x-img-link x-img-thumbnail\"  href=\"https:\/\/www.partnersinrehab.ca\/fr\/partners-in-rehab-services\/\"     data-options=\"thumbnail: 'https:\/\/partnersinrehab.ca\/wp-content\/uploads\/2018\/06\/otherservices-tnail-49405587.jpg'\"><img decoding=\"async\" src=\"https:\/\/partnersinrehab.ca\/wp-content\/uploads\/2018\/06\/otherservices-tnail-49405587.jpg\" alt=\"our services\"><\/a><div class=\"x-text x-text-headline e188-e25 m58-1 m58-2\"><div class=\"x-text-content\"><div class=\"x-text-content-text\"><h1 class=\"x-text-content-text-primary\"><b>VOIR TOUS LES SERVICES<\/b><\/h1>\n<\/div><\/div><\/div><\/div><\/div><div id=\"\" class=\"x-container max width\" style=\"margin: 0px auto;padding: 0px;\" ><div  class=\"x-column x-sm x-1-1\" style=\"padding: 35px 0px 0px;\" ><h2  class=\"h-custom-headline h3\" style=\"margin: 0 0 10px;\"><span>NOS PROGRAMMES<\/span><\/h2><\/div><\/div><div id=\"\" class=\"x-container max width\" style=\"margin: 0px auto;padding: 0px;\" ><div  class=\"x-column x-sm x-1-3\" style=\"padding: 0px;\" ><a  class=\"x-img man x-img-link x-img-thumbnail\"  href=\"https:\/\/www.partnersinrehab.ca\/fr\/pre-school-and-school-aged-therapy\/\"     data-options=\"thumbnail: 'https:\/\/partnersinrehab.ca\/wp-content\/uploads\/2018\/06\/PAEDIATRIC-tnail-47488194.jpg'\"><img decoding=\"async\" src=\"https:\/\/partnersinrehab.ca\/wp-content\/uploads\/2018\/06\/PAEDIATRIC-tnail-47488194.jpg\" alt=\"pre-school & school-aged\"><\/a><div class=\"x-text x-text-headline e188-e32 m58-1 m58-2\"><div class=\"x-text-content\"><div class=\"x-text-content-text\"><h1 class=\"x-text-content-text-primary\"><b>PR\u00c9SCOLAIRE ET SCOLAIRE<\/b><\/h1>\n<\/div><\/div><\/div><\/div><div  class=\"x-column x-sm x-1-3\" style=\"padding: 0px;\" ><a  class=\"x-img man x-img-link x-img-thumbnail\"  href=\"https:\/\/www.partnersinrehab.ca\/fr\/partners-in-rehab-programs\/autism-program\/\"     data-options=\"thumbnail: 'https:\/\/partnersinrehab.ca\/wp-content\/uploads\/2019\/11\/dreamstimet_m_111568767.jpg'\"><img decoding=\"async\" src=\"https:\/\/partnersinrehab.ca\/wp-content\/uploads\/2019\/11\/dreamstimet_m_111568767.jpg\" alt=\"Autism Program\"><\/a><div class=\"x-text x-text-headline e188-e35 m58-1 m58-2\"><div class=\"x-text-content\"><div class=\"x-text-content-text\"><h1 class=\"x-text-content-text-primary\"><b>PROGRAMME POUR L'AUTISME<\/b><\/h1>\n<\/div><\/div><\/div><\/div><div  class=\"x-column x-sm x-1-3\" style=\"padding: 0px;\" ><a  class=\"x-img man x-img-link x-img-thumbnail\"  href=\"https:\/\/www.partnersinrehab.ca\/fr\/adult-home-care-program\/\"     data-options=\"thumbnail: 'https:\/\/partnersinrehab.ca\/wp-content\/uploads\/2018\/06\/homecare-tnail-66208154.jpg'\"><img decoding=\"async\" src=\"https:\/\/partnersinrehab.ca\/wp-content\/uploads\/2018\/06\/homecare-tnail-66208154.jpg\" alt=\"adult home care\"><\/a><div class=\"x-text x-text-headline e188-e38 m58-1 m58-2\"><div class=\"x-text-content\"><div class=\"x-text-content-text\"><h1 class=\"x-text-content-text-primary\"><b>SOINS \u00c0 DOMICILE POUR ADULTES<\/b><\/h1>\n<\/div><\/div><\/div><\/div><\/div><div id=\"\" class=\"x-container max width\" style=\"margin: 0px auto;padding: 20px 0px 0px;\" ><div  class=\"x-column x-sm x-1-3\" style=\"padding: 0px;\" ><a  class=\"x-img man x-img-link x-img-thumbnail\"  href=\"https:\/\/www.partnersinrehab.ca\/fr\/concussion-management-program\/\"     data-options=\"thumbnail: 'https:\/\/partnersinrehab.ca\/wp-content\/uploads\/2018\/06\/concussion-tnail-43905408.jpg'\"><img decoding=\"async\" src=\"https:\/\/partnersinrehab.ca\/wp-content\/uploads\/2018\/06\/concussion-tnail-43905408.jpg\" alt=\"concussion management\"><\/a><div class=\"x-text x-text-headline e188-e42 m58-1 m58-2\"><div class=\"x-text-content\"><div class=\"x-text-content-text\"><h1 class=\"x-text-content-text-primary\"><b>GESTION DES COMMOTIONS C\u00c9R\u00c9BRALES<\/b><\/h1>\n<\/div><\/div><\/div><\/div><div  class=\"x-column x-sm x-1-3\" style=\"padding: 0px;\" ><a  class=\"x-img man x-img-link x-img-thumbnail\"  href=\"https:\/\/www.partnersinrehab.ca\/fr\/driving-assessment-and-rehab\/\"     data-options=\"thumbnail: 'https:\/\/partnersinrehab.ca\/wp-content\/uploads\/2018\/06\/driving-tnail-29366734.jpg'\"><img decoding=\"async\" src=\"https:\/\/partnersinrehab.ca\/wp-content\/uploads\/2018\/06\/driving-tnail-29366734.jpg\" alt=\"Driving assessment & rehab\"><\/a><div class=\"x-text x-text-headline e188-e45 m58-1 m58-2\"><div class=\"x-text-content\"><div class=\"x-text-content-text\"><h1 class=\"x-text-content-text-primary\"><b>\u00c9VALUATION ET R\u00c9\u00c9DUCATION \nDES CONDUCTEURS<\/b><\/h1>\n<\/div><\/div><\/div><\/div><div  class=\"x-column x-sm x-1-3\" style=\"padding: 0px;\" ><a  class=\"x-img man x-img-link x-img-thumbnail\"  href=\"https:\/\/www.partnersinrehab.ca\/fr\/out-patient-physiotherapy-clinic\/\"     data-options=\"thumbnail: 'https:\/\/partnersinrehab.ca\/wp-content\/uploads\/2018\/06\/outpatient-tnail-97391801.jpg'\"><img decoding=\"async\" src=\"https:\/\/partnersinrehab.ca\/wp-content\/uploads\/2018\/06\/outpatient-tnail-97391801.jpg\" alt=\"Out-patient Physiotherapy\"><\/a><div class=\"x-text x-text-headline e188-e48 m58-1 m58-2\"><div class=\"x-text-content\"><div class=\"x-text-content-text\"><h1 class=\"x-text-content-text-primary\"><b>PHYSIOTH\u00c9RAPIE AMBULATOIRE<\/b><\/h1>\n<\/div><\/div><\/div><\/div><\/div><div id=\"\" class=\"x-container max width\" style=\"margin: 0px auto;padding: 20px 0px 0px;\" ><div  class=\"x-column x-sm x-1-3\" style=\"padding: 0px;\" ><a  class=\"x-img man x-img-link x-img-thumbnail\"  href=\"https:\/\/www.partnersinrehab.ca\/fr\/acquired-brain-injury-program\/\"     data-options=\"thumbnail: 'https:\/\/partnersinrehab.ca\/wp-content\/uploads\/2018\/06\/brain-tnail-74715253.jpg'\"><img decoding=\"async\" src=\"https:\/\/partnersinrehab.ca\/wp-content\/uploads\/2018\/06\/brain-tnail-74715253.jpg\" alt=\"acquired brain injury\"><\/a><div class=\"x-text x-text-headline e188-e52 m58-1 m58-2\"><div class=\"x-text-content\"><div class=\"x-text-content-text\"><h1 class=\"x-text-content-text-primary\"><b>L\u00c9SIONS C\u00c9R\u00c9BRALES ACQUISES<\/b><\/h1>\n<\/div><\/div><\/div><\/div><div  class=\"x-column x-sm x-1-3\" style=\"padding: 0px;\" ><a  class=\"x-img man x-img-link x-img-thumbnail\"  href=\"https:\/\/www.partnersinrehab.ca\/fr\/vocational-rehabilitation-program\/\"     data-options=\"thumbnail: 'https:\/\/partnersinrehab.ca\/wp-content\/uploads\/2018\/06\/returntowork-tnail-89488174.jpg'\"><img decoding=\"async\" src=\"https:\/\/partnersinrehab.ca\/wp-content\/uploads\/2018\/06\/returntowork-tnail-89488174.jpg\" alt=\"Vocational rehab \/ return to work\"><\/a><div class=\"x-text x-text-headline e188-e55 m58-1 m58-2\"><div class=\"x-text-content\"><div class=\"x-text-content-text\"><h1 class=\"x-text-content-text-primary\"><b>R\u00c9ADAPTATION PROFESSIONNELLE\/\nRETOUR AU TRAVAIL<\/b><\/h1>\n<\/div><\/div><\/div><\/div><div  class=\"x-column x-sm x-1-3\" style=\"padding: 0px;\" ><a  class=\"x-img man x-img-link x-img-thumbnail\"  href=\"https:\/\/www.partnersinrehab.ca\/fr\/motor-vehicle-accident-rehab-program\/\"     data-options=\"thumbnail: 'https:\/\/partnersinrehab.ca\/wp-content\/uploads\/2019\/02\/vehicle-tnail-103956803.jpg'\"><img decoding=\"async\" src=\"https:\/\/partnersinrehab.ca\/wp-content\/uploads\/2019\/02\/vehicle-tnail-103956803.jpg\" alt=\"motor vehicle accident rehabilitation\"><\/a><div class=\"x-text x-text-headline e188-e58 m58-1 m58-2\"><div class=\"x-text-content\"><div class=\"x-text-content-text\"><h1 class=\"x-text-content-text-primary\"><b>R\u00c9ADAPTATION SUITE \n\u00c0 UN ACCIDENT \nDE V\u00c9HICULE MOTORIS\u00c9<\/b><\/h1>\n<\/div><\/div><\/div><\/div><\/div><div id=\"\" class=\"x-container max width\" style=\"margin: 0px auto;padding: 0px;\" ><div  class=\"x-column x-sm x-1-1\" style=\"padding: 35px 0px;\" ><h2  class=\"h-custom-headline h3\" style=\"margin: 0 0 10px;\"><span>Mission<\/span><\/h2><div class=\"x-text x-text-headline e188-e62 m58-1 m58-3\"><div class=\"x-text-content\"><div class=\"x-text-content-text\"><p class=\"x-text-content-text-primary\"><b>Fournir une th\u00e9rapie s\u00e9curitaire, efficace et significative, au moment et \u00e0 l'endroit o\u00f9 vous en avez besoin, avec vous au centre de notre \u00e9quipe.&nbsp;<\/b><\/p>\n<\/div><\/div><\/div><i  class=\"x-icon x-icon-map-signs\" style=\"text-align: center;      display: block; margin: 0 auto -115px; width: 150px; height: 150px; font-size: 65px; line-height: 150px; color: #d5d5d5; background-color: #fff; border-radius: 100px;\" data-x-icon-s=\"&#xf277;\" aria-hidden=\"true\"><\/i><\/div><\/div><\/div><div id=\"x-section-2\" class=\"x-section cs-ta-center\" style=\"margin: 0px;padding: 100px 0px 75px; background-color: #6f7985;\" ><div id=\"\" class=\"x-container max width\" style=\"margin: 0px auto;padding: 0px;\" ><div  class=\"x-column x-sm x-1-1\" style=\"padding: 0px;\" ><h2  class=\"h-custom-headline man h3\" style=\"color: #fff;\"><span>Venez nous rencontrer<\/span><\/h2><div id=\"\" class=\"x-text\" style=\"margin: 15px 0 20px; color: #fff;\" ><p class=\"man\">79 Court St N,\u00a0Thunder Bay, ON P7A 4T7 | T\u00e9l\u00e9phone: <a href=\"tel:1-807-683-9500\">(807) 683-9500<\/a> | Sans frais: <a href=\"tel:1-833-990-3423\">833-990-3423<\/a> | Courriel: <a href=\"mailto:administration@partnersinrehab.ca\">administration@partnersinrehab.ca<\/a><\/p>\n<\/div><div class=\"x-frame x-frame-map-embed e188-e69 m58-4\"><div class=\"x-frame-inner\"><div class=\"x-map x-map-embed\"><iframe loading=\"lazy\" allowfullscreen=\"\" frameborder=\"0\" height=\"450\" src=\"https:\/\/www.google.com\/maps\/embed?pb=!1m18!1m12!1m3!1d2646.9639254188774!2d-89.22139584813976!3d48.43803213806289!2m3!1f0!2f0!3f0!3m2!1i1024!2i768!4f13.1!3m3!1m2!1s0x4d5923cadb569371%3A0x8c9b7e9e4cc7be32!2sPartners+In+Rehab!5e0!3m2!1sen!2sca!4v1494359809403\" style=\"border:0\" width=\"600\"><\/iframe><\/div><\/div><\/div><\/div><\/div><\/div><\/div>","protected":false},"excerpt":{"rendered":"<p>You are at the centre of our team!Let us help you achieve your therapy goals.our servicesPHYSIOTHERAPY OCCUPATIONAL THERAPY SPEECH LANGUAGE PATHOLOGY VIEW ALL SERVICES our programsPRE-SCHOOL &#038; SCHOOL-AGED AUTISM PROGRAM ADULT HOME CARE CONCUSSION MANAGEMENT DRIVING ASSESSMENT &#038; REHAB OUT-PATIENT PHYSIOTHERAPY ACQUIRED BRAIN INJURY VOCATIONAL REHAB \/ RETURN TO WORK MOTOR VEHICLE ACCIDENT REHABILITATION MissionProviding safe, effective, and meaningful therapy, &#8230; <a href=\"https:\/\/www.partnersinrehab.ca\/fr\/\" class=\"more-link\">Read More<\/a><\/p>","protected":false},"author":1,"featured_media":0,"parent":0,"menu_order":0,"comment_status":"closed","ping_status":"closed","template":"template-blank-4.php","meta":{"footnotes":""},"class_list":["post-188","page","type-page","status-publish","hentry","no-post-thumbnail"],"yoast_head":"<!-- This site is optimized with the Yoast SEO plugin v27.5 - https:\/\/yoast.com\/product\/yoast-seo-wordpress\/ -->\n<title>Therapy Services in Thunder Bay &amp; District - Partners In Rehab<\/title>\n<meta name=\"description\" content=\"Partners In Rehab is an interdisciplinary therapy company providing professional therapy services in Thunder Bay and District, Northwestern Ontario.\" \/>\n<meta name=\"robots\" content=\"index, follow, max-snippet:-1, max-image-preview:large, max-video-preview:-1\" \/>\n<link rel=\"canonical\" href=\"https:\/\/www.partnersinrehab.ca\/fr\/\" \/>\n<meta property=\"og:locale\" content=\"fr_CA\" \/>\n<meta property=\"og:type\" content=\"article\" \/>\n<meta property=\"og:title\" content=\"Therapy Services in Thunder Bay &amp; District - Partners In Rehab\" \/>\n<meta property=\"og:description\" content=\"Partners In Rehab is an interdisciplinary therapy company providing professional therapy services in Thunder Bay and District, Northwestern Ontario.\" \/>\n<meta property=\"og:url\" content=\"https:\/\/www.partnersinrehab.ca\/fr\/\" \/>\n<meta property=\"og:site_name\" content=\"Partners In Rehab\" \/>\n<meta property=\"article:publisher\" content=\"https:\/\/www.facebook.com\/partnersinrehab\/\" \/>\n<meta property=\"article:modified_time\" content=\"2025-04-23T23:57:47+00:00\" \/>\n<meta name=\"twitter:card\" content=\"summary_large_image\" \/>\n<meta name=\"twitter:label1\" content=\"Estimation du temps de lecture\" \/>\n\t<meta name=\"twitter:data1\" content=\"8 minutes\" \/>\n<script type=\"application\/ld+json\" class=\"yoast-schema-graph\">{\"@context\":\"https:\\\/\\\/schema.org\",\"@graph\":[{\"@type\":\"WebPage\",\"@id\":\"https:\\\/\\\/www.partnersinrehab.ca\\\/\",\"url\":\"https:\\\/\\\/www.partnersinrehab.ca\\\/\",\"name\":\"Therapy Services in Thunder Bay & District - Partners In Rehab\",\"isPartOf\":{\"@id\":\"https:\\\/\\\/www.partnersinrehab.ca\\\/#website\"},\"datePublished\":\"2018-05-09T20:46:31+00:00\",\"dateModified\":\"2025-04-23T23:57:47+00:00\",\"description\":\"Partners In Rehab is an interdisciplinary therapy company providing professional therapy services in Thunder Bay and District, Northwestern Ontario.\",\"breadcrumb\":{\"@id\":\"https:\\\/\\\/www.partnersinrehab.ca\\\/#breadcrumb\"},\"inLanguage\":\"fr-CA\",\"potentialAction\":[{\"@type\":\"ReadAction\",\"target\":[\"https:\\\/\\\/www.partnersinrehab.ca\\\/\"]}]},{\"@type\":\"BreadcrumbList\",\"@id\":\"https:\\\/\\\/www.partnersinrehab.ca\\\/#breadcrumb\",\"itemListElement\":[{\"@type\":\"ListItem\",\"position\":1,\"name\":\"Home\",\"item\":\"https:\\\/\\\/www.partnersinrehab.ca\\\/\"},{\"@type\":\"ListItem\",\"position\":2,\"name\":\"Therapy Services in Thunder Bay &#038; District\"}]},{\"@type\":\"WebSite\",\"@id\":\"https:\\\/\\\/www.partnersinrehab.ca\\\/#website\",\"url\":\"https:\\\/\\\/www.partnersinrehab.ca\\\/\",\"name\":\"Partners In Rehab\",\"description\":\"Community Therapy Services\",\"potentialAction\":[{\"@type\":\"SearchAction\",\"target\":{\"@type\":\"EntryPoint\",\"urlTemplate\":\"https:\\\/\\\/www.partnersinrehab.ca\\\/?s={search_term_string}\"},\"query-input\":{\"@type\":\"PropertyValueSpecification\",\"valueRequired\":true,\"valueName\":\"search_term_string\"}}],\"inLanguage\":\"fr-CA\"}]}<\/script>\n<!-- \/ Yoast SEO plugin. -->","yoast_head_json":{"title":"Therapy Services in Thunder Bay & District - Partners In Rehab","description":"Partners In Rehab is an interdisciplinary therapy company providing professional therapy services in Thunder Bay and District, Northwestern Ontario.","robots":{"index":"index","follow":"follow","max-snippet":"max-snippet:-1","max-image-preview":"max-image-preview:large","max-video-preview":"max-video-preview:-1"},"canonical":"https:\/\/www.partnersinrehab.ca\/fr\/","og_locale":"fr_CA","og_type":"article","og_title":"Therapy Services in Thunder Bay & District - Partners In Rehab","og_description":"Partners In Rehab is an interdisciplinary therapy company providing professional therapy services in Thunder Bay and District, Northwestern Ontario.","og_url":"https:\/\/www.partnersinrehab.ca\/fr\/","og_site_name":"Partners In Rehab","article_publisher":"https:\/\/www.facebook.com\/partnersinrehab\/","article_modified_time":"2025-04-23T23:57:47+00:00","twitter_card":"summary_large_image","twitter_misc":{"Estimation du temps de lecture":"8 minutes"},"schema":{"@context":"https:\/\/schema.org","@graph":[{"@type":"WebPage","@id":"https:\/\/www.partnersinrehab.ca\/","url":"https:\/\/www.partnersinrehab.ca\/","name":"Therapy Services in Thunder Bay & District - Partners In Rehab","isPartOf":{"@id":"https:\/\/www.partnersinrehab.ca\/#website"},"datePublished":"2018-05-09T20:46:31+00:00","dateModified":"2025-04-23T23:57:47+00:00","description":"Partners In Rehab is an interdisciplinary therapy company providing professional therapy services in Thunder Bay and District, Northwestern Ontario.","breadcrumb":{"@id":"https:\/\/www.partnersinrehab.ca\/#breadcrumb"},"inLanguage":"fr-CA","potentialAction":[{"@type":"ReadAction","target":["https:\/\/www.partnersinrehab.ca\/"]}]},{"@type":"BreadcrumbList","@id":"https:\/\/www.partnersinrehab.ca\/#breadcrumb","itemListElement":[{"@type":"ListItem","position":1,"name":"Home","item":"https:\/\/www.partnersinrehab.ca\/"},{"@type":"ListItem","position":2,"name":"Therapy Services in Thunder Bay &#038; District"}]},{"@type":"WebSite","@id":"https:\/\/www.partnersinrehab.ca\/#website","url":"https:\/\/www.partnersinrehab.ca\/","name":"Partners In Rehab","description":"Community Therapy Services","potentialAction":[{"@type":"SearchAction","target":{"@type":"EntryPoint","urlTemplate":"https:\/\/www.partnersinrehab.ca\/?s={search_term_string}"},"query-input":{"@type":"PropertyValueSpecification","valueRequired":true,"valueName":"search_term_string"}}],"inLanguage":"fr-CA"}]}},"_links":{"self":[{"href":"https:\/\/www.partnersinrehab.ca\/fr\/wp-json\/wp\/v2\/pages\/188","targetHints":{"allow":["GET"]}}],"collection":[{"href":"https:\/\/www.partnersinrehab.ca\/fr\/wp-json\/wp\/v2\/pages"}],"about":[{"href":"https:\/\/www.partnersinrehab.ca\/fr\/wp-json\/wp\/v2\/types\/page"}],"author":[{"embeddable":true,"href":"https:\/\/www.partnersinrehab.ca\/fr\/wp-json\/wp\/v2\/users\/1"}],"replies":[{"embeddable":true,"href":"https:\/\/www.partnersinrehab.ca\/fr\/wp-json\/wp\/v2\/comments?post=188"}],"version-history":[{"count":65,"href":"https:\/\/www.partnersinrehab.ca\/fr\/wp-json\/wp\/v2\/pages\/188\/revisions"}],"predecessor-version":[{"id":969,"href":"https:\/\/www.partnersinrehab.ca\/fr\/wp-json\/wp\/v2\/pages\/188\/revisions\/969"}],"wp:attachment":[{"href":"https:\/\/www.partnersinrehab.ca\/fr\/wp-json\/wp\/v2\/media?parent=188"}],"curies":[{"name":"wp","href":"https:\/\/api.w.org\/{rel}","templated":true}]}}