{"id":130,"date":"2018-05-10T22:04:32","date_gmt":"2018-05-10T22:04:32","guid":{"rendered":"https:\/\/partnersinrehab.ca\/?page_id=130"},"modified":"2019-02-14T20:00:05","modified_gmt":"2019-02-15T01:00:05","slug":"partners-in-rehab-services","status":"publish","type":"page","link":"https:\/\/www.partnersinrehab.ca\/fr\/partners-in-rehab-services\/","title":{"rendered":"Services De Partners In Rehab"},"content":{"rendered":"<p>Notre engagement envers nos clients et les agences que nous servons a \u00e9t\u00e9 reconnu par la satisfaction des clients, les contrats en cours avec diverses agences gouvernementales et compagnies d'assurance priv\u00e9es, ainsi que par l'accr\u00e9ditation nationale.  En 2015, Partners In Rehab a re\u00e7u l'accr\u00e9ditation d'Agr\u00e9ment Canada avec la mention <em>EXEMPLAIRE <\/em>pour avoir respect\u00e9 les normes nationales d'excellence et de s\u00e9curit\u00e9 en mati\u00e8re de qualit\u00e9 des soins et des services.<\/p>\n<p>Partners In Rehab offre des services professionnels dans les domaines suivants :<\/p>\n<ul>\n<li><a href=\"https:\/\/www.partnersinrehab.ca\/fr\/occupational-therapy-services\/\">Services D'ergoth\u00e9rapie<\/a><\/li>\n<li><a href=\"https:\/\/www.partnersinrehab.ca\/fr\/physiotherapy-services\/\">Services De Physioth\u00e9rapie<\/a><\/li>\n<li><a href=\"https:\/\/www.partnersinrehab.ca\/fr\/speech-language-pathology\/\">Services D'orthophonie<\/a><\/li>\n<li><a href=\"https:\/\/www.partnersinrehab.ca\/fr\/therapeutic-recreation-services\/\">Services De Loisirs Th\u00e9rapeutiques<\/a><\/li>\n<li><a href=\"https:\/\/www.partnersinrehab.ca\/fr\/rehabilitation-support-services\/\">Services De Soutien \u00c0 La R\u00e9adaptation<\/a><\/li>\n<li><a href=\"https:\/\/www.partnersinrehab.ca\/fr\/vocational-assessment-counselling-services\/\">\u00c9valuation et orientation professionnelles<\/a><\/li>\n<li><a href=\"https:\/\/www.partnersinrehab.ca\/fr\/case-management-services\/\">Gestion de cas et planification des soins<\/a><\/li>\n<\/ul>","protected":false},"excerpt":{"rendered":"<p>Our commitment to our clients and the agencies we serve has been recognized through client satisfaction, ongoing contracts with various government agencies, and private insurance companies, and through national accreditation.\u00a0 In 2015 Partners In Rehab received accreditation with EXEMPLARY STANDING through Accreditation Canada for meeting national standards of excellence and safety in quality care and service. Partners In Rehab offers &#8230; <a href=\"https:\/\/www.partnersinrehab.ca\/fr\/partners-in-rehab-services\/\" class=\"more-link\">Read More<\/a><\/p>","protected":false},"author":1,"featured_media":443,"parent":0,"menu_order":0,"comment_status":"closed","ping_status":"closed","template":"template-layout-full-width.php","meta":{"footnotes":""},"class_list":["post-130","page","type-page","status-publish","has-post-thumbnail","hentry"],"yoast_head":"<!-- This site is optimized with the Yoast SEO plugin v27.5 - https:\/\/yoast.com\/product\/yoast-seo-wordpress\/ -->\n<title>Partners In Rehab Services - Partners In Rehab<\/title>\n<meta name=\"description\" content=\"Partners In Rehab services are nationally accredited and provide the highest standards for OT, PT, SLP, and more, serving Thunder Bay and District.\" \/>\n<meta name=\"robots\" content=\"index, follow, max-snippet:-1, max-image-preview:large, max-video-preview:-1\" \/>\n<link rel=\"canonical\" href=\"https:\/\/www.partnersinrehab.ca\/fr\/partners-in-rehab-services\/\" \/>\n<meta property=\"og:locale\" content=\"fr_CA\" \/>\n<meta property=\"og:type\" content=\"article\" \/>\n<meta property=\"og:title\" content=\"Partners In Rehab Services - Partners In Rehab\" \/>\n<meta property=\"og:description\" content=\"Partners In Rehab services are nationally accredited and provide the highest standards for OT, PT, SLP, and more, serving Thunder Bay and District.\" \/>\n<meta property=\"og:url\" content=\"https:\/\/www.partnersinrehab.ca\/fr\/partners-in-rehab-services\/\" \/>\n<meta property=\"og:site_name\" content=\"Partners In Rehab\" \/>\n<meta property=\"article:publisher\" content=\"https:\/\/www.facebook.com\/partnersinrehab\/\" \/>\n<meta property=\"article:modified_time\" content=\"2019-02-15T01:00:05+00:00\" \/>\n<meta property=\"og:image\" content=\"https:\/\/www.partnersinrehab.ca\/wp-content\/uploads\/2018\/08\/ourservices-49405587.jpg\" \/>\n\t<meta property=\"og:image:width\" content=\"1800\" \/>\n\t<meta property=\"og:image:height\" content=\"800\" \/>\n\t<meta property=\"og:image:type\" content=\"image\/jpeg\" \/>\n<meta name=\"twitter:card\" content=\"summary_large_image\" \/>\n<script type=\"application\/ld+json\" class=\"yoast-schema-graph\">{\"@context\":\"https:\\\/\\\/schema.org\",\"@graph\":[{\"@type\":\"WebPage\",\"@id\":\"https:\\\/\\\/www.partnersinrehab.ca\\\/partners-in-rehab-services\\\/\",\"url\":\"https:\\\/\\\/www.partnersinrehab.ca\\\/partners-in-rehab-services\\\/\",\"name\":\"Partners In Rehab Services - Partners In Rehab\",\"isPartOf\":{\"@id\":\"https:\\\/\\\/www.partnersinrehab.ca\\\/#website\"},\"primaryImageOfPage\":{\"@id\":\"https:\\\/\\\/www.partnersinrehab.ca\\\/partners-in-rehab-services\\\/#primaryimage\"},\"image\":{\"@id\":\"https:\\\/\\\/www.partnersinrehab.ca\\\/partners-in-rehab-services\\\/#primaryimage\"},\"thumbnailUrl\":\"https:\\\/\\\/www.partnersinrehab.ca\\\/wp-content\\\/uploads\\\/2018\\\/08\\\/ourservices-49405587.jpg\",\"datePublished\":\"2018-05-10T22:04:32+00:00\",\"dateModified\":\"2019-02-15T01:00:05+00:00\",\"description\":\"Partners In Rehab services are nationally accredited and provide the highest standards for OT, PT, SLP, and more, serving Thunder Bay and District.\",\"breadcrumb\":{\"@id\":\"https:\\\/\\\/www.partnersinrehab.ca\\\/partners-in-rehab-services\\\/#breadcrumb\"},\"inLanguage\":\"fr-CA\",\"potentialAction\":[{\"@type\":\"ReadAction\",\"target\":[\"https:\\\/\\\/www.partnersinrehab.ca\\\/partners-in-rehab-services\\\/\"]}]},{\"@type\":\"ImageObject\",\"inLanguage\":\"fr-CA\",\"@id\":\"https:\\\/\\\/www.partnersinrehab.ca\\\/partners-in-rehab-services\\\/#primaryimage\",\"url\":\"https:\\\/\\\/www.partnersinrehab.ca\\\/wp-content\\\/uploads\\\/2018\\\/08\\\/ourservices-49405587.jpg\",\"contentUrl\":\"https:\\\/\\\/www.partnersinrehab.ca\\\/wp-content\\\/uploads\\\/2018\\\/08\\\/ourservices-49405587.jpg\",\"width\":1800,\"height\":800,\"caption\":\"thunder bay rehabilitation services\"},{\"@type\":\"BreadcrumbList\",\"@id\":\"https:\\\/\\\/www.partnersinrehab.ca\\\/partners-in-rehab-services\\\/#breadcrumb\",\"itemListElement\":[{\"@type\":\"ListItem\",\"position\":1,\"name\":\"Home\",\"item\":\"https:\\\/\\\/www.partnersinrehab.ca\\\/\"},{\"@type\":\"ListItem\",\"position\":2,\"name\":\"Partners In Rehab Services\"}]},{\"@type\":\"WebSite\",\"@id\":\"https:\\\/\\\/www.partnersinrehab.ca\\\/#website\",\"url\":\"https:\\\/\\\/www.partnersinrehab.ca\\\/\",\"name\":\"Partners In Rehab\",\"description\":\"Community Therapy Services\",\"potentialAction\":[{\"@type\":\"SearchAction\",\"target\":{\"@type\":\"EntryPoint\",\"urlTemplate\":\"https:\\\/\\\/www.partnersinrehab.ca\\\/?s={search_term_string}\"},\"query-input\":{\"@type\":\"PropertyValueSpecification\",\"valueRequired\":true,\"valueName\":\"search_term_string\"}}],\"inLanguage\":\"fr-CA\"}]}<\/script>\n<!-- \/ Yoast SEO plugin. -->","yoast_head_json":{"title":"Partners In Rehab Services - Partners In Rehab","description":"Partners In Rehab services are nationally accredited and provide the highest standards for OT, PT, SLP, and more, serving Thunder Bay and District.","robots":{"index":"index","follow":"follow","max-snippet":"max-snippet:-1","max-image-preview":"max-image-preview:large","max-video-preview":"max-video-preview:-1"},"canonical":"https:\/\/www.partnersinrehab.ca\/fr\/partners-in-rehab-services\/","og_locale":"fr_CA","og_type":"article","og_title":"Partners In Rehab Services - Partners In Rehab","og_description":"Partners In Rehab services are nationally accredited and provide the highest standards for OT, PT, SLP, and more, serving Thunder Bay and District.","og_url":"https:\/\/www.partnersinrehab.ca\/fr\/partners-in-rehab-services\/","og_site_name":"Partners In Rehab","article_publisher":"https:\/\/www.facebook.com\/partnersinrehab\/","article_modified_time":"2019-02-15T01:00:05+00:00","og_image":[{"width":1800,"height":800,"url":"https:\/\/www.partnersinrehab.ca\/wp-content\/uploads\/2018\/08\/ourservices-49405587.jpg","type":"image\/jpeg"}],"twitter_card":"summary_large_image","schema":{"@context":"https:\/\/schema.org","@graph":[{"@type":"WebPage","@id":"https:\/\/www.partnersinrehab.ca\/partners-in-rehab-services\/","url":"https:\/\/www.partnersinrehab.ca\/partners-in-rehab-services\/","name":"Partners In Rehab Services - Partners In Rehab","isPartOf":{"@id":"https:\/\/www.partnersinrehab.ca\/#website"},"primaryImageOfPage":{"@id":"https:\/\/www.partnersinrehab.ca\/partners-in-rehab-services\/#primaryimage"},"image":{"@id":"https:\/\/www.partnersinrehab.ca\/partners-in-rehab-services\/#primaryimage"},"thumbnailUrl":"https:\/\/www.partnersinrehab.ca\/wp-content\/uploads\/2018\/08\/ourservices-49405587.jpg","datePublished":"2018-05-10T22:04:32+00:00","dateModified":"2019-02-15T01:00:05+00:00","description":"Partners In Rehab services are nationally accredited and provide the highest standards for OT, PT, SLP, and more, serving Thunder Bay and District.","breadcrumb":{"@id":"https:\/\/www.partnersinrehab.ca\/partners-in-rehab-services\/#breadcrumb"},"inLanguage":"fr-CA","potentialAction":[{"@type":"ReadAction","target":["https:\/\/www.partnersinrehab.ca\/partners-in-rehab-services\/"]}]},{"@type":"ImageObject","inLanguage":"fr-CA","@id":"https:\/\/www.partnersinrehab.ca\/partners-in-rehab-services\/#primaryimage","url":"https:\/\/www.partnersinrehab.ca\/wp-content\/uploads\/2018\/08\/ourservices-49405587.jpg","contentUrl":"https:\/\/www.partnersinrehab.ca\/wp-content\/uploads\/2018\/08\/ourservices-49405587.jpg","width":1800,"height":800,"caption":"thunder bay rehabilitation services"},{"@type":"BreadcrumbList","@id":"https:\/\/www.partnersinrehab.ca\/partners-in-rehab-services\/#breadcrumb","itemListElement":[{"@type":"ListItem","position":1,"name":"Home","item":"https:\/\/www.partnersinrehab.ca\/"},{"@type":"ListItem","position":2,"name":"Partners In Rehab Services"}]},{"@type":"WebSite","@id":"https:\/\/www.partnersinrehab.ca\/#website","url":"https:\/\/www.partnersinrehab.ca\/","name":"Partners In Rehab","description":"Community Therapy Services","potentialAction":[{"@type":"SearchAction","target":{"@type":"EntryPoint","urlTemplate":"https:\/\/www.partnersinrehab.ca\/?s={search_term_string}"},"query-input":{"@type":"PropertyValueSpecification","valueRequired":true,"valueName":"search_term_string"}}],"inLanguage":"fr-CA"}]}},"_links":{"self":[{"href":"https:\/\/www.partnersinrehab.ca\/fr\/wp-json\/wp\/v2\/pages\/130","targetHints":{"allow":["GET"]}}],"collection":[{"href":"https:\/\/www.partnersinrehab.ca\/fr\/wp-json\/wp\/v2\/pages"}],"about":[{"href":"https:\/\/www.partnersinrehab.ca\/fr\/wp-json\/wp\/v2\/types\/page"}],"author":[{"embeddable":true,"href":"https:\/\/www.partnersinrehab.ca\/fr\/wp-json\/wp\/v2\/users\/1"}],"replies":[{"embeddable":true,"href":"https:\/\/www.partnersinrehab.ca\/fr\/wp-json\/wp\/v2\/comments?post=130"}],"version-history":[{"count":8,"href":"https:\/\/www.partnersinrehab.ca\/fr\/wp-json\/wp\/v2\/pages\/130\/revisions"}],"predecessor-version":[{"id":545,"href":"https:\/\/www.partnersinrehab.ca\/fr\/wp-json\/wp\/v2\/pages\/130\/revisions\/545"}],"wp:featuredmedia":[{"embeddable":true,"href":"https:\/\/www.partnersinrehab.ca\/fr\/wp-json\/wp\/v2\/media\/443"}],"wp:attachment":[{"href":"https:\/\/www.partnersinrehab.ca\/fr\/wp-json\/wp\/v2\/media?parent=130"}],"curies":[{"name":"wp","href":"https:\/\/api.w.org\/{rel}","templated":true}]}}