{"id":103,"date":"2018-05-08T01:52:06","date_gmt":"2018-05-08T01:52:06","guid":{"rendered":"https:\/\/partnersinrehab.ca\/?page_id=103"},"modified":"2020-01-28T12:05:01","modified_gmt":"2020-01-28T17:05:01","slug":"links","status":"publish","type":"page","link":"https:\/\/www.partnersinrehab.ca\/fr\/links\/","title":{"rendered":"Partners In Rehab (Liens)"},"content":{"rendered":"<h3>Programme D\u2019appareils Et Accessoires Fonctionnels (PAAF)<\/h3>\n<p><a href=\"http:\/\/www.health.gov.on.ca\/en\/public\/programs\/adp\/\" target=\"_blank\" rel=\"noopener noreferrer\">Minist\u00e8re de la sant\u00e9 Programme d'appareils et accessoires fonctionnels (PAAF)<\/a><br \/>\nFiche d'information du demandeur :\u00a0<a href=\"http:\/\/www.health.gov.on.ca\/en\/public\/programs\/adp\/\" target=\"_blank\" rel=\"noopener noreferrer\">Fauteuils roulants, dispositifs de positionnement (si\u00e8ges) et aides \u00e0 l'ambulation (marche)<\/a><br \/>\nDemande de financement :\u00a0<a href=\"http:\/\/www.forms.ssb.gov.on.ca\/mbs\/ssb\/forms\/ssbforms.nsf\/GetFileAttach\/014-2196-67E~4\/$File\/2196-67E_Application.pdf\" target=\"_blank\" rel=\"noopener noreferrer\">Appareils de mobilit\u00e9<\/a><\/p>\n<h3>Vendeurs Autoris\u00e9s Par Le Paaf :<\/h3>\n<p><a href=\"https:\/\/www.wellwise.ca\/\" target=\"_blank\" rel=\"noopener noreferrer\">Wellwise<\/a><br \/>\n285 Memorial Ave<br \/>\nThunder Bay, ON<br \/>\nP7B 6H4<br \/>\nT\u00e9l\u00e9phone: (807) 345-6564<\/p>\n<p><a href=\"http:\/\/superiorhomehealthcare.ca\/\" target=\"_blank\" rel=\"noopener noreferrer\">Superior Home Health Care<\/a><br \/>\n977 Alloy Dr.<br \/>\nThunder Bay, ON<br \/>\nP7B 5Z8<br \/>\nT\u00e9l\u00e9phone: (807) 623-9110<\/p>\n<p><a href=\"http:\/\/www.motioncares.ca\/\" target=\"_blank\" rel=\"noopener noreferrer\">Motion<\/a><br \/>\n1154 Roland St.<br \/>\nThunder Bay, ON<br \/>\nP7B 5M4<br \/>\nT\u00e9l\u00e9phone: (807) 622-1877<\/p>\n<p><a href=\"http:\/\/www.dcfund.ca\/\" target=\"_blank\" rel=\"noopener noreferrer\">Dreamcatcher Charitable Foundation<\/a><br \/>\nT\u00e9l\u00e9phone: 1-866-508-6795<\/p>\n<h3>L\u00e9sions C\u00e9r\u00e9brales<\/h3>\n<p><a href=\"http:\/\/www.bisno.org\/\" target=\"_blank\" rel=\"noopener noreferrer\">Services de traitement des traumatismes cr\u00e2niens du Nord de l'Ontario (BISNO)<\/a><br \/>\n<a href=\"http:\/\/www.bisno.org\/brain-injury-association-of-thunder-bay\" target=\"_blank\" rel=\"noopener noreferrer\">Association des l\u00e9s\u00e9s c\u00e9r\u00e9braux de Thunder Bay et de la r\u00e9gion (BIATBA)<\/a><br \/>\n<a href=\"http:\/\/obia.ca\/\" target=\"_blank\" rel=\"noopener noreferrer\">Association ontarienne des l\u00e9s\u00e9s c\u00e9r\u00e9braux (OBIA)<\/a><\/p>\n<h3>Financement<\/h3>\n<p><a href=\"https:\/\/www.als.ca\/\" target=\"_blank\" rel=\"noopener noreferrer\">SLA<\/a>\u00a0Canada:<br \/>\n<a href=\"https:\/\/www.als.ca\/wp-content\/uploads\/2016\/12\/Funding-Assistance-Form-07-2017.pdf\" target=\"_blank\" rel=\"noopener noreferrer\">Formulaire de demande d\u2019aide financi\u00e8re pour l\u2019obtention d\u2019\u00e9quipement\u00a0<\/a><br \/>\n<a href=\"https:\/\/www.als.ca\/wp-content\/uploads\/2016\/12\/ALS-Canada-Loan-Wheelchair-Specification-Form-2017.pdf\" target=\"_blank\" rel=\"noopener noreferrer\">Formulaire de caract\u00e9ristiques du fauteuil roulant<\/a><br \/>\n<a href=\"https:\/\/www.als.ca\/support-services\/inside-of-ontario\/equipment\/\" target=\"_blank\" rel=\"noopener noreferrer\">Brochure d'information sur les \u00e9quipements<\/a><\/p>\n<p>The\u00a0<a href=\"http:\/\/www.ofcp.ca\/\" target=\"_blank\" rel=\"noopener noreferrer\">F\u00e9d\u00e9ration ontarienne pour la paralysie c\u00e9r\u00e9brale<\/a>:<br \/>\nProgramme d'appareils et accessoires fonctionnels:\u00a0<a href=\"http:\/\/www.ofcp.ca\/wp-content\/uploads\/2014\/01\/funding_guidelines.pdf\" target=\"_blank\" rel=\"noopener noreferrer\">Directives<\/a><br \/>\nProgramme d'appareils et accessoires fonctionnels:\u00a0<a href=\"http:\/\/www.ofcp.ca\/wp-content\/uploads\/2014\/01\/application_form.pdf\" target=\"_blank\" rel=\"noopener noreferrer\">Formulaire de demande<\/a><br \/>\nProgramme d'appareils et accessoires fonctionnels:\u00a0<a href=\"http:\/\/www.ofcp.ca\/wp-content\/uploads\/2014\/01\/equipment_list.pdf\" target=\"_blank\" rel=\"noopener noreferrer\">Liste d'\u00e9quipement<\/a><\/p>\n<p><a href=\"http:\/\/www.easterseals.org\/\" target=\"_blank\" rel=\"noopener noreferrer\">Easter Seals<\/a>\u00a0Ontario:<br \/>\n<a href=\"http:\/\/www.easterseals.org\/wp-content\/downloads\/RFA-eligible-items-2014.pdf\" target=\"_blank\" rel=\"noopener noreferrer\">Articles \u00e9ligibles au financement<\/a><br \/>\n<a href=\"http:\/\/www.easterseals.org\/wp-content\/downloads\/Financial-Assistance-Application-and-Guidelines-2014.pdf\" target=\"_blank\" rel=\"noopener noreferrer\">Formulaire de demande d'aide financi\u00e8re<\/a><\/p>\n<p>Soci\u00e9t\u00e9 canadienne de la scl\u00e9rose en plaques:\u00a0<a href=\"http:\/\/mssociety.ca\/Ontario\/default.htm\" target=\"_blank\" rel=\"noopener noreferrer\">Division de l'Ontario<\/a><br \/>\n<a href=\"https:\/\/mssociety.ca\/library\/document\/rwp3JeYgonD56ISlUPQLRhOzdx41NkmC\/original.pdf\" target=\"_blank\" rel=\"noopener noreferrer\">Directives relatives aux subventions pour la qualit\u00e9 de vie<\/a><br \/>\n<a href=\"https:\/\/mssociety.ca\/library\/document\/ynGsuOrMc0dvhijl61zxQ8qbICkgRLm3\/original.pdf\" target=\"_blank\" rel=\"noopener noreferrer\">Demande de subvention pour la qualit\u00e9 de vie<\/a><\/p>\n<p><a href=\"http:\/\/muscle.ca\/\" target=\"_blank\" rel=\"noopener noreferrer\">Dystrophie musculaire Canada<\/a>\u00a0(Ontario et Nunavut):<br \/>\n<a href=\"http:\/\/muscle.ca\/wp-content\/uploads\/2012\/11\/EquipmentProgramApp_On_Nunavut.pdf\" target=\"_blank\" rel=\"noopener noreferrer\">Formulaire de demande pour le programme d'\u00e9quipement<\/a><\/p>\n<p>Ontario\u00a0<a href=\"https:\/\/www.marchofdimes.ca\/EN\/Pages\/default.aspx\" target=\"_blank\" rel=\"noopener noreferrer\">La marche des dix sous<\/a>\u00a0(MDSC)<\/p>\n<ul>\n<li><a href=\"http:\/\/www.marchofdimes.ca\/EN\/programs\/hvmp\/Pages\/HomeandVehicle.aspx\" target=\"_blank\" rel=\"noopener noreferrer\">Programme de modification des maisons et des v\u00e9hicule<\/a>:\u00a0<a href=\"https:\/\/www.marchofdimes.ca\/EN\/programs\/hvmp\/Documents\/HVMP_Guidelines_July_2012.pdf\" target=\"_blank\" rel=\"noopener noreferrer\">1. Directives de candidature\u00a0<\/a><a href=\"https:\/\/www.marchofdimes.ca\/EN\/programs\/hvmp\/Documents\/HVMP_Applicant_Assessment_Form_Aug2016.pdf\" target=\"_blank\" rel=\"noopener noreferrer\">2. \u00c9valuation de la demande<\/a><\/li>\n<li><a href=\"http:\/\/www.marchofdimes.ca\/EN\/programs\/adp\/Pages\/Adp.aspx\" target=\"_blank\" rel=\"noopener noreferrer\">Programme d'appareils fonctionnels :<\/a>\u00a0\u00a0<a href=\"http:\/\/www.marchofdimes.ca\/EN\/programs\/adp\/Documents\/ADP-Application-Guide-2017b.pdf\" target=\"_blank\" rel=\"noopener noreferrer\">1. Directives de candidature<\/a>\u00a0<a href=\"http:\/\/www.marchofdimes.ca\/EN\/programs\/adp\/Documents\/ADP-Applicant-Assessment-Form-2017.pdf\" target=\"_blank\" rel=\"noopener noreferrer\">\u00a02. \u00c9valuation des candidatures<\/a><\/li>\n<\/ul>\n<p><a href=\"http:\/\/www.fwrotary.ca\/\" target=\"_blank\" rel=\"noopener noreferrer\">Rotary Club de Thunder Bay<\/a><\/p>","protected":false},"excerpt":{"rendered":"<p>Assistive Devices Program (ADP) Ministry of Health Assistive Devices Program (ADP) Applicant&#8217;s Information Sheet:\u00a0Wheelchairs, Positioning Devices (Seating) and Ambulation (Walking) Aids Application for Funding:\u00a0Mobility Devices ADP Authorized Vendors: Wellwise 285 Memorial Ave Thunder Bay, ON P7B 6H4 Phone: (807) 345-6564 Superior Home Health Care 977 Alloy Dr. Thunder Bay, ON P7B 5Z8 Phone: (807) 623-9110 Motion 1154 Roland St. Thunder &#8230; <a href=\"https:\/\/www.partnersinrehab.ca\/fr\/links\/\" class=\"more-link\">Read More<\/a><\/p>","protected":false},"author":1,"featured_media":396,"parent":0,"menu_order":0,"comment_status":"closed","ping_status":"closed","template":"template-layout-full-width.php","meta":{"footnotes":""},"class_list":["post-103","page","type-page","status-publish","has-post-thumbnail","hentry"],"yoast_head":"<!-- This site is optimized with the Yoast SEO plugin v27.3 - https:\/\/yoast.com\/product\/yoast-seo-wordpress\/ -->\n<title>Partners In Rehab Links - Partners In Rehab<\/title>\n<meta name=\"description\" content=\"Partners In Rehab links you to Ontario&#039;s Assistive Devices Program and its authorized vendors, BIS, funding sources, etc., serving Thunder Bay &amp; District.\" \/>\n<meta name=\"robots\" content=\"index, follow, max-snippet:-1, max-image-preview:large, max-video-preview:-1\" \/>\n<link rel=\"canonical\" href=\"https:\/\/www.partnersinrehab.ca\/fr\/links\/\" \/>\n<meta property=\"og:locale\" content=\"fr_CA\" \/>\n<meta property=\"og:type\" content=\"article\" \/>\n<meta property=\"og:title\" content=\"Partners In Rehab Links - Partners In Rehab\" \/>\n<meta property=\"og:description\" content=\"Partners In Rehab links you to Ontario&#039;s Assistive Devices Program and its authorized vendors, BIS, funding sources, etc., serving Thunder Bay &amp; District.\" \/>\n<meta property=\"og:url\" content=\"https:\/\/www.partnersinrehab.ca\/fr\/links\/\" \/>\n<meta property=\"og:site_name\" content=\"Partners In Rehab\" \/>\n<meta property=\"article:publisher\" content=\"https:\/\/www.facebook.com\/partnersinrehab\/\" \/>\n<meta property=\"article:modified_time\" content=\"2020-01-28T17:05:01+00:00\" \/>\n<meta property=\"og:image\" content=\"https:\/\/www.partnersinrehab.ca\/wp-content\/uploads\/2018\/06\/braininjury-74715253.jpg\" \/>\n\t<meta property=\"og:image:width\" content=\"1800\" \/>\n\t<meta property=\"og:image:height\" content=\"800\" \/>\n\t<meta property=\"og:image:type\" content=\"image\/jpeg\" \/>\n<meta name=\"twitter:card\" content=\"summary_large_image\" \/>\n<meta name=\"twitter:label1\" content=\"Estimation du temps de lecture\" \/>\n\t<meta name=\"twitter:data1\" content=\"1 minute\" \/>\n<script type=\"application\/ld+json\" class=\"yoast-schema-graph\">{\"@context\":\"https:\\\/\\\/schema.org\",\"@graph\":[{\"@type\":\"WebPage\",\"@id\":\"https:\\\/\\\/www.partnersinrehab.ca\\\/links\\\/\",\"url\":\"https:\\\/\\\/www.partnersinrehab.ca\\\/links\\\/\",\"name\":\"Partners In Rehab Links - Partners In Rehab\",\"isPartOf\":{\"@id\":\"https:\\\/\\\/www.partnersinrehab.ca\\\/#website\"},\"primaryImageOfPage\":{\"@id\":\"https:\\\/\\\/www.partnersinrehab.ca\\\/links\\\/#primaryimage\"},\"image\":{\"@id\":\"https:\\\/\\\/www.partnersinrehab.ca\\\/links\\\/#primaryimage\"},\"thumbnailUrl\":\"https:\\\/\\\/www.partnersinrehab.ca\\\/wp-content\\\/uploads\\\/2018\\\/06\\\/braininjury-74715253.jpg\",\"datePublished\":\"2018-05-08T01:52:06+00:00\",\"dateModified\":\"2020-01-28T17:05:01+00:00\",\"description\":\"Partners In Rehab links you to Ontario's Assistive Devices Program and its authorized vendors, BIS, funding sources, etc., serving Thunder Bay & District.\",\"breadcrumb\":{\"@id\":\"https:\\\/\\\/www.partnersinrehab.ca\\\/links\\\/#breadcrumb\"},\"inLanguage\":\"fr-CA\",\"potentialAction\":[{\"@type\":\"ReadAction\",\"target\":[\"https:\\\/\\\/www.partnersinrehab.ca\\\/links\\\/\"]}]},{\"@type\":\"ImageObject\",\"inLanguage\":\"fr-CA\",\"@id\":\"https:\\\/\\\/www.partnersinrehab.ca\\\/links\\\/#primaryimage\",\"url\":\"https:\\\/\\\/www.partnersinrehab.ca\\\/wp-content\\\/uploads\\\/2018\\\/06\\\/braininjury-74715253.jpg\",\"contentUrl\":\"https:\\\/\\\/www.partnersinrehab.ca\\\/wp-content\\\/uploads\\\/2018\\\/06\\\/braininjury-74715253.jpg\",\"width\":1800,\"height\":800,\"caption\":\"partners in rehab links family pole walking in forest\"},{\"@type\":\"BreadcrumbList\",\"@id\":\"https:\\\/\\\/www.partnersinrehab.ca\\\/links\\\/#breadcrumb\",\"itemListElement\":[{\"@type\":\"ListItem\",\"position\":1,\"name\":\"Home\",\"item\":\"https:\\\/\\\/www.partnersinrehab.ca\\\/\"},{\"@type\":\"ListItem\",\"position\":2,\"name\":\"Partners In Rehab Links\"}]},{\"@type\":\"WebSite\",\"@id\":\"https:\\\/\\\/www.partnersinrehab.ca\\\/#website\",\"url\":\"https:\\\/\\\/www.partnersinrehab.ca\\\/\",\"name\":\"Partners In Rehab\",\"description\":\"Community Therapy Services\",\"potentialAction\":[{\"@type\":\"SearchAction\",\"target\":{\"@type\":\"EntryPoint\",\"urlTemplate\":\"https:\\\/\\\/www.partnersinrehab.ca\\\/?s={search_term_string}\"},\"query-input\":{\"@type\":\"PropertyValueSpecification\",\"valueRequired\":true,\"valueName\":\"search_term_string\"}}],\"inLanguage\":\"fr-CA\"}]}<\/script>\n<!-- \/ Yoast SEO plugin. -->","yoast_head_json":{"title":"Partners In Rehab Links - Partners In Rehab","description":"Partners In Rehab links you to Ontario's Assistive Devices Program and its authorized vendors, BIS, funding sources, etc., serving Thunder Bay & District.","robots":{"index":"index","follow":"follow","max-snippet":"max-snippet:-1","max-image-preview":"max-image-preview:large","max-video-preview":"max-video-preview:-1"},"canonical":"https:\/\/www.partnersinrehab.ca\/fr\/links\/","og_locale":"fr_CA","og_type":"article","og_title":"Partners In Rehab Links - Partners In Rehab","og_description":"Partners In Rehab links you to Ontario's Assistive Devices Program and its authorized vendors, BIS, funding sources, etc., serving Thunder Bay & District.","og_url":"https:\/\/www.partnersinrehab.ca\/fr\/links\/","og_site_name":"Partners In Rehab","article_publisher":"https:\/\/www.facebook.com\/partnersinrehab\/","article_modified_time":"2020-01-28T17:05:01+00:00","og_image":[{"width":1800,"height":800,"url":"https:\/\/www.partnersinrehab.ca\/wp-content\/uploads\/2018\/06\/braininjury-74715253.jpg","type":"image\/jpeg"}],"twitter_card":"summary_large_image","twitter_misc":{"Estimation du temps de lecture":"1 minute"},"schema":{"@context":"https:\/\/schema.org","@graph":[{"@type":"WebPage","@id":"https:\/\/www.partnersinrehab.ca\/links\/","url":"https:\/\/www.partnersinrehab.ca\/links\/","name":"Partners In Rehab Links - Partners In Rehab","isPartOf":{"@id":"https:\/\/www.partnersinrehab.ca\/#website"},"primaryImageOfPage":{"@id":"https:\/\/www.partnersinrehab.ca\/links\/#primaryimage"},"image":{"@id":"https:\/\/www.partnersinrehab.ca\/links\/#primaryimage"},"thumbnailUrl":"https:\/\/www.partnersinrehab.ca\/wp-content\/uploads\/2018\/06\/braininjury-74715253.jpg","datePublished":"2018-05-08T01:52:06+00:00","dateModified":"2020-01-28T17:05:01+00:00","description":"Partners In Rehab links you to Ontario's Assistive Devices Program and its authorized vendors, BIS, funding sources, etc., serving Thunder Bay & District.","breadcrumb":{"@id":"https:\/\/www.partnersinrehab.ca\/links\/#breadcrumb"},"inLanguage":"fr-CA","potentialAction":[{"@type":"ReadAction","target":["https:\/\/www.partnersinrehab.ca\/links\/"]}]},{"@type":"ImageObject","inLanguage":"fr-CA","@id":"https:\/\/www.partnersinrehab.ca\/links\/#primaryimage","url":"https:\/\/www.partnersinrehab.ca\/wp-content\/uploads\/2018\/06\/braininjury-74715253.jpg","contentUrl":"https:\/\/www.partnersinrehab.ca\/wp-content\/uploads\/2018\/06\/braininjury-74715253.jpg","width":1800,"height":800,"caption":"partners in rehab links family pole walking in forest"},{"@type":"BreadcrumbList","@id":"https:\/\/www.partnersinrehab.ca\/links\/#breadcrumb","itemListElement":[{"@type":"ListItem","position":1,"name":"Home","item":"https:\/\/www.partnersinrehab.ca\/"},{"@type":"ListItem","position":2,"name":"Partners In Rehab Links"}]},{"@type":"WebSite","@id":"https:\/\/www.partnersinrehab.ca\/#website","url":"https:\/\/www.partnersinrehab.ca\/","name":"Partners In Rehab","description":"Community Therapy Services","potentialAction":[{"@type":"SearchAction","target":{"@type":"EntryPoint","urlTemplate":"https:\/\/www.partnersinrehab.ca\/?s={search_term_string}"},"query-input":{"@type":"PropertyValueSpecification","valueRequired":true,"valueName":"search_term_string"}}],"inLanguage":"fr-CA"}]}},"_links":{"self":[{"href":"https:\/\/www.partnersinrehab.ca\/fr\/wp-json\/wp\/v2\/pages\/103","targetHints":{"allow":["GET"]}}],"collection":[{"href":"https:\/\/www.partnersinrehab.ca\/fr\/wp-json\/wp\/v2\/pages"}],"about":[{"href":"https:\/\/www.partnersinrehab.ca\/fr\/wp-json\/wp\/v2\/types\/page"}],"author":[{"embeddable":true,"href":"https:\/\/www.partnersinrehab.ca\/fr\/wp-json\/wp\/v2\/users\/1"}],"replies":[{"embeddable":true,"href":"https:\/\/www.partnersinrehab.ca\/fr\/wp-json\/wp\/v2\/comments?post=103"}],"version-history":[{"count":6,"href":"https:\/\/www.partnersinrehab.ca\/fr\/wp-json\/wp\/v2\/pages\/103\/revisions"}],"predecessor-version":[{"id":659,"href":"https:\/\/www.partnersinrehab.ca\/fr\/wp-json\/wp\/v2\/pages\/103\/revisions\/659"}],"wp:featuredmedia":[{"embeddable":true,"href":"https:\/\/www.partnersinrehab.ca\/fr\/wp-json\/wp\/v2\/media\/396"}],"wp:attachment":[{"href":"https:\/\/www.partnersinrehab.ca\/fr\/wp-json\/wp\/v2\/media?parent=103"}],"curies":[{"name":"wp","href":"https:\/\/api.w.org\/{rel}","templated":true}]}}